{"id":1640,"date":"2025-05-15T07:50:32","date_gmt":"2025-05-15T07:50:32","guid":{"rendered":"https:\/\/www.sknfastener.com\/?post_type=product&#038;p=1640"},"modified":"2025-05-17T18:17:50","modified_gmt":"2025-05-17T10:17:50","slug":"quick-release-hitch-pins","status":"publish","type":"product","link":"https:\/\/www.sknfastener.com\/pt\/produto\/quick-release-hitch-pins\/","title":{"rendered":"Pino de trava esf\u00e9rica de libera\u00e7\u00e3o r\u00e1pida - tipo oco com al\u00e7a de anel"},"content":{"rendered":"<p class=\"\" data-start=\"594\" data-end=\"904\">Esse pino de engate r\u00e1pido com al\u00e7a de anel foi projetado para aplica\u00e7\u00f5es de alta carga que exigem travamento e libera\u00e7\u00e3o r\u00e1pidos. Sua constru\u00e7\u00e3o compacta e robusta apresenta uma esfera de travamento com mola feita de <strong data-start=\"817\" data-end=\"843\">A\u00e7o endurecido SUS440C<\/strong> (HRC55+), garantindo uma fixa\u00e7\u00e3o segura e um desempenho consistente.<\/p>\n<p class=\"\" data-start=\"906\" data-end=\"1150\">A vers\u00e3o em a\u00e7o carbono LPSS oferece fortes propriedades de tra\u00e7\u00e3o e desempenho econ\u00f4mico para usos mec\u00e2nicos padr\u00e3o. A vers\u00e3o em a\u00e7o inoxid\u00e1vel LPFS \u00e9 resistente \u00e0 corros\u00e3o e adequada para ambientes externos, mar\u00edtimos ou com alta umidade.<\/p>\n<p class=\"\" data-start=\"1152\" data-end=\"1312\">Com uma al\u00e7a de anel f\u00e1cil de usar e um corpo usinado com precis\u00e3o, esse pino \u00e9 ideal para instala\u00e7\u00f5es r\u00e1pidas e tarefas de posicionamento em uma ampla gama de setores.<\/p>\n<h2 class=\"\" data-start=\"1319\" data-end=\"1348\">\u2705 Especifica\u00e7\u00f5es t\u00e9cnicas<\/h2>\n<div class=\"_tableContainer_16hzy_1\">\n<div class=\"_tableWrapper_16hzy_14 group flex w-fit flex-col-reverse\" tabindex=\"-1\">\n<table class=\"w-fit min-w-(--thread-content-width)\" data-start=\"1350\" data-end=\"1697\">\n<thead data-start=\"1350\" data-end=\"1421\">\n<tr data-start=\"1350\" data-end=\"1421\">\n<th data-start=\"1350\" data-end=\"1358\" data-col-size=\"sm\">Modelo<\/th>\n<th data-start=\"1358\" data-end=\"1373\" data-col-size=\"sm\">Bola<\/th>\n<th data-start=\"1373\" data-end=\"1387\" data-col-size=\"sm\">Pino<\/th>\n<th data-start=\"1387\" data-end=\"1402\" data-col-size=\"sm\">Al\u00e7a<\/th>\n<th data-start=\"1402\" data-end=\"1421\" data-col-size=\"sm\">Anel<\/th>\n<\/tr>\n<\/thead>\n<tbody data-start=\"1497\" data-end=\"1697\">\n<tr data-start=\"1497\" data-end=\"1595\">\n<td data-start=\"1497\" data-end=\"1523\" data-col-size=\"sm\"><strong data-start=\"1499\" data-end=\"1507\">LPSS<\/strong> (a\u00e7o carbono)<\/td>\n<td data-col-size=\"sm\" data-start=\"1523\" data-end=\"1541\">SUS440C, HRC55+<\/td>\n<td data-col-size=\"sm\" data-start=\"1541\" data-end=\"1556\">S45C<\/td>\n<td data-col-size=\"sm\" data-start=\"1556\" data-end=\"1572\">S45C<\/td>\n<td data-col-size=\"sm\" data-start=\"1572\" data-end=\"1595\">SWRH, banhado a n\u00edquel<\/td>\n<\/tr>\n<tr data-start=\"1596\" data-end=\"1697\">\n<td data-start=\"1596\" data-end=\"1625\" data-col-size=\"sm\"><strong data-start=\"1598\" data-end=\"1606\">LPFS<\/strong> (A\u00e7o inoxid\u00e1vel)<\/td>\n<td data-col-size=\"sm\" data-start=\"1625\" data-end=\"1643\">SUS440C, HRC55+<\/td>\n<td data-col-size=\"sm\" data-start=\"1643\" data-end=\"1659\">SUS 304<\/td>\n<td data-col-size=\"sm\" data-start=\"1659\" data-end=\"1675\">SUS 304<\/td>\n<td data-col-size=\"sm\" data-start=\"1675\" data-end=\"1697\">SUS 303<\/td>\n<\/tr>\n<\/tbody>\n<\/table>\n<div class=\"sticky end-(--thread-content-margin) h-0 self-end select-none\">\n<div class=\"absolute end-0 flex items-end\">\n<h2 class=\"\" data-start=\"1980\" data-end=\"1997\">\u2705 Aplicativos<\/h2>\n<ul data-start=\"1999\" data-end=\"2200\">\n<li class=\"\" data-start=\"1999\" data-end=\"2030\">\n<p class=\"\" data-start=\"2001\" data-end=\"2030\">Sistemas de troca de moldes e matrizes<\/p>\n<\/li>\n<li class=\"\" data-start=\"2031\" data-end=\"2073\">\n<p class=\"\" data-start=\"2033\" data-end=\"2073\">Pinos de posicionamento para gabaritos e acess\u00f3rios<\/p>\n<\/li>\n<li class=\"\" data-start=\"2074\" data-end=\"2116\">\n<p class=\"\" data-start=\"2076\" data-end=\"2116\">Equipamentos mar\u00edtimos e para barcos (modelo LPFS)<\/p>\n<\/li>\n<li class=\"\" data-start=\"2117\" data-end=\"2157\">\n<p class=\"\" data-start=\"2119\" data-end=\"2157\">M\u00e1quinas industriais e travas de estrutura<\/p>\n<\/li>\n<li class=\"\" data-start=\"2158\" data-end=\"2200\">\n<p class=\"\" data-start=\"2160\" data-end=\"2200\">Configura\u00e7\u00f5es de manuten\u00e7\u00e3o e ferramentas aeroespaciais<\/p>\n<\/li>\n<\/ul>\n<hr class=\"\" data-start=\"2202\" data-end=\"2205\" \/>\n<h2 class=\"\" data-start=\"2207\" data-end=\"2231\">Recursos e benef\u00edcios<\/h2>\n<ul data-start=\"2233\" data-end=\"2625\">\n<li class=\"\" data-start=\"2233\" data-end=\"2294\">\n<p class=\"\" data-start=\"2235\" data-end=\"2294\"><strong data-start=\"2238\" data-end=\"2272\">Instala\u00e7\u00e3o e remo\u00e7\u00e3o r\u00e1pidas<\/strong> - N\u00e3o s\u00e3o necess\u00e1rias ferramentas<\/p>\n<\/li>\n<li class=\"\" data-start=\"2295\" data-end=\"2365\">\n<p class=\"\" data-start=\"2297\" data-end=\"2365\">\ufe0f <strong data-start=\"2301\" data-end=\"2334\">Esfera de travamento SUS440C endurecida<\/strong> - Resistente ao desgaste e dur\u00e1vel<\/p>\n<\/li>\n<li class=\"\" data-start=\"2366\" data-end=\"2431\">\n<p class=\"\" data-start=\"2368\" data-end=\"2431\"><strong data-start=\"2371\" data-end=\"2395\">Design com mola<\/strong> - fixa\u00e7\u00e3o segura com libera\u00e7\u00e3o suave<\/p>\n<\/li>\n<li class=\"\" data-start=\"2432\" data-end=\"2498\">\n<p class=\"\" data-start=\"2434\" data-end=\"2498\"><strong data-start=\"2437\" data-end=\"2461\">Op\u00e7\u00e3o LPFS (SUS304)<\/strong> - ideal para uso externo e mar\u00edtimo<\/p>\n<\/li>\n<li class=\"\" data-start=\"2499\" data-end=\"2576\">\n<p class=\"\" data-start=\"2501\" data-end=\"2576\"><strong data-start=\"2504\" data-end=\"2526\">Op\u00e7\u00e3o LPSS (S45C)<\/strong> - econ\u00f4mico para ambientes industriais internos<\/p>\n<\/li>\n<li class=\"\" data-start=\"2577\" data-end=\"2625\">\n<p class=\"\" data-start=\"2579\" data-end=\"2625\"><strong data-start=\"2582\" data-end=\"2625\">Compat\u00edvel com OEM\/ODM e grava\u00e7\u00e3o de logotipo a laser<\/strong><\/p>\n<\/li>\n<\/ul>\n<hr class=\"\" data-start=\"2627\" data-end=\"2630\" \/>\n<h2 class=\"\" data-start=\"2632\" data-end=\"2657\">Informa\u00e7\u00f5es sobre pedidos<\/h2>\n<p class=\"\" data-start=\"2659\" data-end=\"2712\">Especifique os seguintes itens ao solicitar uma cota\u00e7\u00e3o:<\/p>\n<ul data-start=\"2713\" data-end=\"2892\">\n<li class=\"\" data-start=\"2713\" data-end=\"2736\">\n<p class=\"\" data-start=\"2715\" data-end=\"2736\">Modelo: LPSS ou LPFS<\/p>\n<\/li>\n<li class=\"\" data-start=\"2737\" data-end=\"2777\">\n<p class=\"\" data-start=\"2739\" data-end=\"2777\">Di\u00e2metro do pino (D): por exemplo, 8 mm \/ 10 mm<\/p>\n<\/li>\n<li class=\"\" data-start=\"2778\" data-end=\"2819\">\n<p class=\"\" data-start=\"2780\" data-end=\"2819\">Comprimento total (L): por exemplo, 50 mm \/ 80 mm<\/p>\n<\/li>\n<li class=\"\" data-start=\"2820\" data-end=\"2832\">\n<p class=\"\" data-start=\"2822\" data-end=\"2832\">Quantidade<\/p>\n<\/li>\n<li class=\"\" data-start=\"2833\" data-end=\"2892\">\n<p class=\"\" data-start=\"2835\" data-end=\"2892\">Toler\u00e2ncia, acabamento de superf\u00edcie ou embalagem personalizados (se necess\u00e1rio)<\/p>\n<\/li>\n<\/ul>\n<\/div>\n<\/div>\n<\/div>\n<\/div>","protected":false},"excerpt":{"rendered":"<p>Pinos de engate de libera\u00e7\u00e3o r\u00e1pida projetados para oferecer for\u00e7a, resist\u00eancia \u00e0 corros\u00e3o e opera\u00e7\u00e3o r\u00e1pida. Dispon\u00edvel em variantes de a\u00e7o inoxid\u00e1vel ou a\u00e7o carbono, ideal para ferramentas, configura\u00e7\u00f5es de moldes e aplica\u00e7\u00f5es mar\u00edtimas<\/p>","protected":false},"featured_media":1802,"comment_status":"closed","ping_status":"closed","template":"","meta":{"site-sidebar-layout":"default","site-content-layout":"","ast-site-content-layout":"default","site-content-style":"default","site-sidebar-style":"default","ast-global-header-display":"","ast-banner-title-visibility":"","ast-main-header-display":"","ast-hfb-above-header-display":"","ast-hfb-below-header-display":"","ast-hfb-mobile-header-display":"","site-post-title":"","ast-breadcrumbs-content":"","ast-featured-img":"","footer-sml-layout":"","ast-disable-related-posts":"","theme-transparent-header-meta":"default","adv-header-id-meta":"","stick-header-meta":"","header-above-stick-meta":"","header-main-stick-meta":"","header-below-stick-meta":"","astra-migrate-meta-layouts":"set","ast-page-background-enabled":"default","ast-page-background-meta":{"desktop":{"background-color":"var(--ast-global-color-4)","background-image":"","background-repeat":"repeat","background-position":"center center","background-size":"auto","background-attachment":"scroll","background-type":"","background-media":"","overlay-type":"","overlay-color":"","overlay-opacity":"","overlay-gradient":""},"tablet":{"background-color":"","background-image":"","background-repeat":"repeat","background-position":"center center","background-size":"auto","background-attachment":"scroll","background-type":"","background-media":"","overlay-type":"","overlay-color":"","overlay-opacity":"","overlay-gradient":""},"mobile":{"background-color":"","background-image":"","background-repeat":"repeat","background-position":"center center","background-size":"auto","background-attachment":"scroll","background-type":"","background-media":"","overlay-type":"","overlay-color":"","overlay-opacity":"","overlay-gradient":""}},"ast-content-background-meta":{"desktop":{"background-color":"var(--ast-global-color-5)","background-image":"","background-repeat":"repeat","background-position":"center center","background-size":"auto","background-attachment":"scroll","background-type":"","background-media":"","overlay-type":"","overlay-color":"","overlay-opacity":"","overlay-gradient":""},"tablet":{"background-color":"var(--ast-global-color-5)","background-image":"","background-repeat":"repeat","background-position":"center center","background-size":"auto","background-attachment":"scroll","background-type":"","background-media":"","overlay-type":"","overlay-color":"","overlay-opacity":"","overlay-gradient":""},"mobile":{"background-color":"var(--ast-global-color-5)","background-image":"","background-repeat":"repeat","background-position":"center center","background-size":"auto","background-attachment":"scroll","background-type":"","background-media":"","overlay-type":"","overlay-color":"","overlay-opacity":"","overlay-gradient":""}}},"product_brand":[],"product_cat":[19],"product_tag":[],"class_list":{"0":"post-1640","1":"product","2":"type-product","3":"status-publish","4":"has-post-thumbnail","6":"product_cat-fasteners","8":"first","9":"instock","10":"shipping-taxable","11":"product-type-simple"},"_links":{"self":[{"href":"https:\/\/www.sknfastener.com\/pt\/wp-json\/wp\/v2\/product\/1640","targetHints":{"allow":["GET"]}}],"collection":[{"href":"https:\/\/www.sknfastener.com\/pt\/wp-json\/wp\/v2\/product"}],"about":[{"href":"https:\/\/www.sknfastener.com\/pt\/wp-json\/wp\/v2\/types\/product"}],"replies":[{"embeddable":true,"href":"https:\/\/www.sknfastener.com\/pt\/wp-json\/wp\/v2\/comments?post=1640"}],"version-history":[{"count":2,"href":"https:\/\/www.sknfastener.com\/pt\/wp-json\/wp\/v2\/product\/1640\/revisions"}],"predecessor-version":[{"id":1840,"href":"https:\/\/www.sknfastener.com\/pt\/wp-json\/wp\/v2\/product\/1640\/revisions\/1840"}],"wp:featuredmedia":[{"embeddable":true,"href":"https:\/\/www.sknfastener.com\/pt\/wp-json\/wp\/v2\/media\/1802"}],"wp:attachment":[{"href":"https:\/\/www.sknfastener.com\/pt\/wp-json\/wp\/v2\/media?parent=1640"}],"wp:term":[{"taxonomy":"product_brand","embeddable":true,"href":"https:\/\/www.sknfastener.com\/pt\/wp-json\/wp\/v2\/product_brand?post=1640"},{"taxonomy":"product_cat","embeddable":true,"href":"https:\/\/www.sknfastener.com\/pt\/wp-json\/wp\/v2\/product_cat?post=1640"},{"taxonomy":"product_tag","embeddable":true,"href":"https:\/\/www.sknfastener.com\/pt\/wp-json\/wp\/v2\/product_tag?post=1640"}],"curies":[{"name":"wp","href":"https:\/\/api.w.org\/{rel}","templated":true}]}}