{"id":1661,"date":"2025-05-15T08:22:43","date_gmt":"2025-05-15T08:22:43","guid":{"rendered":"https:\/\/www.sknfastener.com\/?post_type=product&#038;p=1661"},"modified":"2025-05-17T16:47:33","modified_gmt":"2025-05-17T08:47:33","slug":"quick-release-pin-manufacturers","status":"publish","type":"product","link":"https:\/\/www.sknfastener.com\/pt\/produto\/quick-release-pin-manufacturers\/","title":{"rendered":"fabricantes de pinos de libera\u00e7\u00e3o r\u00e1pida"},"content":{"rendered":"<p class=\"\" data-start=\"621\" data-end=\"915\">Fabricantes de pinos de libera\u00e7\u00e3o r\u00e1pida: esse pino de trava esf\u00e9rica \u00e9 um <strong data-start=\"636\" data-end=\"685\">Pino de trava esf\u00e9rica de libera\u00e7\u00e3o r\u00e1pida tipo bot\u00e3o de press\u00e3o<\/strong> projetado para fixa\u00e7\u00e3o r\u00e1pida, repet\u00edvel e sem ferramentas em sistemas industriais e mec\u00e2nicos. O pino combina um <strong data-start=\"798\" data-end=\"823\">eixo de a\u00e7o inoxid\u00e1vel<\/strong> com um <strong data-start=\"831\" data-end=\"868\">Al\u00e7a de liga de alum\u00ednio leve<\/strong>O sistema de controle de qualidade \u00e9 um sistema de controle de qualidade que \u00e9 ergonomicamente contornado para uma opera\u00e7\u00e3o suave.<\/p>\n<p class=\"\" data-start=\"917\" data-end=\"1200\">Internamente, uma mola de a\u00e7o inoxid\u00e1vel garante uma atua\u00e7\u00e3o consistente, enquanto <strong data-start=\"990\" data-end=\"1029\">esferas de travamento de a\u00e7o carbono endurecido<\/strong> proporcionam alta for\u00e7a de reten\u00e7\u00e3o depois de inseridas. A parte superior do bot\u00e3o (dispon\u00edvel em v\u00e1rias cores) ativa um mecanismo com mola que retrai as esferas para remo\u00e7\u00e3o instant\u00e2nea.<\/p>\n<p class=\"\" data-start=\"1202\" data-end=\"1371\">Esse modelo \u00e9 comumente usado em <strong data-start=\"1233\" data-end=\"1304\">gabaritos, acess\u00f3rios, rob\u00f3tica, ferramentas aeroespaciais e sistemas automotivos<\/strong>-onde \u00e9 necess\u00e1rio o engate frequente do pino sob vibra\u00e7\u00e3o ou carga.<\/p>\n<h2 class=\"\" data-start=\"1378\" data-end=\"1397\">Especifica\u00e7\u00f5es<\/h2>\n<div class=\"_tableContainer_16hzy_1\">\n<div class=\"_tableWrapper_16hzy_14 group flex w-fit flex-col-reverse\" tabindex=\"-1\">\n<table class=\"w-fit min-w-(--thread-content-width)\" data-start=\"1399\" data-end=\"1702\">\n<thead data-start=\"1399\" data-end=\"1434\">\n<tr data-start=\"1399\" data-end=\"1434\">\n<th data-start=\"1399\" data-end=\"1411\" data-col-size=\"sm\">Componente<\/th>\n<th data-start=\"1411\" data-end=\"1434\" data-col-size=\"sm\">Material<\/th>\n<\/tr>\n<\/thead>\n<tbody data-start=\"1470\" data-end=\"1702\">\n<tr data-start=\"1470\" data-end=\"1504\">\n<td data-start=\"1470\" data-end=\"1481\" data-col-size=\"sm\">Pino<\/td>\n<td data-col-size=\"sm\" data-start=\"1481\" data-end=\"1504\">A\u00e7o inoxid\u00e1vel 304<\/td>\n<\/tr>\n<tr data-start=\"1505\" data-end=\"1539\">\n<td data-start=\"1505\" data-end=\"1516\" data-col-size=\"sm\">Primavera<\/td>\n<td data-start=\"1516\" data-end=\"1539\" data-col-size=\"sm\">A\u00e7o inoxid\u00e1vel 304<\/td>\n<\/tr>\n<tr data-start=\"1540\" data-end=\"1580\">\n<td data-start=\"1540\" data-end=\"1551\" data-col-size=\"sm\">Al\u00e7a<\/td>\n<td data-start=\"1551\" data-end=\"1580\" data-col-size=\"sm\">Liga de alum\u00ednio (anodizado)<\/td>\n<\/tr>\n<tr data-start=\"1581\" data-end=\"1617\">\n<td data-start=\"1581\" data-end=\"1592\" data-col-size=\"sm\">Bola<\/td>\n<td data-start=\"1592\" data-end=\"1617\" data-col-size=\"sm\">A\u00e7o carbono endurecido<\/td>\n<\/tr>\n<tr data-start=\"1618\" data-end=\"1662\">\n<td data-start=\"1618\" data-end=\"1629\" data-col-size=\"sm\">Bot\u00e3o<\/td>\n<td data-col-size=\"sm\" data-start=\"1629\" data-end=\"1662\">A\u00e7o inoxid\u00e1vel (com c\u00f3digo de cores)<\/td>\n<\/tr>\n<tr data-start=\"1663\" data-end=\"1702\">\n<td data-start=\"1663\" data-end=\"1674\" data-col-size=\"sm\">Anel<\/td>\n<td data-start=\"1674\" data-end=\"1702\" data-col-size=\"sm\">A\u00e7o inoxid\u00e1vel (opcional)<\/td>\n<\/tr>\n<\/tbody>\n<\/table>\n<div class=\"sticky end-(--thread-content-margin) h-0 self-end select-none\">\n<div class=\"absolute end-0 flex items-end\"><\/div>\n<\/div>\n<\/div>\n<\/div>\n<ul data-start=\"1704\" data-end=\"1959\">\n<li class=\"\" data-start=\"1704\" data-end=\"1744\">\n<p class=\"\" data-start=\"1706\" data-end=\"1744\"><strong data-start=\"1706\" data-end=\"1728\">Faixa de di\u00e2metro (A)<\/strong>: 5 mm - 16 mm<\/p>\n<\/li>\n<li class=\"\" data-start=\"1745\" data-end=\"1784\">\n<p class=\"\" data-start=\"1747\" data-end=\"1784\"><strong data-start=\"1747\" data-end=\"1766\">Comprimento do punho (L)<\/strong>: 10 mm - 100 mm<\/p>\n<\/li>\n<li class=\"\" data-start=\"1785\" data-end=\"1838\">\n<p class=\"\" data-start=\"1787\" data-end=\"1838\"><strong data-start=\"1787\" data-end=\"1804\">Acabamento da al\u00e7a<\/strong>: Preto ou cor anodizada personalizada<\/p>\n<\/li>\n<li class=\"\" data-start=\"1839\" data-end=\"1867\">\n<p class=\"\" data-start=\"1841\" data-end=\"1867\"><strong data-start=\"1841\" data-end=\"1855\">Toler\u00e2ncias<\/strong>: \u00b10,05 mm<\/p>\n<\/li>\n<li class=\"\" data-start=\"1868\" data-end=\"1910\">\n<p class=\"\" data-start=\"1870\" data-end=\"1910\"><strong data-start=\"1870\" data-end=\"1888\">Vida \u00fatil operacional<\/strong>: Mais de 10.000 ciclos<\/p>\n<\/li>\n<li class=\"\" data-start=\"1911\" data-end=\"1959\">\n<p class=\"\" data-start=\"1913\" data-end=\"1959\"><strong data-start=\"1913\" data-end=\"1931\">Acabamento da superf\u00edcie<\/strong>: Natural \/ Escovado \/ Personalizado<\/p>\n<\/li>\n<\/ul>\n<p class=\"\" data-start=\"1961\" data-end=\"2040\"><em data-start=\"1964\" data-end=\"2040\">Tamanhos personalizados, op\u00e7\u00f5es de rosca, cores de bot\u00f5es e grava\u00e7\u00e3o de logotipo dispon\u00edveis.<\/em><\/p>\n<hr class=\"\" data-start=\"2042\" data-end=\"2045\" \/>\n<h2 class=\"\" data-start=\"2047\" data-end=\"2079\">Refer\u00eancia de desenho t\u00e9cnico<\/h2>\n<p class=\"\" data-start=\"2081\" data-end=\"2161\">O produto segue uma estrutura simples de al\u00e7a em L com par\u00e2metros dimensionais importantes:<\/p>\n<ul data-start=\"2163\" data-end=\"2316\">\n<li class=\"\" data-start=\"2163\" data-end=\"2186\">\n<p class=\"\" data-start=\"2165\" data-end=\"2186\"><strong data-start=\"2165\" data-end=\"2170\">A<\/strong>: Di\u00e2metro do pino<\/p>\n<\/li>\n<li class=\"\" data-start=\"2187\" data-end=\"2211\">\n<p class=\"\" data-start=\"2189\" data-end=\"2211\"><strong data-start=\"2189\" data-end=\"2194\">L<\/strong>: Comprimento utiliz\u00e1vel<\/p>\n<\/li>\n<li class=\"\" data-start=\"2212\" data-end=\"2267\">\n<p class=\"\" data-start=\"2214\" data-end=\"2267\"><strong data-start=\"2214\" data-end=\"2225\">B, C, D<\/strong>: Cabe\u00e7a esf\u00e9rica, base do eixo e \u00e1rea do bot\u00e3o<\/p>\n<\/li>\n<li class=\"\" data-start=\"2268\" data-end=\"2316\">\n<p class=\"\" data-start=\"2270\" data-end=\"2316\"><strong data-start=\"2270\" data-end=\"2278\">H, J<\/strong>: Dimens\u00f5es da al\u00e7a para maior ader\u00eancia e conforto<\/p>\n<\/li>\n<\/ul>\n<p class=\"\" data-start=\"2318\" data-end=\"2378\">Desenhos CAD e arquivos STEP podem ser fornecidos para integra\u00e7\u00e3o.<\/p>\n<hr class=\"\" data-start=\"2380\" data-end=\"2383\" \/>\n<h2 class=\"\" data-start=\"2385\" data-end=\"2402\">\u2705 Aplicativos<\/h2>\n<ul data-start=\"2404\" data-end=\"2568\">\n<li class=\"\" data-start=\"2404\" data-end=\"2435\">\n<p class=\"\" data-start=\"2406\" data-end=\"2435\">Sistemas de troca de moldes e matrizes<\/p>\n<\/li>\n<li class=\"\" data-start=\"2436\" data-end=\"2465\">\n<p class=\"\" data-start=\"2438\" data-end=\"2465\">Garras e bra\u00e7os rob\u00f3ticos<\/p>\n<\/li>\n<li class=\"\" data-start=\"2466\" data-end=\"2496\">\n<p class=\"\" data-start=\"2468\" data-end=\"2496\">Posicionamento de ferramentas aeroespaciais<\/p>\n<\/li>\n<li class=\"\" data-start=\"2497\" data-end=\"2524\">\n<p class=\"\" data-start=\"2499\" data-end=\"2524\">Bloqueio de fixa\u00e7\u00e3o modular<\/p>\n<\/li>\n<li class=\"\" data-start=\"2525\" data-end=\"2568\">\n<p class=\"\" data-start=\"2527\" data-end=\"2568\">Plataformas de montagem e teste automotivo<\/p>\n<\/li>\n<\/ul>\n<hr class=\"\" data-start=\"2570\" data-end=\"2573\" \/>\n<h2 class=\"\" data-start=\"2575\" data-end=\"2599\">Recursos e benef\u00edcios<\/h2>\n<ul data-start=\"2601\" data-end=\"2909\">\n<li class=\"\" data-start=\"2601\" data-end=\"2661\">\n<p class=\"\" data-start=\"2603\" data-end=\"2661\"><strong data-start=\"2606\" data-end=\"2629\">Libera\u00e7\u00e3o por bot\u00e3o de press\u00e3o<\/strong> com travamento seguro de esfera dupla<\/p>\n<\/li>\n<li class=\"\" data-start=\"2662\" data-end=\"2722\">\n<p class=\"\" data-start=\"2664\" data-end=\"2722\"><strong data-start=\"2667\" data-end=\"2690\">Opera\u00e7\u00e3o sem ferramentas<\/strong>ideal para configura\u00e7\u00f5es de troca r\u00e1pida<\/p>\n<\/li>\n<li class=\"\" data-start=\"2723\" data-end=\"2779\">\n<p class=\"\" data-start=\"2725\" data-end=\"2779\">\ufe0f <strong data-start=\"2729\" data-end=\"2768\">Eixo inoxid\u00e1vel resistente \u00e0 corros\u00e3o<\/strong> (SUS304)<\/p>\n<\/li>\n<li class=\"\" data-start=\"2780\" data-end=\"2850\">\n<p class=\"\" data-start=\"2782\" data-end=\"2850\"><strong data-start=\"2785\" data-end=\"2816\">Cabo anodizado leve<\/strong>f\u00e1cil de identificar ou codificar por cores<\/p>\n<\/li>\n<li class=\"\" data-start=\"2851\" data-end=\"2909\">\n<p class=\"\" data-start=\"2853\" data-end=\"2909\">\ufe0f Compat\u00edvel com comprimentos, cores e materiais personalizados para a empunhadura<\/p>\n<\/li>\n<\/ul>\n<hr class=\"\" data-start=\"2911\" data-end=\"2914\" \/>\n<h2 class=\"\" data-start=\"2916\" data-end=\"2941\">Informa\u00e7\u00f5es sobre pedidos<\/h2>\n<p class=\"\" data-start=\"2943\" data-end=\"2983\">Ao enviar uma consulta, inclua:<\/p>\n<ul data-start=\"2984\" data-end=\"3183\">\n<li class=\"\" data-start=\"2984\" data-end=\"3022\">\n<p class=\"\" data-start=\"2986\" data-end=\"3022\">Di\u00e2metro do pino (A) e comprimento do punho (L)<\/p>\n<\/li>\n<li class=\"\" data-start=\"3023\" data-end=\"3035\">\n<p class=\"\" data-start=\"3025\" data-end=\"3035\">Quantidade<\/p>\n<\/li>\n<li class=\"\" data-start=\"3036\" data-end=\"3088\">\n<p class=\"\" data-start=\"3038\" data-end=\"3088\">Cor preferida da al\u00e7a (preta, azul, dourada, etc.)<\/p>\n<\/li>\n<li class=\"\" data-start=\"3089\" data-end=\"3148\">\n<p class=\"\" data-start=\"3091\" data-end=\"3148\">Opcional: logotipo personalizado, marca\u00e7\u00e3o a laser ou anel de acess\u00f3rios<\/p>\n<\/li>\n<li class=\"\" data-start=\"3149\" data-end=\"3183\">\n<p class=\"\" data-start=\"3151\" data-end=\"3183\">Requisitos de embalagem ou exporta\u00e7\u00e3o<\/p>\n<\/li>\n<\/ul>","protected":false},"excerpt":{"rendered":"<p><strong data-start=\"351\" data-end=\"415\">Os fabricantes de pinos de libera\u00e7\u00e3o r\u00e1pida produzem pinos de libera\u00e7\u00e3o r\u00e1pida com al\u00e7a de alum\u00ednio com bot\u00e3o de press\u00e3o<\/strong>ideal para ferramentas, montagem e aplica\u00e7\u00f5es aeroespaciais. Fabricado em a\u00e7o inoxid\u00e1vel de alta qualidade. <strong data-start=\"512\" data-end=\"588\">Dispon\u00edvel em di\u00e2metros, comprimentos de empunhadura e materiais personalizados, mediante solicita\u00e7\u00e3o.<\/strong><\/p>","protected":false},"featured_media":1811,"comment_status":"closed","ping_status":"closed","template":"","meta":{"site-sidebar-layout":"default","site-content-layout":"","ast-site-content-layout":"default","site-content-style":"default","site-sidebar-style":"default","ast-global-header-display":"","ast-banner-title-visibility":"","ast-main-header-display":"","ast-hfb-above-header-display":"","ast-hfb-below-header-display":"","ast-hfb-mobile-header-display":"","site-post-title":"","ast-breadcrumbs-content":"","ast-featured-img":"","footer-sml-layout":"","ast-disable-related-posts":"","theme-transparent-header-meta":"default","adv-header-id-meta":"","stick-header-meta":"","header-above-stick-meta":"","header-main-stick-meta":"","header-below-stick-meta":"","astra-migrate-meta-layouts":"set","ast-page-background-enabled":"default","ast-page-background-meta":{"desktop":{"background-color":"var(--ast-global-color-4)","background-image":"","background-repeat":"repeat","background-position":"center center","background-size":"auto","background-attachment":"scroll","background-type":"","background-media":"","overlay-type":"","overlay-color":"","overlay-opacity":"","overlay-gradient":""},"tablet":{"background-color":"","background-image":"","background-repeat":"repeat","background-position":"center center","background-size":"auto","background-attachment":"scroll","background-type":"","background-media":"","overlay-type":"","overlay-color":"","overlay-opacity":"","overlay-gradient":""},"mobile":{"background-color":"","background-image":"","background-repeat":"repeat","background-position":"center center","background-size":"auto","background-attachment":"scroll","background-type":"","background-media":"","overlay-type":"","overlay-color":"","overlay-opacity":"","overlay-gradient":""}},"ast-content-background-meta":{"desktop":{"background-color":"var(--ast-global-color-5)","background-image":"","background-repeat":"repeat","background-position":"center center","background-size":"auto","background-attachment":"scroll","background-type":"","background-media":"","overlay-type":"","overlay-color":"","overlay-opacity":"","overlay-gradient":""},"tablet":{"background-color":"var(--ast-global-color-5)","background-image":"","background-repeat":"repeat","background-position":"center center","background-size":"auto","background-attachment":"scroll","background-type":"","background-media":"","overlay-type":"","overlay-color":"","overlay-opacity":"","overlay-gradient":""},"mobile":{"background-color":"var(--ast-global-color-5)","background-image":"","background-repeat":"repeat","background-position":"center center","background-size":"auto","background-attachment":"scroll","background-type":"","background-media":"","overlay-type":"","overlay-color":"","overlay-opacity":"","overlay-gradient":""}}},"product_brand":[],"product_cat":[19],"product_tag":[],"class_list":{"0":"post-1661","1":"product","2":"type-product","3":"status-publish","4":"has-post-thumbnail","6":"product_cat-fasteners","8":"first","9":"instock","10":"shipping-taxable","11":"product-type-simple"},"_links":{"self":[{"href":"https:\/\/www.sknfastener.com\/pt\/wp-json\/wp\/v2\/product\/1661","targetHints":{"allow":["GET"]}}],"collection":[{"href":"https:\/\/www.sknfastener.com\/pt\/wp-json\/wp\/v2\/product"}],"about":[{"href":"https:\/\/www.sknfastener.com\/pt\/wp-json\/wp\/v2\/types\/product"}],"replies":[{"embeddable":true,"href":"https:\/\/www.sknfastener.com\/pt\/wp-json\/wp\/v2\/comments?post=1661"}],"version-history":[{"count":1,"href":"https:\/\/www.sknfastener.com\/pt\/wp-json\/wp\/v2\/product\/1661\/revisions"}],"predecessor-version":[{"id":1835,"href":"https:\/\/www.sknfastener.com\/pt\/wp-json\/wp\/v2\/product\/1661\/revisions\/1835"}],"wp:featuredmedia":[{"embeddable":true,"href":"https:\/\/www.sknfastener.com\/pt\/wp-json\/wp\/v2\/media\/1811"}],"wp:attachment":[{"href":"https:\/\/www.sknfastener.com\/pt\/wp-json\/wp\/v2\/media?parent=1661"}],"wp:term":[{"taxonomy":"product_brand","embeddable":true,"href":"https:\/\/www.sknfastener.com\/pt\/wp-json\/wp\/v2\/product_brand?post=1661"},{"taxonomy":"product_cat","embeddable":true,"href":"https:\/\/www.sknfastener.com\/pt\/wp-json\/wp\/v2\/product_cat?post=1661"},{"taxonomy":"product_tag","embeddable":true,"href":"https:\/\/www.sknfastener.com\/pt\/wp-json\/wp\/v2\/product_tag?post=1661"}],"curies":[{"name":"wp","href":"https:\/\/api.w.org\/{rel}","templated":true}]}}