{"id":1669,"date":"2025-05-15T08:32:19","date_gmt":"2025-05-15T08:32:19","guid":{"rendered":"https:\/\/www.sknfastener.com\/?post_type=product&#038;p=1669"},"modified":"2025-05-15T08:32:19","modified_gmt":"2025-05-15T08:32:19","slug":"stainless-steel-quick-release-pin-2","status":"publish","type":"product","link":"https:\/\/www.sknfastener.com\/pt\/produto\/stainless-steel-quick-release-pin-2\/","title":{"rendered":"Pino de libera\u00e7\u00e3o r\u00e1pida de a\u00e7o inoxid\u00e1vel"},"content":{"rendered":"<p class=\"\" data-start=\"525\" data-end=\"830\">Esse pino de libera\u00e7\u00e3o r\u00e1pida de a\u00e7o inoxid\u00e1vel oferece uma solu\u00e7\u00e3o compacta e simples para aplica\u00e7\u00f5es que exigem montagem ou posicionamento r\u00e1pido e sem ferramentas. Ele apresenta um <strong data-start=\"685\" data-end=\"731\">pino ranhurado com um mecanismo de mola de retorno<\/strong> e um <strong data-start=\"738\" data-end=\"759\">al\u00e7a de anel redondo<\/strong>permitindo que o usu\u00e1rio puxe e solte o pino rapidamente com uma s\u00f3 m\u00e3o.<\/p>\n<p class=\"\" data-start=\"832\" data-end=\"1086\">Fabricado com <strong data-start=\"845\" data-end=\"879\">a\u00e7o inoxid\u00e1vel 304 de alta qualidade<\/strong>Por ser resistente \u00e0 ferrugem e ao desgaste, esse pino \u00e9 adequado para uso em ambientes internos e externos. O anel integrado pode ser usado para fixa\u00e7\u00e3o em amarras, cabos de seguran\u00e7a ou simplesmente para facilitar a ader\u00eancia e a opera\u00e7\u00e3o.<\/p>\n<p class=\"\" data-start=\"1088\" data-end=\"1301\">Esse design \u00e9 particularmente adequado para <strong data-start=\"1127\" data-end=\"1151\">Fixa\u00e7\u00e3o para servi\u00e7os leves<\/strong>O material \u00e9 usado em componentes mec\u00e2nicos pequenos, pain\u00e9is ou alinhamento de acess\u00f3rios port\u00e1teis. Ele tamb\u00e9m \u00e9 usado com frequ\u00eancia em equipamentos recreativos, travas e acess\u00f3rios mar\u00edtimos.<\/p>\n<h2 class=\"\" data-start=\"1308\" data-end=\"1335\">\u2705 Especifica\u00e7\u00f5es do produto<\/h2>\n<ul data-start=\"1337\" data-end=\"1817\">\n<li class=\"\" data-start=\"1337\" data-end=\"1374\">\n<p class=\"\" data-start=\"1339\" data-end=\"1374\"><strong data-start=\"1339\" data-end=\"1351\">Material<\/strong>: A\u00e7o inoxid\u00e1vel 304<\/p>\n<\/li>\n<li class=\"\" data-start=\"1375\" data-end=\"1432\">\n<p class=\"\" data-start=\"1377\" data-end=\"1432\"><strong data-start=\"1377\" data-end=\"1387\">Design<\/strong>: Pino ranhurado com mola helicoidal e ponta plana<\/p>\n<\/li>\n<li class=\"\" data-start=\"1433\" data-end=\"1481\">\n<p class=\"\" data-start=\"1435\" data-end=\"1481\"><strong data-start=\"1435\" data-end=\"1448\">Tipo de anel<\/strong>: Chaveiro redondo, n\u00e3o remov\u00edvel<\/p>\n<\/li>\n<li class=\"\" data-start=\"1482\" data-end=\"1539\">\n<p class=\"\" data-start=\"1484\" data-end=\"1539\"><strong data-start=\"1484\" data-end=\"1495\">Superf\u00edcie<\/strong>: Polido \/ Passivado \/ Fosco (opcional)<\/p>\n<\/li>\n<li class=\"\" data-start=\"1540\" data-end=\"1579\">\n<p class=\"\" data-start=\"1542\" data-end=\"1579\"><strong data-start=\"1542\" data-end=\"1564\">Faixa de di\u00e2metro do pino<\/strong>: 2 mm - 8 mm<\/p>\n<\/li>\n<li class=\"\" data-start=\"1580\" data-end=\"1617\">\n<p class=\"\" data-start=\"1582\" data-end=\"1617\"><strong data-start=\"1582\" data-end=\"1600\">Comprimento total<\/strong>: 30 mm - 80 mm<\/p>\n<\/li>\n<li class=\"\" data-start=\"1618\" data-end=\"1654\">\n<p class=\"\" data-start=\"1620\" data-end=\"1654\"><strong data-start=\"1620\" data-end=\"1637\">Di\u00e2metro do anel<\/strong>: 20 mm - 35 mm<\/p>\n<\/li>\n<li class=\"\" data-start=\"1655\" data-end=\"1682\">\n<p class=\"\" data-start=\"1657\" data-end=\"1682\"><strong data-start=\"1657\" data-end=\"1670\">Toler\u00e2ncia<\/strong>: \u00b10,05 mm<\/p>\n<\/li>\n<li class=\"\" data-start=\"1683\" data-end=\"1751\">\n<p class=\"\" data-start=\"1685\" data-end=\"1751\"><strong data-start=\"1685\" data-end=\"1703\">Op\u00e7\u00f5es de acabamento<\/strong>: Escovado, polido com espelho ou eletropolido<\/p>\n<\/li>\n<li class=\"\" data-start=\"1752\" data-end=\"1817\">\n<p class=\"\" data-start=\"1754\" data-end=\"1817\"><strong data-start=\"1754\" data-end=\"1772\">Op\u00e7\u00f5es personalizadas<\/strong>: Logotipo do OEM, embalagem, formato do anel e comprimento<\/p>\n<\/li>\n<\/ul>\n<p class=\"\" data-start=\"1819\" data-end=\"1876\"> Desenhos CAD ou dados t\u00e9cnicos dispon\u00edveis mediante solicita\u00e7\u00e3o.<\/p>\n<hr class=\"\" data-start=\"1878\" data-end=\"1881\" \/>\n<h2 class=\"\" data-start=\"1883\" data-end=\"1908\">\u2705 Aplica\u00e7\u00f5es t\u00edpicas<\/h2>\n<ul data-start=\"1910\" data-end=\"2091\">\n<li class=\"\" data-start=\"1910\" data-end=\"1938\">\n<p class=\"\" data-start=\"1912\" data-end=\"1938\">Travas para equipamentos port\u00e1teis<\/p>\n<\/li>\n<li class=\"\" data-start=\"1939\" data-end=\"1977\">\n<p class=\"\" data-start=\"1941\" data-end=\"1977\">Equipamentos esportivos e pe\u00e7as de desmontagem r\u00e1pida<\/p>\n<\/li>\n<li class=\"\" data-start=\"1978\" data-end=\"2022\">\n<p class=\"\" data-start=\"1980\" data-end=\"2022\">Gabaritos de pequena escala ou alinhamento mec\u00e2nico<\/p>\n<\/li>\n<li class=\"\" data-start=\"2023\" data-end=\"2063\">\n<p class=\"\" data-start=\"2025\" data-end=\"2063\">Acess\u00f3rios mar\u00edtimos e travas de painel<\/p>\n<\/li>\n<li class=\"\" data-start=\"2064\" data-end=\"2091\">\n<p class=\"\" data-start=\"2066\" data-end=\"2091\">Aplica\u00e7\u00f5es de fixadores DIY<\/p>\n<\/li>\n<\/ul>\n<hr class=\"\" data-start=\"2093\" data-end=\"2096\" \/>\n<h2 class=\"\" data-start=\"2098\" data-end=\"2119\">Recursos do produto<\/h2>\n<ul data-start=\"2121\" data-end=\"2441\">\n<li class=\"\" data-start=\"2121\" data-end=\"2185\">\n<p class=\"\" data-start=\"2123\" data-end=\"2185\"> <strong data-start=\"2126\" data-end=\"2154\">Retra\u00e7\u00e3o com mola<\/strong> para uso r\u00e1pido e repet\u00edvel<\/p>\n<\/li>\n<li class=\"\" data-start=\"2186\" data-end=\"2243\">\n<p class=\"\" data-start=\"2188\" data-end=\"2243\"> <strong data-start=\"2191\" data-end=\"2221\">Opera\u00e7\u00e3o simples com anel de tra\u00e7\u00e3o<\/strong> - N\u00e3o s\u00e3o necess\u00e1rias ferramentas<\/p>\n<\/li>\n<li class=\"\" data-start=\"2244\" data-end=\"2313\">\n<p class=\"\" data-start=\"2246\" data-end=\"2313\">\ufe0f <strong data-start=\"2250\" data-end=\"2282\">Constru\u00e7\u00e3o em a\u00e7o inoxid\u00e1vel<\/strong> garante resist\u00eancia \u00e0 corros\u00e3o<\/p>\n<\/li>\n<li class=\"\" data-start=\"2314\" data-end=\"2380\">\n<p class=\"\" data-start=\"2316\" data-end=\"2380\"> <strong data-start=\"2319\" data-end=\"2346\">Pino compacto para servi\u00e7os leves<\/strong> para fixa\u00e7\u00e3o e libera\u00e7\u00e3o r\u00e1pidas<\/p>\n<\/li>\n<li class=\"\" data-start=\"2381\" data-end=\"2441\">\n<p class=\"\" data-start=\"2383\" data-end=\"2441\">\ufe0f <strong data-start=\"2387\" data-end=\"2441\">O tamanho e o di\u00e2metro do fio podem ser personalizados sob demanda<\/strong><\/p>\n<\/li>\n<\/ul>\n<hr class=\"\" data-start=\"2443\" data-end=\"2446\" \/>\n<h2 class=\"\" data-start=\"2448\" data-end=\"2473\">Informa\u00e7\u00f5es sobre pedidos<\/h2>\n<p class=\"\" data-start=\"2475\" data-end=\"2528\">Especifique os seguintes itens ao solicitar uma cota\u00e7\u00e3o:<\/p>\n<ul data-start=\"2529\" data-end=\"2675\">\n<li class=\"\" data-start=\"2529\" data-end=\"2557\">\n<p class=\"\" data-start=\"2531\" data-end=\"2557\">Di\u00e2metro do pino (por exemplo, 4 mm)<\/p>\n<\/li>\n<li class=\"\" data-start=\"2558\" data-end=\"2588\">\n<p class=\"\" data-start=\"2560\" data-end=\"2588\">Comprimento utiliz\u00e1vel (por exemplo, 50 mm)<\/p>\n<\/li>\n<li class=\"\" data-start=\"2589\" data-end=\"2627\">\n<p class=\"\" data-start=\"2591\" data-end=\"2627\">Di\u00e2metro do anel (padr\u00e3o ou personalizado)<\/p>\n<\/li>\n<li class=\"\" data-start=\"2628\" data-end=\"2640\">\n<p class=\"\" data-start=\"2630\" data-end=\"2640\">Quantidade<\/p>\n<\/li>\n<li class=\"\" data-start=\"2641\" data-end=\"2675\">\n<p class=\"\" data-start=\"2643\" data-end=\"2675\">Requisitos de acabamento ou embalagem<\/p>\n<\/li>\n<\/ul>","protected":false},"excerpt":{"rendered":"<p>Pino de libera\u00e7\u00e3o r\u00e1pida de a\u00e7o inoxid\u00e1vel com design de chaveiro, fabricado em a\u00e7o inoxid\u00e1vel 304 resistente \u00e0 corros\u00e3o. Ideal para fixa\u00e7\u00e3o e alinhamento de servi\u00e7os leves. <strong data-start=\"426\" data-end=\"492\">Dispon\u00edvel em di\u00e2metros e comprimentos personalizados de acordo com suas necessidades.<\/strong><\/p>","protected":false},"featured_media":1670,"comment_status":"open","ping_status":"closed","template":"","meta":{"site-sidebar-layout":"default","site-content-layout":"","ast-site-content-layout":"default","site-content-style":"default","site-sidebar-style":"default","ast-global-header-display":"","ast-banner-title-visibility":"","ast-main-header-display":"","ast-hfb-above-header-display":"","ast-hfb-below-header-display":"","ast-hfb-mobile-header-display":"","site-post-title":"","ast-breadcrumbs-content":"","ast-featured-img":"","footer-sml-layout":"","ast-disable-related-posts":"","theme-transparent-header-meta":"default","adv-header-id-meta":"","stick-header-meta":"","header-above-stick-meta":"","header-main-stick-meta":"","header-below-stick-meta":"","astra-migrate-meta-layouts":"set","ast-page-background-enabled":"default","ast-page-background-meta":{"desktop":{"background-color":"var(--ast-global-color-4)","background-image":"","background-repeat":"repeat","background-position":"center center","background-size":"auto","background-attachment":"scroll","background-type":"","background-media":"","overlay-type":"","overlay-color":"","overlay-opacity":"","overlay-gradient":""},"tablet":{"background-color":"","background-image":"","background-repeat":"repeat","background-position":"center center","background-size":"auto","background-attachment":"scroll","background-type":"","background-media":"","overlay-type":"","overlay-color":"","overlay-opacity":"","overlay-gradient":""},"mobile":{"background-color":"","background-image":"","background-repeat":"repeat","background-position":"center center","background-size":"auto","background-attachment":"scroll","background-type":"","background-media":"","overlay-type":"","overlay-color":"","overlay-opacity":"","overlay-gradient":""}},"ast-content-background-meta":{"desktop":{"background-color":"var(--ast-global-color-5)","background-image":"","background-repeat":"repeat","background-position":"center center","background-size":"auto","background-attachment":"scroll","background-type":"","background-media":"","overlay-type":"","overlay-color":"","overlay-opacity":"","overlay-gradient":""},"tablet":{"background-color":"var(--ast-global-color-5)","background-image":"","background-repeat":"repeat","background-position":"center center","background-size":"auto","background-attachment":"scroll","background-type":"","background-media":"","overlay-type":"","overlay-color":"","overlay-opacity":"","overlay-gradient":""},"mobile":{"background-color":"var(--ast-global-color-5)","background-image":"","background-repeat":"repeat","background-position":"center center","background-size":"auto","background-attachment":"scroll","background-type":"","background-media":"","overlay-type":"","overlay-color":"","overlay-opacity":"","overlay-gradient":""}}},"product_brand":[],"product_cat":[19],"product_tag":[],"class_list":{"0":"post-1669","1":"product","2":"type-product","3":"status-publish","4":"has-post-thumbnail","6":"product_cat-fasteners","8":"first","9":"instock","10":"shipping-taxable","11":"product-type-simple"},"_links":{"self":[{"href":"https:\/\/www.sknfastener.com\/pt\/wp-json\/wp\/v2\/product\/1669","targetHints":{"allow":["GET"]}}],"collection":[{"href":"https:\/\/www.sknfastener.com\/pt\/wp-json\/wp\/v2\/product"}],"about":[{"href":"https:\/\/www.sknfastener.com\/pt\/wp-json\/wp\/v2\/types\/product"}],"replies":[{"embeddable":true,"href":"https:\/\/www.sknfastener.com\/pt\/wp-json\/wp\/v2\/comments?post=1669"}],"version-history":[{"count":0,"href":"https:\/\/www.sknfastener.com\/pt\/wp-json\/wp\/v2\/product\/1669\/revisions"}],"wp:featuredmedia":[{"embeddable":true,"href":"https:\/\/www.sknfastener.com\/pt\/wp-json\/wp\/v2\/media\/1670"}],"wp:attachment":[{"href":"https:\/\/www.sknfastener.com\/pt\/wp-json\/wp\/v2\/media?parent=1669"}],"wp:term":[{"taxonomy":"product_brand","embeddable":true,"href":"https:\/\/www.sknfastener.com\/pt\/wp-json\/wp\/v2\/product_brand?post=1669"},{"taxonomy":"product_cat","embeddable":true,"href":"https:\/\/www.sknfastener.com\/pt\/wp-json\/wp\/v2\/product_cat?post=1669"},{"taxonomy":"product_tag","embeddable":true,"href":"https:\/\/www.sknfastener.com\/pt\/wp-json\/wp\/v2\/product_tag?post=1669"}],"curies":[{"name":"wp","href":"https:\/\/api.w.org\/{rel}","templated":true}]}}