{"id":1681,"date":"2025-05-15T08:51:49","date_gmt":"2025-05-15T08:51:49","guid":{"rendered":"https:\/\/www.sknfastener.com\/?post_type=product&#038;p=1681"},"modified":"2025-05-18T12:31:33","modified_gmt":"2025-05-18T04:31:33","slug":"marine-quick-release-pins","status":"publish","type":"product","link":"https:\/\/www.sknfastener.com\/pt\/produto\/marine-quick-release-pins\/","title":{"rendered":"Pinos de libera\u00e7\u00e3o r\u00e1pida mar\u00edtimos Eixo de a\u00e7o inoxid\u00e1vel 304 | S\u00e9rie BLMPI"},"content":{"rendered":"<p class=\"\" data-start=\"596\" data-end=\"961\"><strong>Pinos de libera\u00e7\u00e3o r\u00e1pida mar\u00edtimos<\/strong>\u00a0foi projetado para <strong data-start=\"665\" data-end=\"719\">travamento e destravamento r\u00e1pidos, seguros e repet\u00edveis<\/strong> em aplica\u00e7\u00f5es que exigem montagem e desmontagem frequentes. Ele apresenta um <strong data-start=\"798\" data-end=\"827\">eixo de a\u00e7o inoxid\u00e1vel 304<\/strong>, a <strong data-start=\"831\" data-end=\"876\">Mecanismo de travamento de esfera dupla acionado por mola<\/strong>e um <strong data-start=\"884\" data-end=\"921\">Al\u00e7a de pl\u00e1stico dur\u00e1vel em forma de bot\u00e3o<\/strong> projetado para proporcionar conforto e ader\u00eancia ao operador.<\/p>\n<p class=\"\" data-start=\"963\" data-end=\"1236\">Basta pressionar o bot\u00e3o <strong>Pinos de libera\u00e7\u00e3o r\u00e1pida mar\u00edtimos <\/strong>Ao pressionar o bot\u00e3o superior, as esferas de travamento s\u00e3o retra\u00eddas para dentro do eixo, permitindo a inser\u00e7\u00e3o suave em um orif\u00edcio pr\u00e9-usinado. Ao serem liberadas, as esferas se expandem automaticamente para fora, travando o pino com seguran\u00e7a no lugar. Pressionar novamente o bot\u00e3o permite a extra\u00e7\u00e3o instant\u00e2nea.<\/p>\n<p class=\"\" data-start=\"1238\" data-end=\"1415\">Esse pino \u00e9 ideal para ambientes de alta vibra\u00e7\u00e3o, gabaritos mec\u00e2nicos, placas de fixa\u00e7\u00e3o, ferramentas aeroespaciais e configura\u00e7\u00f5es modulares em que <strong data-start=\"1366\" data-end=\"1401\">opera\u00e7\u00e3o de alto ciclo sem ferramentas<\/strong> \u00e9 essencial.<\/p>\n<h2 class=\"\" data-start=\"570\" data-end=\"594\"><\/h2>\n<p class=\"\" data-start=\"596\" data-end=\"961\">O <strong data-start=\"600\" data-end=\"616\">S\u00e9rie BLPMI<\/strong> O pino de libera\u00e7\u00e3o r\u00e1pida com bot\u00e3o de press\u00e3o foi projetado para <strong data-start=\"665\" data-end=\"719\">travamento e destravamento r\u00e1pidos, seguros e repet\u00edveis<\/strong> em aplica\u00e7\u00f5es que exigem montagem e desmontagem frequentes. Ele apresenta um <strong data-start=\"798\" data-end=\"827\">eixo de a\u00e7o inoxid\u00e1vel 304<\/strong>, a <strong data-start=\"831\" data-end=\"876\">Mecanismo de travamento de esfera dupla acionado por mola<\/strong>e um <strong data-start=\"884\" data-end=\"921\">Al\u00e7a de pl\u00e1stico dur\u00e1vel em forma de bot\u00e3o<\/strong> projetado para proporcionar conforto e ader\u00eancia ao operador.<\/p>\n<p class=\"\" data-start=\"963\" data-end=\"1236\">Basta pressionar o bot\u00e3o superior para que as esferas de travamento sejam retra\u00eddas para dentro do eixo, permitindo a inser\u00e7\u00e3o suave em um orif\u00edcio pr\u00e9-usinado. Ao serem liberadas, as esferas se expandem automaticamente para fora, travando o pino com seguran\u00e7a no lugar. Pressionar novamente o bot\u00e3o permite a extra\u00e7\u00e3o instant\u00e2nea.<\/p>\n<p class=\"\" data-start=\"1238\" data-end=\"1415\">Esse pino \u00e9 ideal para ambientes de alta vibra\u00e7\u00e3o, gabaritos mec\u00e2nicos, placas de fixa\u00e7\u00e3o, ferramentas aeroespaciais e configura\u00e7\u00f5es modulares em que <strong data-start=\"1366\" data-end=\"1401\">opera\u00e7\u00e3o de alto ciclo sem ferramentas<\/strong> \u00e9 essencial.<\/p>\n<hr class=\"\" data-start=\"1417\" data-end=\"1420\" \/>\n<h2 class=\"\" data-start=\"1422\" data-end=\"1451\">\u2705 Constru\u00e7\u00e3o e materiais <strong>Pinos de libera\u00e7\u00e3o r\u00e1pida mar\u00edtimos<\/strong><\/h2>\n<div class=\"_tableContainer_16hzy_1\">\n<div class=\"_tableWrapper_16hzy_14 group flex w-fit flex-col-reverse\" tabindex=\"-1\">\n<table class=\"w-fit min-w-(--thread-content-width)\" data-start=\"1453\" data-end=\"1731\">\n<thead data-start=\"1453\" data-end=\"1492\">\n<tr data-start=\"1453\" data-end=\"1492\">\n<th data-start=\"1453\" data-end=\"1467\" data-col-size=\"sm\">Componente<\/th>\n<th data-start=\"1467\" data-end=\"1492\" data-col-size=\"md\">Material<\/th>\n<\/tr>\n<\/thead>\n<tbody data-start=\"1534\" data-end=\"1731\">\n<tr data-start=\"1534\" data-end=\"1574\">\n<td data-start=\"1534\" data-end=\"1548\" data-col-size=\"sm\">Pino<\/td>\n<td data-start=\"1548\" data-end=\"1574\" data-col-size=\"md\">A\u00e7o inoxid\u00e1vel 304<\/td>\n<\/tr>\n<tr data-start=\"1575\" data-end=\"1626\">\n<td data-start=\"1575\" data-end=\"1589\" data-col-size=\"sm\">Bolas<\/td>\n<td data-col-size=\"md\" data-start=\"1589\" data-end=\"1626\">A\u00e7o inoxid\u00e1vel endurecido (SUS440)<\/td>\n<\/tr>\n<tr data-start=\"1627\" data-end=\"1660\">\n<td data-start=\"1627\" data-end=\"1641\" data-col-size=\"sm\">Bot\u00e3o<\/td>\n<td data-start=\"1641\" data-end=\"1660\" data-col-size=\"md\">A\u00e7o inoxid\u00e1vel<\/td>\n<\/tr>\n<tr data-start=\"1661\" data-end=\"1731\">\n<td data-start=\"1661\" data-end=\"1675\" data-col-size=\"sm\">Bot\u00e3o da al\u00e7a<\/td>\n<td data-col-size=\"md\" data-start=\"1675\" data-end=\"1731\">Pl\u00e1stico de engenharia (cor: cinza\/laranja, personaliz\u00e1vel)<\/td>\n<\/tr>\n<\/tbody>\n<\/table>\n<div class=\"sticky end-(--thread-content-margin) h-0 self-end select-none\">\n<div class=\"absolute end-0 flex items-end\"><\/div>\n<\/div>\n<\/div>\n<\/div>\n<hr class=\"\" data-start=\"1733\" data-end=\"1736\" \/>\n<h2 class=\"\" data-start=\"1738\" data-end=\"1763\">Par\u00e2metros t\u00e9cnicos<\/h2>\n<div class=\"_tableContainer_16hzy_1\">\n<div class=\"_tableWrapper_16hzy_14 group flex w-fit flex-col-reverse\" tabindex=\"-1\">\n<table class=\"w-fit min-w-(--thread-content-width)\" data-start=\"1765\" data-end=\"2456\">\n<thead data-start=\"1765\" data-end=\"1848\">\n<tr data-start=\"1765\" data-end=\"1848\">\n<th data-start=\"1765\" data-end=\"1785\" data-col-size=\"sm\">Di\u00e2metro do pino (mm)<\/th>\n<th data-start=\"1785\" data-end=\"1816\" data-col-size=\"sm\">Op\u00e7\u00f5es de comprimento utiliz\u00e1vel (L) mm<\/th>\n<th data-start=\"1816\" data-end=\"1834\" data-col-size=\"sm\">Carga de cisalhamento (kN)<\/th>\n<th data-start=\"1834\" data-end=\"1848\" data-col-size=\"sm\">Peso (g)<\/th>\n<\/tr>\n<\/thead>\n<tbody data-start=\"1935\" data-end=\"2456\">\n<tr data-start=\"1935\" data-end=\"2021\">\n<td data-start=\"1935\" data-end=\"1955\" data-col-size=\"sm\">5<\/td>\n<td data-start=\"1955\" data-end=\"1988\" data-col-size=\"sm\">10, 15, 20, 25, 30<\/td>\n<td data-col-size=\"sm\" data-start=\"1988\" data-end=\"2007\">0.07<\/td>\n<td data-col-size=\"sm\" data-start=\"2007\" data-end=\"2021\">30-32<\/td>\n<\/tr>\n<tr data-start=\"2022\" data-end=\"2108\">\n<td data-start=\"2022\" data-end=\"2042\" data-col-size=\"sm\">6<\/td>\n<td data-start=\"2042\" data-end=\"2075\" data-col-size=\"sm\">10, 15, 20, 25, 30, 40, 50<\/td>\n<td data-col-size=\"sm\" data-start=\"2075\" data-end=\"2094\">0.07<\/td>\n<td data-col-size=\"sm\" data-start=\"2094\" data-end=\"2108\">31-39<\/td>\n<\/tr>\n<tr data-start=\"2109\" data-end=\"2195\">\n<td data-start=\"2109\" data-end=\"2129\" data-col-size=\"sm\">8<\/td>\n<td data-col-size=\"sm\" data-start=\"2129\" data-end=\"2162\">10, 20, 25, 30, 40<\/td>\n<td data-col-size=\"sm\" data-start=\"2162\" data-end=\"2181\">0.09<\/td>\n<td data-col-size=\"sm\" data-start=\"2181\" data-end=\"2195\">38-47<\/td>\n<\/tr>\n<tr data-start=\"2196\" data-end=\"2282\">\n<td data-start=\"2196\" data-end=\"2216\" data-col-size=\"sm\">10<\/td>\n<td data-start=\"2216\" data-end=\"2249\" data-col-size=\"sm\">25, 30, 40, 50, 60, 80<\/td>\n<td data-col-size=\"sm\" data-start=\"2249\" data-end=\"2268\">0.90<\/td>\n<td data-col-size=\"sm\" data-start=\"2268\" data-end=\"2282\">76-97<\/td>\n<\/tr>\n<tr data-start=\"2283\" data-end=\"2369\">\n<td data-start=\"2283\" data-end=\"2303\" data-col-size=\"sm\">12<\/td>\n<td data-col-size=\"sm\" data-start=\"2303\" data-end=\"2336\">40, 50, 60, 80<\/td>\n<td data-col-size=\"sm\" data-start=\"2336\" data-end=\"2355\">1.10<\/td>\n<td data-col-size=\"sm\" data-start=\"2355\" data-end=\"2369\">100-135<\/td>\n<\/tr>\n<tr data-start=\"2370\" data-end=\"2456\">\n<td data-start=\"2370\" data-end=\"2390\" data-col-size=\"sm\">16<\/td>\n<td data-start=\"2390\" data-end=\"2423\" data-col-size=\"sm\">60, 80, 100<\/td>\n<td data-col-size=\"sm\" data-start=\"2423\" data-end=\"2442\">1.60<\/td>\n<td data-col-size=\"sm\" data-start=\"2442\" data-end=\"2456\">171-232<\/td>\n<\/tr>\n<\/tbody>\n<\/table>\n<div class=\"sticky end-(--thread-content-margin) h-0 self-end select-none\">\n<div class=\"absolute end-0 flex items-end\"><\/div>\n<\/div>\n<\/div>\n<\/div>\n<p class=\"\" data-start=\"2458\" data-end=\"2621\"><em data-start=\"2461\" data-end=\"2621\">Toler\u00e2ncias detalhadas, comprimento de reten\u00e7\u00e3o do eixo B1 e dimens\u00e3o de encaixe do furo dispon\u00edveis no desenho t\u00e9cnico. Suporte para logotipo OEM e cor especial da al\u00e7a dispon\u00edvel.<\/em><\/p>\n<hr class=\"\" data-start=\"2623\" data-end=\"2626\" \/>\n<h2 class=\"\" data-start=\"2628\" data-end=\"2663\">\u2705 Guia de opera\u00e7\u00e3o (como funciona)<\/h2>\n<ol data-start=\"2665\" data-end=\"2872\">\n<li class=\"\" data-start=\"2665\" data-end=\"2735\">\n<p class=\"\" data-start=\"2668\" data-end=\"2735\"><strong data-start=\"2668\" data-end=\"2678\">Inserir<\/strong>: Pressione o bot\u00e3o, as esferas se retraem e o pino desliza para dentro do orif\u00edcio<\/p>\n<\/li>\n<li class=\"\" data-start=\"2736\" data-end=\"2806\">\n<p class=\"\" data-start=\"2739\" data-end=\"2806\"><strong data-start=\"2739\" data-end=\"2747\">Trava<\/strong>: Solte o bot\u00e3o, as esferas se estendem e travam na posi\u00e7\u00e3o<\/p>\n<\/li>\n<li class=\"\" data-start=\"2807\" data-end=\"2872\">\n<p class=\"\" data-start=\"2810\" data-end=\"2872\"><strong data-start=\"2810\" data-end=\"2821\">Libera\u00e7\u00e3o<\/strong>: Pressione novamente para retrair as esferas e puxe o pino para fora<\/p>\n<\/li>\n<\/ol>\n<p class=\"\" data-start=\"2874\" data-end=\"2959\">O sistema garante <strong data-start=\"2893\" data-end=\"2930\">travamento seguro e resistente a vibra\u00e7\u00f5es<\/strong>e desmontagem sem esfor\u00e7o.<\/p>\n<hr class=\"\" data-start=\"2961\" data-end=\"2964\" \/>\n<h2 class=\"\" data-start=\"2966\" data-end=\"2983\">\u2705 Aplicativos<\/h2>\n<ul data-start=\"2985\" data-end=\"3177\">\n<li class=\"\" data-start=\"2985\" data-end=\"3015\">\n<p class=\"\" data-start=\"2987\" data-end=\"3015\">Posicionamento de ferramentas aeroespaciais<\/p>\n<\/li>\n<li class=\"\" data-start=\"3016\" data-end=\"3053\">\n<p class=\"\" data-start=\"3018\" data-end=\"3053\">Gabaritos de precis\u00e3o e placas de fixa\u00e7\u00e3o<\/p>\n<\/li>\n<li class=\"\" data-start=\"3054\" data-end=\"3088\">\n<p class=\"\" data-start=\"3056\" data-end=\"3088\">Bra\u00e7os rob\u00f3ticos e efetores finais<\/p>\n<\/li>\n<li class=\"\" data-start=\"3089\" data-end=\"3120\">\n<p class=\"\" data-start=\"3091\" data-end=\"3120\">Configura\u00e7\u00f5es de maquin\u00e1rio industrial<\/p>\n<\/li>\n<li class=\"\" data-start=\"3121\" data-end=\"3145\">\n<p class=\"\" data-start=\"3123\" data-end=\"3145\">Mudan\u00e7as no molde e na matriz<\/p>\n<\/li>\n<li class=\"\" data-start=\"3146\" data-end=\"3177\">\n<p class=\"\" data-start=\"3148\" data-end=\"3177\">Sistemas automotivos e mar\u00edtimos<\/p>\n<\/li>\n<\/ul>\n<hr class=\"\" data-start=\"3179\" data-end=\"3182\" \/>\n<h2 class=\"\" data-start=\"3184\" data-end=\"3201\">Principais recursos<\/h2>\n<ul data-start=\"3203\" data-end=\"3519\">\n<li class=\"\" data-start=\"3203\" data-end=\"3275\">\n<p class=\"\" data-start=\"3205\" data-end=\"3275\"><strong data-start=\"3208\" data-end=\"3239\">Opera\u00e7\u00e3o r\u00e1pida com bot\u00e3o de press\u00e3o<\/strong> com feedback aud\u00edvel e t\u00e1til<\/p>\n<\/li>\n<li class=\"\" data-start=\"3276\" data-end=\"3347\">\n<p class=\"\" data-start=\"3278\" data-end=\"3347\"><strong data-start=\"3281\" data-end=\"3304\">Alta resist\u00eancia ao cisalhamento<\/strong> e resist\u00eancia \u00e0 corros\u00e3o do a\u00e7o inoxid\u00e1vel<\/p>\n<\/li>\n<li class=\"\" data-start=\"3348\" data-end=\"3412\">\n<p class=\"\" data-start=\"3350\" data-end=\"3412\"><strong data-start=\"3353\" data-end=\"3379\">Bot\u00e3o ergon\u00f4mico de pl\u00e1stico<\/strong> - dispon\u00edvel em v\u00e1rias cores<\/p>\n<\/li>\n<li class=\"\" data-start=\"3413\" data-end=\"3454\">\n<p class=\"\" data-start=\"3415\" data-end=\"3454\">Projetado para mais de 10.000 ciclos de uso<\/p>\n<\/li>\n<li class=\"\" data-start=\"3455\" data-end=\"3519\">\n<p class=\"\" data-start=\"3457\" data-end=\"3519\">\ufe0f <strong data-start=\"3461\" data-end=\"3519\">Suporte a di\u00e2metros, comprimentos de empunhadura e acabamentos personalizados<\/strong><\/p>\n<\/li>\n<\/ul>\n<hr class=\"\" data-start=\"3521\" data-end=\"3524\" \/>\n<h2 class=\"\" data-start=\"3526\" data-end=\"3551\">Informa\u00e7\u00f5es sobre pedidos<\/h2>\n<p class=\"\" data-start=\"3553\" data-end=\"3606\">Para fazer um pedido ou solicitar uma cota\u00e7\u00e3o, especifique:<\/p>\n<ul data-start=\"3607\" data-end=\"3798\">\n<li class=\"\" data-start=\"3607\" data-end=\"3633\">\n<p class=\"\" data-start=\"3609\" data-end=\"3633\">Di\u00e2metro (por exemplo, 10 mm)<\/p>\n<\/li>\n<li class=\"\" data-start=\"3634\" data-end=\"3673\">\n<p class=\"\" data-start=\"3636\" data-end=\"3673\">Comprimento do punho utiliz\u00e1vel (L, por exemplo, 40 mm)<\/p>\n<\/li>\n<li class=\"\" data-start=\"3674\" data-end=\"3724\">\n<p class=\"\" data-start=\"3676\" data-end=\"3724\">Prefer\u00eancia de cor da al\u00e7a (padr\u00e3o: laranja\/cinza)<\/p>\n<\/li>\n<li class=\"\" data-start=\"3725\" data-end=\"3737\">\n<p class=\"\" data-start=\"3727\" data-end=\"3737\">Quantidade<\/p>\n<\/li>\n<li class=\"\" data-start=\"3738\" data-end=\"3798\">\n<p class=\"\" data-start=\"3740\" data-end=\"3798\">Requisitos especiais (furo da corrente, cabo de seguran\u00e7a, embalagem)<\/p>\n<\/li>\n<\/ul>","protected":false},"excerpt":{"rendered":"<p>Alta resist\u00eancia <strong>Pinos de libera\u00e7\u00e3o r\u00e1pida mar\u00edtimos<\/strong>\u00a0com al\u00e7a pl\u00e1stica ergon\u00f4mica em forma de bot\u00e3o e haste de a\u00e7o inoxid\u00e1vel 304. Fixa\u00e7\u00e3o r\u00e1pida e segura com opera\u00e7\u00e3o sem ferramentas. <strong data-start=\"487\" data-end=\"563\">Comprimento do eixo, di\u00e2metro e cores da al\u00e7a personalizados dispon\u00edveis mediante solicita\u00e7\u00e3o.<\/strong><\/p>","protected":false},"featured_media":1686,"comment_status":"open","ping_status":"closed","template":"","meta":{"site-sidebar-layout":"default","site-content-layout":"","ast-site-content-layout":"default","site-content-style":"default","site-sidebar-style":"default","ast-global-header-display":"","ast-banner-title-visibility":"","ast-main-header-display":"","ast-hfb-above-header-display":"","ast-hfb-below-header-display":"","ast-hfb-mobile-header-display":"","site-post-title":"","ast-breadcrumbs-content":"","ast-featured-img":"","footer-sml-layout":"","ast-disable-related-posts":"","theme-transparent-header-meta":"default","adv-header-id-meta":"","stick-header-meta":"","header-above-stick-meta":"","header-main-stick-meta":"","header-below-stick-meta":"","astra-migrate-meta-layouts":"set","ast-page-background-enabled":"default","ast-page-background-meta":{"desktop":{"background-color":"var(--ast-global-color-4)","background-image":"","background-repeat":"repeat","background-position":"center center","background-size":"auto","background-attachment":"scroll","background-type":"","background-media":"","overlay-type":"","overlay-color":"","overlay-opacity":"","overlay-gradient":""},"tablet":{"background-color":"","background-image":"","background-repeat":"repeat","background-position":"center center","background-size":"auto","background-attachment":"scroll","background-type":"","background-media":"","overlay-type":"","overlay-color":"","overlay-opacity":"","overlay-gradient":""},"mobile":{"background-color":"","background-image":"","background-repeat":"repeat","background-position":"center center","background-size":"auto","background-attachment":"scroll","background-type":"","background-media":"","overlay-type":"","overlay-color":"","overlay-opacity":"","overlay-gradient":""}},"ast-content-background-meta":{"desktop":{"background-color":"var(--ast-global-color-5)","background-image":"","background-repeat":"repeat","background-position":"center center","background-size":"auto","background-attachment":"scroll","background-type":"","background-media":"","overlay-type":"","overlay-color":"","overlay-opacity":"","overlay-gradient":""},"tablet":{"background-color":"var(--ast-global-color-5)","background-image":"","background-repeat":"repeat","background-position":"center center","background-size":"auto","background-attachment":"scroll","background-type":"","background-media":"","overlay-type":"","overlay-color":"","overlay-opacity":"","overlay-gradient":""},"mobile":{"background-color":"var(--ast-global-color-5)","background-image":"","background-repeat":"repeat","background-position":"center center","background-size":"auto","background-attachment":"scroll","background-type":"","background-media":"","overlay-type":"","overlay-color":"","overlay-opacity":"","overlay-gradient":""}}},"product_brand":[],"product_cat":[159],"product_tag":[],"class_list":{"0":"post-1681","1":"product","2":"type-product","3":"status-publish","4":"has-post-thumbnail","6":"product_cat-quick-release-pin","8":"first","9":"instock","10":"shipping-taxable","11":"product-type-simple"},"_links":{"self":[{"href":"https:\/\/www.sknfastener.com\/pt\/wp-json\/wp\/v2\/product\/1681","targetHints":{"allow":["GET"]}}],"collection":[{"href":"https:\/\/www.sknfastener.com\/pt\/wp-json\/wp\/v2\/product"}],"about":[{"href":"https:\/\/www.sknfastener.com\/pt\/wp-json\/wp\/v2\/types\/product"}],"replies":[{"embeddable":true,"href":"https:\/\/www.sknfastener.com\/pt\/wp-json\/wp\/v2\/comments?post=1681"}],"version-history":[{"count":2,"href":"https:\/\/www.sknfastener.com\/pt\/wp-json\/wp\/v2\/product\/1681\/revisions"}],"predecessor-version":[{"id":1850,"href":"https:\/\/www.sknfastener.com\/pt\/wp-json\/wp\/v2\/product\/1681\/revisions\/1850"}],"wp:featuredmedia":[{"embeddable":true,"href":"https:\/\/www.sknfastener.com\/pt\/wp-json\/wp\/v2\/media\/1686"}],"wp:attachment":[{"href":"https:\/\/www.sknfastener.com\/pt\/wp-json\/wp\/v2\/media?parent=1681"}],"wp:term":[{"taxonomy":"product_brand","embeddable":true,"href":"https:\/\/www.sknfastener.com\/pt\/wp-json\/wp\/v2\/product_brand?post=1681"},{"taxonomy":"product_cat","embeddable":true,"href":"https:\/\/www.sknfastener.com\/pt\/wp-json\/wp\/v2\/product_cat?post=1681"},{"taxonomy":"product_tag","embeddable":true,"href":"https:\/\/www.sknfastener.com\/pt\/wp-json\/wp\/v2\/product_tag?post=1681"}],"curies":[{"name":"wp","href":"https:\/\/api.w.org\/{rel}","templated":true}]}}