{"id":1694,"date":"2025-05-15T09:20:42","date_gmt":"2025-05-15T09:20:42","guid":{"rendered":"https:\/\/www.sknfastener.com\/?post_type=product&#038;p=1694"},"modified":"2025-05-20T20:36:42","modified_gmt":"2025-05-20T12:36:42","slug":"ball-lock-pin","status":"publish","type":"product","link":"https:\/\/www.sknfastener.com\/pt\/produto\/ball-lock-pin\/","title":{"rendered":"Pino de trava esf\u00e9rica"},"content":{"rendered":"<h2 class=\"\" data-start=\"669\" data-end=\"695\">\u2705<strong>Pino de trava esf\u00e9rica <\/strong>Descri\u00e7\u00e3o<\/h2>\n<p>&nbsp;<\/p>\n<p class=\"\" data-start=\"697\" data-end=\"1171\">Isso <strong data-start=\"702\" data-end=\"735\">Pino de trava esf\u00e9rica<\/strong>\u00a0oferece uma solu\u00e7\u00e3o de travamento pr\u00e1tica e eficiente para setores em que velocidade, seguran\u00e7a e confiabilidade s\u00e3o essenciais. O pino apresenta um <strong data-start=\"872\" data-end=\"920\">eixo de a\u00e7o inoxid\u00e1vel 304 usinado com precis\u00e3o<\/strong>combinado com um <strong data-start=\"938\" data-end=\"968\">esfera de travamento com mola<\/strong> e um bot\u00e3o leve de alum\u00ednio ou pl\u00e1stico para facilitar o manuseio. Um a\u00e7o inoxid\u00e1vel <strong data-start=\"1049\" data-end=\"1061\">chaveiro<\/strong> est\u00e1 integrado para aumentar a seguran\u00e7a, permitindo a amarra\u00e7\u00e3o ou a fixa\u00e7\u00e3o r\u00e1pida em ambientes de trabalho din\u00e2micos.<\/p>\n<p class=\"\" data-start=\"1173\" data-end=\"1474\">Gra\u00e7as \u00e0 sua <strong data-start=\"1187\" data-end=\"1219\">opera\u00e7\u00e3o intuitiva com uma s\u00f3 m\u00e3o<\/strong>Por isso, esse pino \u00e9 ideal para aplica\u00e7\u00f5es que exigem r\u00e1pida inser\u00e7\u00e3o e remo\u00e7\u00e3o sem o uso de ferramentas. Seja usado em configura\u00e7\u00f5es estruturais, posicionamento de equipamentos ou montagens modulares, esse pino tem desempenho consistente em condi\u00e7\u00f5es adversas e de uso repetitivo.<\/p>\n<hr class=\"\" data-start=\"1476\" data-end=\"1479\" \/>\n<h2 class=\"\" data-start=\"1481\" data-end=\"1500\">\u2705 Aplicativos<\/h2>\n<p class=\"\" data-start=\"1502\" data-end=\"1582\">O design desse pino permite que ele atenda a uma ampla gama de setores, incluindo:<\/p>\n<ul data-start=\"1584\" data-end=\"2242\">\n<li class=\"\" data-start=\"1584\" data-end=\"1677\">\n<p class=\"\" data-start=\"1586\" data-end=\"1677\"><strong data-start=\"1586\" data-end=\"1602\">Constru\u00e7\u00e3o<\/strong>: Sistemas de andaimes, acess\u00f3rios de suporte ajust\u00e1veis ou estruturas modulares<\/p>\n<\/li>\n<li class=\"\" data-start=\"1678\" data-end=\"1746\">\n<p class=\"\" data-start=\"1680\" data-end=\"1746\"><strong data-start=\"1680\" data-end=\"1693\">Aeroespacial<\/strong>: Sistemas de manuseio no solo, plataformas de teste, travamento de pain\u00e9is<\/p>\n<\/li>\n<li class=\"\" data-start=\"1747\" data-end=\"1817\">\n<p class=\"\" data-start=\"1749\" data-end=\"1817\"><strong data-start=\"1749\" data-end=\"1760\">M\u00e9dico<\/strong>: Montagem r\u00e1pida de mesas cir\u00fargicas, acess\u00f3rios de equipamentos<\/p>\n<\/li>\n<li class=\"\" data-start=\"1818\" data-end=\"1910\">\n<p class=\"\" data-start=\"1820\" data-end=\"1910\"><strong data-start=\"1820\" data-end=\"1836\">Tr\u00e2nsito ferrovi\u00e1rio<\/strong>: Componentes de desmontagem r\u00e1pida em layouts de cabine e montagens de trilhos<\/p>\n<\/li>\n<li class=\"\" data-start=\"1911\" data-end=\"2001\">\n<p class=\"\" data-start=\"1913\" data-end=\"2001\"><strong data-start=\"1913\" data-end=\"1927\">Automotivo<\/strong>: Esta\u00e7\u00f5es de ferramentas, dispositivos de fixa\u00e7\u00e3o de estrutura de carro, pe\u00e7as de inspe\u00e7\u00e3o de troca r\u00e1pida<\/p>\n<\/li>\n<li class=\"\" data-start=\"2002\" data-end=\"2083\">\n<p class=\"\" data-start=\"2004\" data-end=\"2083\"><strong data-start=\"2004\" data-end=\"2024\">Campo de energia e\u00f3lica<\/strong>: Plataformas de manuten\u00e7\u00e3o de turbinas, aplica\u00e7\u00f5es de fixa\u00e7\u00e3o mar\u00edtima<\/p>\n<\/li>\n<li class=\"\" data-start=\"2084\" data-end=\"2160\">\n<p class=\"\" data-start=\"2086\" data-end=\"2160\"><strong data-start=\"2086\" data-end=\"2100\">Matriz de linha<\/strong>: R\u00e1pida montagem\/desmontagem de suportes de ilumina\u00e7\u00e3o e de cordame<\/p>\n<\/li>\n<li class=\"\" data-start=\"2161\" data-end=\"2242\">\n<p class=\"\" data-start=\"2163\" data-end=\"2242\"><strong data-start=\"2163\" data-end=\"2184\">Equipamentos de gin\u00e1stica<\/strong>: Travamento ajust\u00e1vel para bancos de pesos e estruturas de m\u00e1quinas<\/p>\n<\/li>\n<\/ul>\n<hr class=\"\" data-start=\"2244\" data-end=\"2247\" \/>\n<h2 class=\"\" data-start=\"2249\" data-end=\"2278\">\u2705 Especifica\u00e7\u00f5es do produto<\/h2>\n<div class=\"_tableContainer_16hzy_1\">\n<div class=\"_tableWrapper_16hzy_14 group flex w-fit flex-col-reverse\" tabindex=\"-1\">\n<table class=\"w-fit min-w-(--thread-content-width)\" data-start=\"2280\" data-end=\"2636\">\n<thead data-start=\"2280\" data-end=\"2321\">\n<tr data-start=\"2280\" data-end=\"2321\">\n<th data-start=\"2280\" data-end=\"2296\" data-col-size=\"sm\">Componente<\/th>\n<th data-start=\"2296\" data-end=\"2321\" data-col-size=\"sm\">Material<\/th>\n<\/tr>\n<\/thead>\n<tbody data-start=\"2364\" data-end=\"2636\">\n<tr data-start=\"2364\" data-end=\"2403\">\n<td data-start=\"2364\" data-end=\"2380\" data-col-size=\"sm\">Eixo<\/td>\n<td data-start=\"2380\" data-end=\"2403\" data-col-size=\"sm\">A\u00e7o inoxid\u00e1vel 304<\/td>\n<\/tr>\n<tr data-start=\"2404\" data-end=\"2448\">\n<td data-start=\"2404\" data-end=\"2420\" data-col-size=\"sm\">Bolas<\/td>\n<td data-col-size=\"sm\" data-start=\"2420\" data-end=\"2448\">A\u00e7o inoxid\u00e1vel endurecido<\/td>\n<\/tr>\n<tr data-start=\"2449\" data-end=\"2484\">\n<td data-start=\"2449\" data-end=\"2465\" data-col-size=\"sm\">Primavera<\/td>\n<td data-start=\"2465\" data-end=\"2484\" data-col-size=\"sm\">A\u00e7o inoxid\u00e1vel<\/td>\n<\/tr>\n<tr data-start=\"2485\" data-end=\"2543\">\n<td data-start=\"2485\" data-end=\"2501\" data-col-size=\"sm\">Al\u00e7a (bot\u00e3o)<\/td>\n<td data-col-size=\"sm\" data-start=\"2501\" data-end=\"2543\">Liga de alum\u00ednio \/ pl\u00e1stico de alta resist\u00eancia<\/td>\n<\/tr>\n<tr data-start=\"2544\" data-end=\"2600\">\n<td data-start=\"2544\" data-end=\"2560\" data-col-size=\"sm\">Bot\u00e3o<\/td>\n<td data-col-size=\"sm\" data-start=\"2560\" data-end=\"2600\">Alum\u00ednio anodizado ou pl\u00e1stico colorido<\/td>\n<\/tr>\n<tr data-start=\"2601\" data-end=\"2636\">\n<td data-start=\"2601\" data-end=\"2617\" data-col-size=\"sm\">Anel<\/td>\n<td data-col-size=\"sm\" data-start=\"2617\" data-end=\"2636\">A\u00e7o inoxid\u00e1vel<\/td>\n<\/tr>\n<\/tbody>\n<\/table>\n<div class=\"sticky end-(--thread-content-margin) h-0 self-end select-none\">\n<div class=\"absolute end-0 flex items-end\"><\/div>\n<\/div>\n<\/div>\n<\/div>\n<p class=\"\" data-start=\"2638\" data-end=\"2660\"><strong data-start=\"2638\" data-end=\"2657\">Tamanhos dispon\u00edveis<\/strong>:<\/p>\n<ul data-start=\"2661\" data-end=\"2841\">\n<li class=\"\" data-start=\"2661\" data-end=\"2687\">\n<p class=\"\" data-start=\"2663\" data-end=\"2687\">Di\u00e2metro: 5 mm - 16 mm<\/p>\n<\/li>\n<li class=\"\" data-start=\"2688\" data-end=\"2719\">\n<p class=\"\" data-start=\"2690\" data-end=\"2719\">Comprimento do punho: 10 mm - 100 mm<\/p>\n<\/li>\n<li class=\"\" data-start=\"2720\" data-end=\"2743\">\n<p class=\"\" data-start=\"2722\" data-end=\"2743\">Toler\u00e2ncia: \u00b10,05 mm<\/p>\n<\/li>\n<li class=\"\" data-start=\"2744\" data-end=\"2783\">\n<p class=\"\" data-start=\"2746\" data-end=\"2783\">Acabamento: Escovado \/ Polido \/ Personalizado<\/p>\n<\/li>\n<li class=\"\" data-start=\"2784\" data-end=\"2841\">\n<p class=\"\" data-start=\"2786\" data-end=\"2841\">Op\u00e7\u00f5es de cores: Preto, azul, vermelho, natural (personaliz\u00e1vel)<\/p>\n<\/li>\n<\/ul>\n<p class=\"\" data-start=\"2843\" data-end=\"2955\"><em data-start=\"2846\" data-end=\"2955\">Oferecemos suporte para grava\u00e7\u00e3o OEM, personaliza\u00e7\u00e3o de embalagens, servi\u00e7os de desenho CAD e acabamentos especiais mediante solicita\u00e7\u00e3o.<\/em><\/p>\n<hr class=\"\" data-start=\"2957\" data-end=\"2960\" \/>\n<h2 class=\"\" data-start=\"2962\" data-end=\"2988\">Recursos e benef\u00edcios<\/h2>\n<ul data-start=\"2990\" data-end=\"3438\">\n<li class=\"\" data-start=\"2990\" data-end=\"3064\">\n<p class=\"\" data-start=\"2992\" data-end=\"3064\"><strong data-start=\"2995\" data-end=\"3023\">Travamento seguro de esfera dupla<\/strong> com libera\u00e7\u00e3o por bot\u00e3o de press\u00e3o com mola<\/p>\n<\/li>\n<li class=\"\" data-start=\"3065\" data-end=\"3139\">\n<p class=\"\" data-start=\"3067\" data-end=\"3139\"><strong data-start=\"3070\" data-end=\"3092\">Opera\u00e7\u00e3o com uma m\u00e3o<\/strong> para montagem\/desmontagem r\u00e1pida e sem ferramentas<\/p>\n<\/li>\n<li class=\"\" data-start=\"3140\" data-end=\"3229\">\n<p class=\"\" data-start=\"3142\" data-end=\"3229\">\ufe0f <strong data-start=\"3146\" data-end=\"3191\">Eixo de a\u00e7o inoxid\u00e1vel resistente \u00e0 corros\u00e3o<\/strong> adequado para uso externo e mar\u00edtimo<\/p>\n<\/li>\n<li class=\"\" data-start=\"3230\" data-end=\"3286\">\n<p class=\"\" data-start=\"3232\" data-end=\"3286\"><strong data-start=\"3235\" data-end=\"3260\">Design ergon\u00f4mico do bot\u00e3o<\/strong> para conforto e controle<\/p>\n<\/li>\n<li class=\"\" data-start=\"3287\" data-end=\"3366\">\n<p class=\"\" data-start=\"3289\" data-end=\"3366\"><strong data-start=\"3292\" data-end=\"3315\">Porta-chaves integrado<\/strong> - \u00fatil para cord\u00e3o, cabo de seguran\u00e7a ou amarra\u00e7\u00e3o<\/p>\n<\/li>\n<li class=\"\" data-start=\"3367\" data-end=\"3438\">\n<p class=\"\" data-start=\"3369\" data-end=\"3438\">\u2699\ufe0f <strong data-start=\"3372\" data-end=\"3413\">Tamanhos e acabamentos totalmente personaliz\u00e1veis<\/strong> para diferentes setores<\/p>\n<\/li>\n<\/ul>\n<hr class=\"\" data-start=\"3440\" data-end=\"3443\" \/>\n<h2 class=\"\" data-start=\"3445\" data-end=\"3472\">Informa\u00e7\u00f5es sobre pedidos<\/h2>\n<p class=\"\" data-start=\"3474\" data-end=\"3525\">Ao fazer uma consulta ou um pedido, especifique:<\/p>\n<ul data-start=\"3526\" data-end=\"3673\">\n<li class=\"\" data-start=\"3526\" data-end=\"3556\">\n<p class=\"\" data-start=\"3528\" data-end=\"3556\">Di\u00e2metro do pino e comprimento do punho<\/p>\n<\/li>\n<li class=\"\" data-start=\"3557\" data-end=\"3602\">\n<p class=\"\" data-start=\"3559\" data-end=\"3602\">Tipo e cor da al\u00e7a (preta, azul, personalizada)<\/p>\n<\/li>\n<li class=\"\" data-start=\"3603\" data-end=\"3615\">\n<p class=\"\" data-start=\"3605\" data-end=\"3615\">Quantidade<\/p>\n<\/li>\n<li class=\"\" data-start=\"3616\" data-end=\"3673\">\n<p class=\"\" data-start=\"3618\" data-end=\"3673\">Quaisquer requisitos de embalagem, logotipo ou certificado personalizados<\/p>\n<\/li>\n<\/ul>\n<p class=\"\" data-start=\"3675\" data-end=\"3747\">Desenhos em CAD e suporte t\u00e9cnico est\u00e3o dispon\u00edveis para an\u00e1lise de engenharia.<\/p>","protected":false},"excerpt":{"rendered":"<p><strong>Pino de trava esf\u00e9rica<\/strong> Compacto e confi\u00e1vel, com eixo e chaveiro de a\u00e7o inoxid\u00e1vel. Projetado para travamento r\u00e1pido e repet\u00edvel em ambientes industriais exigentes. <strong data-start=\"590\" data-end=\"662\">Material e dimens\u00f5es personaliz\u00e1veis para atender \u00e0s necessidades de sua aplica\u00e7\u00e3o.<\/strong><\/p>","protected":false},"featured_media":1812,"comment_status":"closed","ping_status":"closed","template":"","meta":{"site-sidebar-layout":"default","site-content-layout":"","ast-site-content-layout":"default","site-content-style":"default","site-sidebar-style":"default","ast-global-header-display":"","ast-banner-title-visibility":"","ast-main-header-display":"","ast-hfb-above-header-display":"","ast-hfb-below-header-display":"","ast-hfb-mobile-header-display":"","site-post-title":"","ast-breadcrumbs-content":"","ast-featured-img":"","footer-sml-layout":"","ast-disable-related-posts":"","theme-transparent-header-meta":"default","adv-header-id-meta":"","stick-header-meta":"","header-above-stick-meta":"","header-main-stick-meta":"","header-below-stick-meta":"","astra-migrate-meta-layouts":"set","ast-page-background-enabled":"default","ast-page-background-meta":{"desktop":{"background-color":"var(--ast-global-color-4)","background-image":"","background-repeat":"repeat","background-position":"center center","background-size":"auto","background-attachment":"scroll","background-type":"","background-media":"","overlay-type":"","overlay-color":"","overlay-opacity":"","overlay-gradient":""},"tablet":{"background-color":"","background-image":"","background-repeat":"repeat","background-position":"center center","background-size":"auto","background-attachment":"scroll","background-type":"","background-media":"","overlay-type":"","overlay-color":"","overlay-opacity":"","overlay-gradient":""},"mobile":{"background-color":"","background-image":"","background-repeat":"repeat","background-position":"center center","background-size":"auto","background-attachment":"scroll","background-type":"","background-media":"","overlay-type":"","overlay-color":"","overlay-opacity":"","overlay-gradient":""}},"ast-content-background-meta":{"desktop":{"background-color":"var(--ast-global-color-5)","background-image":"","background-repeat":"repeat","background-position":"center center","background-size":"auto","background-attachment":"scroll","background-type":"","background-media":"","overlay-type":"","overlay-color":"","overlay-opacity":"","overlay-gradient":""},"tablet":{"background-color":"var(--ast-global-color-5)","background-image":"","background-repeat":"repeat","background-position":"center center","background-size":"auto","background-attachment":"scroll","background-type":"","background-media":"","overlay-type":"","overlay-color":"","overlay-opacity":"","overlay-gradient":""},"mobile":{"background-color":"var(--ast-global-color-5)","background-image":"","background-repeat":"repeat","background-position":"center center","background-size":"auto","background-attachment":"scroll","background-type":"","background-media":"","overlay-type":"","overlay-color":"","overlay-opacity":"","overlay-gradient":""}}},"product_brand":[],"product_cat":[159],"product_tag":[],"class_list":{"0":"post-1694","1":"product","2":"type-product","3":"status-publish","4":"has-post-thumbnail","6":"product_cat-quick-release-pin","8":"first","9":"instock","10":"shipping-taxable","11":"product-type-simple"},"_links":{"self":[{"href":"https:\/\/www.sknfastener.com\/pt\/wp-json\/wp\/v2\/product\/1694","targetHints":{"allow":["GET"]}}],"collection":[{"href":"https:\/\/www.sknfastener.com\/pt\/wp-json\/wp\/v2\/product"}],"about":[{"href":"https:\/\/www.sknfastener.com\/pt\/wp-json\/wp\/v2\/types\/product"}],"replies":[{"embeddable":true,"href":"https:\/\/www.sknfastener.com\/pt\/wp-json\/wp\/v2\/comments?post=1694"}],"version-history":[{"count":1,"href":"https:\/\/www.sknfastener.com\/pt\/wp-json\/wp\/v2\/product\/1694\/revisions"}],"predecessor-version":[{"id":1831,"href":"https:\/\/www.sknfastener.com\/pt\/wp-json\/wp\/v2\/product\/1694\/revisions\/1831"}],"wp:featuredmedia":[{"embeddable":true,"href":"https:\/\/www.sknfastener.com\/pt\/wp-json\/wp\/v2\/media\/1812"}],"wp:attachment":[{"href":"https:\/\/www.sknfastener.com\/pt\/wp-json\/wp\/v2\/media?parent=1694"}],"wp:term":[{"taxonomy":"product_brand","embeddable":true,"href":"https:\/\/www.sknfastener.com\/pt\/wp-json\/wp\/v2\/product_brand?post=1694"},{"taxonomy":"product_cat","embeddable":true,"href":"https:\/\/www.sknfastener.com\/pt\/wp-json\/wp\/v2\/product_cat?post=1694"},{"taxonomy":"product_tag","embeddable":true,"href":"https:\/\/www.sknfastener.com\/pt\/wp-json\/wp\/v2\/product_tag?post=1694"}],"curies":[{"name":"wp","href":"https:\/\/api.w.org\/{rel}","templated":true}]}}