{"id":1712,"date":"2025-05-15T09:45:32","date_gmt":"2025-05-15T09:45:32","guid":{"rendered":"https:\/\/www.sknfastener.com\/?post_type=product&#038;p=1712"},"modified":"2025-05-20T20:31:20","modified_gmt":"2025-05-20T12:31:20","slug":"ball-lock-pins-near-me","status":"publish","type":"product","link":"https:\/\/www.sknfastener.com\/pt\/produto\/ball-lock-pins-near-me\/","title":{"rendered":"Pinos Ball Lock perto de mim"},"content":{"rendered":"<h2 class=\"\" data-start=\"552\" data-end=\"578\">Pinos de trava esf\u00e9rica perto de mim Descri\u00e7\u00e3o<\/h2>\n<p class=\"\" data-start=\"580\" data-end=\"847\">O <strong data-start=\"584\" data-end=\"626\">Pino de libera\u00e7\u00e3o r\u00e1pida com trava esf\u00e9rica s\u00e9rie 301<\/strong> foi projetado para uma fixa\u00e7\u00e3o r\u00e1pida e repet\u00edvel em ambientes de trabalho exigentes. Apresentando um <strong data-start=\"719\" data-end=\"748\">eixo de a\u00e7o inoxid\u00e1vel 304<\/strong>Por isso, esse pino oferece for\u00e7a, resist\u00eancia \u00e0 corros\u00e3o e desempenho est\u00e1vel em v\u00e1rios setores.<\/p>\n<p class=\"\" data-start=\"849\" data-end=\"1258\">Um bot\u00e3o de press\u00e3o com mola na parte superior permite a f\u00e1cil retra\u00e7\u00e3o das esferas de travamento, possibilitando a inser\u00e7\u00e3o ou remo\u00e7\u00e3o suave do pino. Uma vez liberadas, as esferas endurecidas travam firmemente no lugar. O <strong data-start=\"1048\" data-end=\"1077\">Cabo ergon\u00f4mico de alum\u00ednio<\/strong> proporciona uma ader\u00eancia firme, enquanto o <strong data-start=\"1110\" data-end=\"1153\">cabo de amarra\u00e7\u00e3o de a\u00e7o inoxid\u00e1vel integrado<\/strong> garante que o pino permane\u00e7a preso \u00e0 sua montagem ou estrutura, evitando a perda durante a opera\u00e7\u00e3o ou o transporte.<\/p>\n<p class=\"\" data-start=\"1260\" data-end=\"1413\">Essa s\u00e9rie \u00e9 compat\u00edvel com v\u00e1rios di\u00e2metros de pino e comprimentos de garra, o que a torna adequada para acess\u00f3rios modulares, gabaritos, sistemas aeroespaciais, transporte e muito mais.<\/p>\n<hr class=\"\" data-start=\"1415\" data-end=\"1418\" \/>\n<h2 class=\"\" data-start=\"1420\" data-end=\"1439\">\u2705 Aplicativos<\/h2>\n<ul data-start=\"1441\" data-end=\"1699\">\n<li class=\"\" data-start=\"1441\" data-end=\"1480\">\n<p class=\"\" data-start=\"1443\" data-end=\"1480\">Equipamento de manuseio de solo aeroespacial<\/p>\n<\/li>\n<li class=\"\" data-start=\"1481\" data-end=\"1519\">\n<p class=\"\" data-start=\"1483\" data-end=\"1519\">Configura\u00e7\u00f5es de ferramentas e gabaritos automotivos<\/p>\n<\/li>\n<li class=\"\" data-start=\"1520\" data-end=\"1544\">\n<p class=\"\" data-start=\"1522\" data-end=\"1544\">Ferragens para conv\u00e9s mar\u00edtimo<\/p>\n<\/li>\n<li class=\"\" data-start=\"1545\" data-end=\"1578\">\n<p class=\"\" data-start=\"1547\" data-end=\"1578\">Acess\u00f3rios para m\u00e1quinas industriais<\/p>\n<\/li>\n<li class=\"\" data-start=\"1579\" data-end=\"1617\">\n<p class=\"\" data-start=\"1581\" data-end=\"1617\">Plataformas de manuten\u00e7\u00e3o de turbinas e\u00f3licas<\/p>\n<\/li>\n<li class=\"\" data-start=\"1618\" data-end=\"1658\">\n<p class=\"\" data-start=\"1620\" data-end=\"1658\">Pontos de travamento de andaimes de constru\u00e7\u00e3o<\/p>\n<\/li>\n<li class=\"\" data-start=\"1659\" data-end=\"1699\">\n<p class=\"\" data-start=\"1661\" data-end=\"1699\">Montagem do painel e fixa\u00e7\u00e3o da estrutura<\/p>\n<\/li>\n<\/ul>\n<hr class=\"\" data-start=\"1701\" data-end=\"1704\" \/>\n<h2 class=\"\" data-start=\"1706\" data-end=\"1735\">\u2705 Especifica\u00e7\u00f5es t\u00e9cnicas<\/h2>\n<div class=\"_tableContainer_16hzy_1\">\n<div class=\"_tableWrapper_16hzy_14 group flex w-fit flex-col-reverse\" tabindex=\"-1\">\n<table class=\"w-fit min-w-(--thread-content-width)\" data-start=\"1737\" data-end=\"2094\">\n<thead data-start=\"1737\" data-end=\"1780\">\n<tr data-start=\"1737\" data-end=\"1780\">\n<th data-start=\"1737\" data-end=\"1757\" data-col-size=\"sm\">Componente<\/th>\n<th data-start=\"1757\" data-end=\"1780\" data-col-size=\"sm\">Material<\/th>\n<\/tr>\n<\/thead>\n<tbody data-start=\"1824\" data-end=\"2094\">\n<tr data-start=\"1824\" data-end=\"1866\">\n<td data-start=\"1824\" data-end=\"1843\" data-col-size=\"sm\">Eixo do pino<\/td>\n<td data-col-size=\"sm\" data-start=\"1843\" data-end=\"1866\">A\u00e7o inoxid\u00e1vel 304<\/td>\n<\/tr>\n<tr data-start=\"1867\" data-end=\"1905\">\n<td data-start=\"1867\" data-end=\"1886\" data-col-size=\"sm\">Primavera<\/td>\n<td data-col-size=\"sm\" data-start=\"1886\" data-end=\"1905\">A\u00e7o inoxid\u00e1vel<\/td>\n<\/tr>\n<tr data-start=\"1906\" data-end=\"1937\">\n<td data-start=\"1906\" data-end=\"1925\" data-col-size=\"sm\">Al\u00e7a<\/td>\n<td data-col-size=\"sm\" data-start=\"1925\" data-end=\"1937\">Alum\u00ednio<\/td>\n<\/tr>\n<tr data-start=\"1938\" data-end=\"1977\">\n<td data-start=\"1938\" data-end=\"1957\" data-col-size=\"sm\">Bolas de travamento<\/td>\n<td data-col-size=\"sm\" data-start=\"1957\" data-end=\"1977\">SUS440C endurecido<\/td>\n<\/tr>\n<tr data-start=\"1978\" data-end=\"2016\">\n<td data-start=\"1978\" data-end=\"1997\" data-col-size=\"sm\">Bot\u00e3o<\/td>\n<td data-col-size=\"sm\" data-start=\"1997\" data-end=\"2016\">A\u00e7o inoxid\u00e1vel<\/td>\n<\/tr>\n<tr data-start=\"2017\" data-end=\"2055\">\n<td data-start=\"2017\" data-end=\"2036\" data-col-size=\"sm\">Cabo Tether<\/td>\n<td data-start=\"2036\" data-end=\"2055\" data-col-size=\"sm\">A\u00e7o inoxid\u00e1vel<\/td>\n<\/tr>\n<tr data-start=\"2056\" data-end=\"2094\">\n<td data-start=\"2056\" data-end=\"2075\" data-col-size=\"sm\">Anel (opcional)<\/td>\n<td data-col-size=\"sm\" data-start=\"2075\" data-end=\"2094\">A\u00e7o inoxid\u00e1vel<\/td>\n<\/tr>\n<\/tbody>\n<\/table>\n<div class=\"sticky end-(--thread-content-margin) h-0 self-end select-none\">\n<div class=\"absolute end-0 flex items-end\"><\/div>\n<\/div>\n<\/div>\n<\/div>\n<p class=\"\" data-start=\"2096\" data-end=\"2120\"><strong data-start=\"2096\" data-end=\"2120\">Dimens\u00f5es padr\u00e3o:<\/strong><\/p>\n<div class=\"_tableContainer_16hzy_1\">\n<div class=\"_tableWrapper_16hzy_14 group flex w-fit flex-col-reverse\" tabindex=\"-1\">\n<table class=\"w-fit min-w-(--thread-content-width)\" data-start=\"2122\" data-end=\"3141\">\n<thead data-start=\"2122\" data-end=\"2223\">\n<tr data-start=\"2122\" data-end=\"2223\">\n<th data-start=\"2122\" data-end=\"2130\" data-col-size=\"sm\">Modelo<\/th>\n<th data-start=\"2130\" data-end=\"2140\" data-col-size=\"sm\">\u00d8A (mm)<\/th>\n<th data-start=\"2140\" data-end=\"2159\" data-col-size=\"sm\">Comprimentos do punho (L)<\/th>\n<th data-start=\"2159\" data-end=\"2168\" data-col-size=\"sm\">B (mm)<\/th>\n<th data-start=\"2168\" data-end=\"2177\" data-col-size=\"sm\">C (mm)<\/th>\n<th data-start=\"2177\" data-end=\"2186\" data-col-size=\"sm\">D (mm)<\/th>\n<th data-start=\"2186\" data-end=\"2195\" data-col-size=\"sm\">E (mm)<\/th>\n<th data-start=\"2195\" data-end=\"2204\" data-col-size=\"sm\">G (mm)<\/th>\n<th data-start=\"2204\" data-end=\"2213\" data-col-size=\"sm\">H (mm)<\/th>\n<th data-start=\"2213\" data-end=\"2223\" data-col-size=\"sm\">J (mm)<\/th>\n<\/tr>\n<\/thead>\n<tbody data-start=\"2326\" data-end=\"3141\">\n<tr data-start=\"2326\" data-end=\"2427\">\n<td data-start=\"2326\" data-end=\"2334\" data-col-size=\"sm\">5<\/td>\n<td data-col-size=\"sm\" data-start=\"2334\" data-end=\"2344\">4.92<\/td>\n<td data-col-size=\"sm\" data-start=\"2344\" data-end=\"2363\">10-30<\/td>\n<td data-col-size=\"sm\" data-start=\"2363\" data-end=\"2372\">5.54<\/td>\n<td data-col-size=\"sm\" data-start=\"2372\" data-end=\"2381\">6<\/td>\n<td data-col-size=\"sm\" data-start=\"2381\" data-end=\"2390\">4<\/td>\n<td data-col-size=\"sm\" data-start=\"2390\" data-end=\"2399\">10<\/td>\n<td data-col-size=\"sm\" data-start=\"2399\" data-end=\"2408\">4<\/td>\n<td data-col-size=\"sm\" data-start=\"2408\" data-end=\"2417\">21<\/td>\n<td data-col-size=\"sm\" data-start=\"2417\" data-end=\"2427\">18<\/td>\n<\/tr>\n<tr data-start=\"2428\" data-end=\"2529\">\n<td data-start=\"2428\" data-end=\"2436\" data-col-size=\"sm\">6<\/td>\n<td data-col-size=\"sm\" data-start=\"2436\" data-end=\"2446\">5.92<\/td>\n<td data-col-size=\"sm\" data-start=\"2446\" data-end=\"2465\">10-30<\/td>\n<td data-col-size=\"sm\" data-start=\"2465\" data-end=\"2474\">6.99<\/td>\n<td data-col-size=\"sm\" data-start=\"2474\" data-end=\"2483\">7<\/td>\n<td data-col-size=\"sm\" data-start=\"2483\" data-end=\"2492\">4<\/td>\n<td data-col-size=\"sm\" data-start=\"2492\" data-end=\"2501\">10<\/td>\n<td data-col-size=\"sm\" data-start=\"2501\" data-end=\"2510\">4<\/td>\n<td data-col-size=\"sm\" data-start=\"2510\" data-end=\"2519\">21<\/td>\n<td data-col-size=\"sm\" data-start=\"2519\" data-end=\"2529\">18<\/td>\n<\/tr>\n<tr data-start=\"2530\" data-end=\"2631\">\n<td data-start=\"2530\" data-end=\"2538\" data-col-size=\"sm\">8<\/td>\n<td data-col-size=\"sm\" data-start=\"2538\" data-end=\"2548\">7.92<\/td>\n<td data-col-size=\"sm\" data-start=\"2548\" data-end=\"2567\">10-40<\/td>\n<td data-col-size=\"sm\" data-start=\"2567\" data-end=\"2576\">9.42<\/td>\n<td data-col-size=\"sm\" data-start=\"2576\" data-end=\"2585\">8<\/td>\n<td data-col-size=\"sm\" data-start=\"2585\" data-end=\"2594\">5<\/td>\n<td data-col-size=\"sm\" data-start=\"2594\" data-end=\"2603\">13<\/td>\n<td data-col-size=\"sm\" data-start=\"2603\" data-end=\"2612\">4<\/td>\n<td data-col-size=\"sm\" data-start=\"2612\" data-end=\"2621\">22<\/td>\n<td data-col-size=\"sm\" data-start=\"2621\" data-end=\"2631\">20<\/td>\n<\/tr>\n<tr data-start=\"2632\" data-end=\"2733\">\n<td data-start=\"2632\" data-end=\"2640\" data-col-size=\"sm\">10<\/td>\n<td data-col-size=\"sm\" data-start=\"2640\" data-end=\"2650\">9.92<\/td>\n<td data-col-size=\"sm\" data-start=\"2650\" data-end=\"2669\">10-55<\/td>\n<td data-col-size=\"sm\" data-start=\"2669\" data-end=\"2678\">11.86<\/td>\n<td data-col-size=\"sm\" data-start=\"2678\" data-end=\"2687\">8<\/td>\n<td data-col-size=\"sm\" data-start=\"2687\" data-end=\"2696\">6<\/td>\n<td data-col-size=\"sm\" data-start=\"2696\" data-end=\"2705\">13<\/td>\n<td data-col-size=\"sm\" data-start=\"2705\" data-end=\"2714\">4<\/td>\n<td data-col-size=\"sm\" data-start=\"2714\" data-end=\"2723\">24<\/td>\n<td data-col-size=\"sm\" data-start=\"2723\" data-end=\"2733\">22<\/td>\n<\/tr>\n<tr data-start=\"2734\" data-end=\"2835\">\n<td data-start=\"2734\" data-end=\"2742\" data-col-size=\"sm\">12<\/td>\n<td data-col-size=\"sm\" data-start=\"2742\" data-end=\"2752\">11.92<\/td>\n<td data-col-size=\"sm\" data-start=\"2752\" data-end=\"2771\">60-80<\/td>\n<td data-col-size=\"sm\" data-start=\"2771\" data-end=\"2780\">14.45<\/td>\n<td data-col-size=\"sm\" data-start=\"2780\" data-end=\"2789\">9<\/td>\n<td data-col-size=\"sm\" data-start=\"2789\" data-end=\"2798\">7<\/td>\n<td data-col-size=\"sm\" data-start=\"2798\" data-end=\"2807\">16<\/td>\n<td data-col-size=\"sm\" data-start=\"2807\" data-end=\"2816\">5<\/td>\n<td data-col-size=\"sm\" data-start=\"2816\" data-end=\"2825\">26<\/td>\n<td data-col-size=\"sm\" data-start=\"2825\" data-end=\"2835\">24<\/td>\n<\/tr>\n<tr data-start=\"2836\" data-end=\"2937\">\n<td data-start=\"2836\" data-end=\"2844\" data-col-size=\"sm\">16<\/td>\n<td data-col-size=\"sm\" data-start=\"2844\" data-end=\"2854\">15.92<\/td>\n<td data-col-size=\"sm\" data-start=\"2854\" data-end=\"2873\">65-100<\/td>\n<td data-col-size=\"sm\" data-start=\"2873\" data-end=\"2882\">19<\/td>\n<td data-col-size=\"sm\" data-start=\"2882\" data-end=\"2891\">15<\/td>\n<td data-col-size=\"sm\" data-start=\"2891\" data-end=\"2900\">10<\/td>\n<td data-col-size=\"sm\" data-start=\"2900\" data-end=\"2909\">23.8<\/td>\n<td data-col-size=\"sm\" data-start=\"2909\" data-end=\"2918\">12.5<\/td>\n<td data-col-size=\"sm\" data-start=\"2918\" data-end=\"2927\">29<\/td>\n<td data-col-size=\"sm\" data-start=\"2927\" data-end=\"2937\">44<\/td>\n<\/tr>\n<tr data-start=\"2938\" data-end=\"3039\">\n<td data-start=\"2938\" data-end=\"2946\" data-col-size=\"sm\">20<\/td>\n<td data-col-size=\"sm\" data-start=\"2946\" data-end=\"2956\">19.92<\/td>\n<td data-col-size=\"sm\" data-start=\"2956\" data-end=\"2975\">70-120<\/td>\n<td data-col-size=\"sm\" data-start=\"2975\" data-end=\"2984\">24.08<\/td>\n<td data-col-size=\"sm\" data-start=\"2984\" data-end=\"2993\">17<\/td>\n<td data-col-size=\"sm\" data-start=\"2993\" data-end=\"3002\">13<\/td>\n<td data-col-size=\"sm\" data-start=\"3002\" data-end=\"3011\">30<\/td>\n<td data-col-size=\"sm\" data-start=\"3011\" data-end=\"3020\">12.5<\/td>\n<td data-col-size=\"sm\" data-start=\"3020\" data-end=\"3029\">33<\/td>\n<td data-col-size=\"sm\" data-start=\"3029\" data-end=\"3039\">44<\/td>\n<\/tr>\n<tr data-start=\"3040\" data-end=\"3141\">\n<td data-start=\"3040\" data-end=\"3048\" data-col-size=\"sm\">25<\/td>\n<td data-start=\"3048\" data-end=\"3058\" data-col-size=\"sm\">24.92<\/td>\n<td data-col-size=\"sm\" data-start=\"3058\" data-end=\"3077\">80-150<\/td>\n<td data-col-size=\"sm\" data-start=\"3077\" data-end=\"3086\">30.94<\/td>\n<td data-col-size=\"sm\" data-start=\"3086\" data-end=\"3095\">22<\/td>\n<td data-col-size=\"sm\" data-start=\"3095\" data-end=\"3104\">18<\/td>\n<td data-col-size=\"sm\" data-start=\"3104\" data-end=\"3113\">31.8<\/td>\n<td data-col-size=\"sm\" data-start=\"3113\" data-end=\"3122\">17.4<\/td>\n<td data-col-size=\"sm\" data-start=\"3122\" data-end=\"3131\">37<\/td>\n<td data-col-size=\"sm\" data-start=\"3131\" data-end=\"3141\">53<\/td>\n<\/tr>\n<\/tbody>\n<\/table>\n<div class=\"sticky end-(--thread-content-margin) h-0 self-end select-none\">\n<div class=\"absolute end-0 flex items-end\"><\/div>\n<\/div>\n<\/div>\n<\/div>\n<p class=\"\" data-start=\"3143\" data-end=\"3237\">\ufe0f <em data-start=\"3147\" data-end=\"3237\">Di\u00e2metros, comprimentos e acess\u00f3rios antiperda personalizados (por exemplo, la\u00e7o de arame, corrente) s\u00e3o aceitos.<\/em><\/p>\n<hr class=\"\" data-start=\"3239\" data-end=\"3242\" \/>\n<h2 class=\"\" data-start=\"3244\" data-end=\"3261\">Principais recursos<\/h2>\n<ul data-start=\"3263\" data-end=\"3655\">\n<li class=\"\" data-start=\"3263\" data-end=\"3322\">\n<p class=\"\" data-start=\"3265\" data-end=\"3322\"><strong data-start=\"3268\" data-end=\"3293\">Opera\u00e7\u00e3o com bot\u00e3o de press\u00e3o<\/strong> para travamento\/destravamento r\u00e1pido<\/p>\n<\/li>\n<li class=\"\" data-start=\"3323\" data-end=\"3387\">\n<p class=\"\" data-start=\"3325\" data-end=\"3387\"><strong data-start=\"3328\" data-end=\"3356\">Projeto de travamento de esfera dupla<\/strong> garante uma for\u00e7a de reten\u00e7\u00e3o segura<\/p>\n<\/li>\n<li class=\"\" data-start=\"3388\" data-end=\"3456\">\n<p class=\"\" data-start=\"3390\" data-end=\"3456\"><strong data-start=\"3393\" data-end=\"3413\">Cabo anti-perda<\/strong> evita o posicionamento incorreto durante a desmontagem<\/p>\n<\/li>\n<li class=\"\" data-start=\"3457\" data-end=\"3531\">\n<p class=\"\" data-start=\"3459\" data-end=\"3531\"><strong data-start=\"3462\" data-end=\"3501\">Eixo de a\u00e7o inoxid\u00e1vel de alta resist\u00eancia<\/strong> para uso industrial repetido<\/p>\n<\/li>\n<li class=\"\" data-start=\"3532\" data-end=\"3595\">\n<p class=\"\" data-start=\"3534\" data-end=\"3595\">\ufe0f Dispon\u00edvel em uma ampla gama de di\u00e2metros e comprimentos de empunhadura<\/p>\n<\/li>\n<li class=\"\" data-start=\"3596\" data-end=\"3655\">\n<p class=\"\" data-start=\"3598\" data-end=\"3655\">Suporte OEM para desenhos especiais ou tamanhos fora do padr\u00e3o<\/p>\n<\/li>\n<\/ul>\n<hr class=\"\" data-start=\"3657\" data-end=\"3660\" \/>\n<h2 class=\"\" data-start=\"3662\" data-end=\"3681\">\u2705 Guia de pedidos<\/h2>\n<p class=\"\" data-start=\"3683\" data-end=\"3734\">Ao fazer um pedido ou uma solicita\u00e7\u00e3o, especifique:<\/p>\n<ul data-start=\"3735\" data-end=\"3874\">\n<li class=\"\" data-start=\"3735\" data-end=\"3766\">\n<p class=\"\" data-start=\"3737\" data-end=\"3766\">Di\u00e2metro do pino (por exemplo, \u00d810 mm)<\/p>\n<\/li>\n<li class=\"\" data-start=\"3767\" data-end=\"3796\">\n<p class=\"\" data-start=\"3769\" data-end=\"3796\">Comprimento do punho (por exemplo, 40 mm)<\/p>\n<\/li>\n<li class=\"\" data-start=\"3797\" data-end=\"3823\">\n<p class=\"\" data-start=\"3799\" data-end=\"3823\">Com ou sem cabo<\/p>\n<\/li>\n<li class=\"\" data-start=\"3824\" data-end=\"3836\">\n<p class=\"\" data-start=\"3826\" data-end=\"3836\">Quantidade<\/p>\n<\/li>\n<li class=\"\" data-start=\"3837\" data-end=\"3874\">\n<p class=\"\" data-start=\"3839\" data-end=\"3874\">Logotipo a laser\/r\u00f3tulo privado opcional<\/p>\n<\/li>\n<\/ul>","protected":false},"excerpt":{"rendered":"<p>Pinos de trava esf\u00e9rica para servi\u00e7os pesados com al\u00e7a de alum\u00ednio, eixo de a\u00e7o inoxid\u00e1vel 304 e cabo seguro antiperda. Projetado para posicionamento repet\u00edvel e travamento r\u00e1pido em aplica\u00e7\u00f5es industriais e estruturais. <strong data-start=\"492\" data-end=\"545\">O material e o tamanho podem ser personalizados mediante solicita\u00e7\u00e3o.<\/strong><\/p>","protected":false},"featured_media":1811,"comment_status":"closed","ping_status":"closed","template":"","meta":{"site-sidebar-layout":"default","site-content-layout":"","ast-site-content-layout":"default","site-content-style":"default","site-sidebar-style":"default","ast-global-header-display":"","ast-banner-title-visibility":"","ast-main-header-display":"","ast-hfb-above-header-display":"","ast-hfb-below-header-display":"","ast-hfb-mobile-header-display":"","site-post-title":"","ast-breadcrumbs-content":"","ast-featured-img":"","footer-sml-layout":"","ast-disable-related-posts":"","theme-transparent-header-meta":"default","adv-header-id-meta":"","stick-header-meta":"","header-above-stick-meta":"","header-main-stick-meta":"","header-below-stick-meta":"","astra-migrate-meta-layouts":"set","ast-page-background-enabled":"default","ast-page-background-meta":{"desktop":{"background-color":"var(--ast-global-color-4)","background-image":"","background-repeat":"repeat","background-position":"center center","background-size":"auto","background-attachment":"scroll","background-type":"","background-media":"","overlay-type":"","overlay-color":"","overlay-opacity":"","overlay-gradient":""},"tablet":{"background-color":"","background-image":"","background-repeat":"repeat","background-position":"center center","background-size":"auto","background-attachment":"scroll","background-type":"","background-media":"","overlay-type":"","overlay-color":"","overlay-opacity":"","overlay-gradient":""},"mobile":{"background-color":"","background-image":"","background-repeat":"repeat","background-position":"center center","background-size":"auto","background-attachment":"scroll","background-type":"","background-media":"","overlay-type":"","overlay-color":"","overlay-opacity":"","overlay-gradient":""}},"ast-content-background-meta":{"desktop":{"background-color":"var(--ast-global-color-5)","background-image":"","background-repeat":"repeat","background-position":"center center","background-size":"auto","background-attachment":"scroll","background-type":"","background-media":"","overlay-type":"","overlay-color":"","overlay-opacity":"","overlay-gradient":""},"tablet":{"background-color":"var(--ast-global-color-5)","background-image":"","background-repeat":"repeat","background-position":"center center","background-size":"auto","background-attachment":"scroll","background-type":"","background-media":"","overlay-type":"","overlay-color":"","overlay-opacity":"","overlay-gradient":""},"mobile":{"background-color":"var(--ast-global-color-5)","background-image":"","background-repeat":"repeat","background-position":"center center","background-size":"auto","background-attachment":"scroll","background-type":"","background-media":"","overlay-type":"","overlay-color":"","overlay-opacity":"","overlay-gradient":""}}},"product_brand":[],"product_cat":[19],"product_tag":[],"class_list":{"0":"post-1712","1":"product","2":"type-product","3":"status-publish","4":"has-post-thumbnail","6":"product_cat-fasteners","8":"first","9":"instock","10":"shipping-taxable","11":"product-type-simple"},"_links":{"self":[{"href":"https:\/\/www.sknfastener.com\/pt\/wp-json\/wp\/v2\/product\/1712","targetHints":{"allow":["GET"]}}],"collection":[{"href":"https:\/\/www.sknfastener.com\/pt\/wp-json\/wp\/v2\/product"}],"about":[{"href":"https:\/\/www.sknfastener.com\/pt\/wp-json\/wp\/v2\/types\/product"}],"replies":[{"embeddable":true,"href":"https:\/\/www.sknfastener.com\/pt\/wp-json\/wp\/v2\/comments?post=1712"}],"version-history":[{"count":1,"href":"https:\/\/www.sknfastener.com\/pt\/wp-json\/wp\/v2\/product\/1712\/revisions"}],"predecessor-version":[{"id":1824,"href":"https:\/\/www.sknfastener.com\/pt\/wp-json\/wp\/v2\/product\/1712\/revisions\/1824"}],"wp:featuredmedia":[{"embeddable":true,"href":"https:\/\/www.sknfastener.com\/pt\/wp-json\/wp\/v2\/media\/1811"}],"wp:attachment":[{"href":"https:\/\/www.sknfastener.com\/pt\/wp-json\/wp\/v2\/media?parent=1712"}],"wp:term":[{"taxonomy":"product_brand","embeddable":true,"href":"https:\/\/www.sknfastener.com\/pt\/wp-json\/wp\/v2\/product_brand?post=1712"},{"taxonomy":"product_cat","embeddable":true,"href":"https:\/\/www.sknfastener.com\/pt\/wp-json\/wp\/v2\/product_cat?post=1712"},{"taxonomy":"product_tag","embeddable":true,"href":"https:\/\/www.sknfastener.com\/pt\/wp-json\/wp\/v2\/product_tag?post=1712"}],"curies":[{"name":"wp","href":"https:\/\/api.w.org\/{rel}","templated":true}]}}