{"id":1718,"date":"2025-05-15T09:56:16","date_gmt":"2025-05-15T09:56:16","guid":{"rendered":"https:\/\/www.sknfastener.com\/?post_type=product&#038;p=1718"},"modified":"2025-05-20T20:30:35","modified_gmt":"2025-05-20T12:30:35","slug":"quick-release-pin","status":"publish","type":"product","link":"https:\/\/www.sknfastener.com\/pt\/produto\/quick-release-pin\/","title":{"rendered":"Pino de libera\u00e7\u00e3o r\u00e1pida"},"content":{"rendered":"<h2 class=\"\" data-start=\"516\" data-end=\"542\">Descri\u00e7\u00e3o do pino de libera\u00e7\u00e3o r\u00e1pida<\/h2>\n<p class=\"\" data-start=\"544\" data-end=\"916\">Esse pino de libera\u00e7\u00e3o r\u00e1pida oferece uma solu\u00e7\u00e3o simples e eficaz para travamento r\u00e1pido e repet\u00edvel em ambientes de alto uso. A estrutura central consiste em um <strong data-start=\"705\" data-end=\"740\">eixo s\u00f3lido de a\u00e7o inoxid\u00e1vel 304<\/strong>projetada para oferecer for\u00e7a e resist\u00eancia \u00e0 corros\u00e3o. A cabe\u00e7a superior redonda inclui um <strong data-start=\"825\" data-end=\"848\">bot\u00e3o central<\/strong>permitindo que as duas esferas de travamento na ponta se retraiam quando pressionadas.<\/p>\n<p class=\"\" data-start=\"918\" data-end=\"1215\">Uma vez inserido em um orif\u00edcio de encaixe, a libera\u00e7\u00e3o do bot\u00e3o permite que as esferas de travamento se expandam e mantenham o pino no lugar com seguran\u00e7a. Esse mecanismo torna o produto ideal para aplica\u00e7\u00f5es que exigem <strong data-start=\"1110\" data-end=\"1153\">engate e libera\u00e7\u00e3o r\u00e1pidos e sem ferramentas<\/strong>especialmente em configura\u00e7\u00f5es que s\u00e3o alteradas ou movidas com frequ\u00eancia.<\/p>\n<p class=\"\" data-start=\"1217\" data-end=\"1433\">A parte superior da al\u00e7a est\u00e1 dispon\u00edvel em v\u00e1rias cores anodizadas para facilitar a identifica\u00e7\u00e3o. Com design compacto e altamente dur\u00e1vel, esse pino \u00e9 comumente usado em dispositivos de gabarito, montagens de estrutura, esta\u00e7\u00f5es de teste e juntas estruturais.<\/p>\n<hr class=\"\" data-start=\"1435\" data-end=\"1438\" \/>\n<h2 class=\"\" data-start=\"1440\" data-end=\"1459\">\u2705 Aplicativos<\/h2>\n<ul data-start=\"1461\" data-end=\"1718\">\n<li class=\"\" data-start=\"1461\" data-end=\"1501\">\n<p class=\"\" data-start=\"1463\" data-end=\"1501\">Placas e equipamentos de fixa\u00e7\u00e3o modular<\/p>\n<\/li>\n<li class=\"\" data-start=\"1502\" data-end=\"1535\">\n<p class=\"\" data-start=\"1504\" data-end=\"1535\">Configura\u00e7\u00f5es rob\u00f3ticas e de automa\u00e7\u00e3o<\/p>\n<\/li>\n<li class=\"\" data-start=\"1536\" data-end=\"1569\">\n<p class=\"\" data-start=\"1538\" data-end=\"1569\">Esta\u00e7\u00f5es de teste e montagem<\/p>\n<\/li>\n<li class=\"\" data-start=\"1570\" data-end=\"1618\">\n<p class=\"\" data-start=\"1572\" data-end=\"1618\">Jigs automotivos e configura\u00e7\u00f5es de posicionamento r\u00e1pido<\/p>\n<\/li>\n<li class=\"\" data-start=\"1619\" data-end=\"1640\">\n<p class=\"\" data-start=\"1621\" data-end=\"1640\">Ferramentas aeroespaciais<\/p>\n<\/li>\n<li class=\"\" data-start=\"1641\" data-end=\"1674\">\n<p class=\"\" data-start=\"1643\" data-end=\"1674\">Sistemas de equipamento de palco ou de ilumina\u00e7\u00e3o<\/p>\n<\/li>\n<li class=\"\" data-start=\"1675\" data-end=\"1718\">\n<p class=\"\" data-start=\"1677\" data-end=\"1718\">Equipamentos para exerc\u00edcios ou estruturas dobr\u00e1veis<\/p>\n<\/li>\n<\/ul>\n<hr class=\"\" data-start=\"1720\" data-end=\"1723\" \/>\n<h2 class=\"\" data-start=\"1725\" data-end=\"1756\">\u2705 Especifica\u00e7\u00f5es t\u00e9cnicas<\/h2>\n<div class=\"_tableContainer_16hzy_1\">\n<div class=\"_tableWrapper_16hzy_14 group flex w-fit flex-col-reverse\" tabindex=\"-1\">\n<table class=\"w-fit min-w-(--thread-content-width)\" data-start=\"1758\" data-end=\"2064\">\n<thead data-start=\"1758\" data-end=\"1801\">\n<tr data-start=\"1758\" data-end=\"1801\">\n<th data-start=\"1758\" data-end=\"1777\" data-col-size=\"sm\">Componente<\/th>\n<th data-start=\"1777\" data-end=\"1801\" data-col-size=\"sm\">Material<\/th>\n<\/tr>\n<\/thead>\n<tbody data-start=\"1846\" data-end=\"2064\">\n<tr data-start=\"1846\" data-end=\"1888\">\n<td data-start=\"1846\" data-end=\"1865\" data-col-size=\"sm\">Corpo do pino<\/td>\n<td data-start=\"1865\" data-end=\"1888\" data-col-size=\"sm\">A\u00e7o inoxid\u00e1vel 304<\/td>\n<\/tr>\n<tr data-start=\"1889\" data-end=\"1936\">\n<td data-start=\"1889\" data-end=\"1908\" data-col-size=\"sm\">Bolas de travamento<\/td>\n<td data-col-size=\"sm\" data-start=\"1908\" data-end=\"1936\">A\u00e7o inoxid\u00e1vel endurecido<\/td>\n<\/tr>\n<tr data-start=\"1937\" data-end=\"1975\">\n<td data-start=\"1937\" data-end=\"1956\" data-col-size=\"sm\">Mecanismo de molas<\/td>\n<td data-col-size=\"sm\" data-start=\"1956\" data-end=\"1975\">A\u00e7o inoxid\u00e1vel<\/td>\n<\/tr>\n<tr data-start=\"1976\" data-end=\"2016\">\n<td data-start=\"1976\" data-end=\"1995\" data-col-size=\"sm\">Cabe\u00e7a de bot\u00e3o<\/td>\n<td data-col-size=\"sm\" data-start=\"1995\" data-end=\"2016\">Alum\u00ednio anodizado<\/td>\n<\/tr>\n<tr data-start=\"2017\" data-end=\"2064\">\n<td data-start=\"2017\" data-end=\"2045\" data-col-size=\"sm\">Anel de reten\u00e7\u00e3o (opcional)<\/td>\n<td data-start=\"2045\" data-end=\"2064\" data-col-size=\"sm\">A\u00e7o inoxid\u00e1vel<\/td>\n<\/tr>\n<\/tbody>\n<\/table>\n<div class=\"sticky end-(--thread-content-margin) h-0 self-end select-none\">\n<div class=\"absolute end-0 flex items-end\"><\/div>\n<\/div>\n<\/div>\n<\/div>\n<p class=\"\" data-start=\"2066\" data-end=\"2088\"><strong data-start=\"2066\" data-end=\"2086\">Faixas padr\u00e3o:<\/strong><\/p>\n<ul data-start=\"2089\" data-end=\"2285\">\n<li class=\"\" data-start=\"2089\" data-end=\"2119\">\n<p class=\"\" data-start=\"2091\" data-end=\"2119\"><strong data-start=\"2091\" data-end=\"2103\">Di\u00e2metro<\/strong>: 5 mm - 16 mm<\/p>\n<\/li>\n<li class=\"\" data-start=\"2120\" data-end=\"2161\">\n<p class=\"\" data-start=\"2122\" data-end=\"2161\"><strong data-start=\"2122\" data-end=\"2143\">Comprimento utiliz\u00e1vel (L)<\/strong>: 10 mm - 120 mm<\/p>\n<\/li>\n<li class=\"\" data-start=\"2162\" data-end=\"2221\">\n<p class=\"\" data-start=\"2164\" data-end=\"2221\"><strong data-start=\"2164\" data-end=\"2177\">Tipo de cabe\u00e7a<\/strong>: Cabe\u00e7a plana e redonda com bot\u00e3o de press\u00e3o central<\/p>\n<\/li>\n<li class=\"\" data-start=\"2222\" data-end=\"2285\">\n<p class=\"\" data-start=\"2224\" data-end=\"2285\"><strong data-start=\"2224\" data-end=\"2241\">Op\u00e7\u00f5es de cores<\/strong>: Preto, azul, vermelho, prata (anodizado personalizado)<\/p>\n<\/li>\n<\/ul>\n<p class=\"\" data-start=\"2287\" data-end=\"2382\">Dispon\u00edvel em comprimentos, di\u00e2metros ou estilos de al\u00e7a personalizados com base nos desenhos de sua aplica\u00e7\u00e3o.<\/p>\n<hr class=\"\" data-start=\"2384\" data-end=\"2387\" \/>\n<h2 class=\"\" data-start=\"2389\" data-end=\"2408\">Principais recursos<\/h2>\n<ul data-start=\"2410\" data-end=\"2712\">\n<li class=\"\" data-start=\"2410\" data-end=\"2479\">\n<p class=\"\" data-start=\"2412\" data-end=\"2479\"><strong data-start=\"2415\" data-end=\"2445\">Trava esf\u00e9rica acionada por mola<\/strong> com libera\u00e7\u00e3o simples por bot\u00e3o de press\u00e3o<\/p>\n<\/li>\n<li class=\"\" data-start=\"2480\" data-end=\"2526\">\n<p class=\"\" data-start=\"2482\" data-end=\"2526\">\ufe0f <strong data-start=\"2486\" data-end=\"2508\">Montagem sem ferramentas<\/strong> e desmontagem<\/p>\n<\/li>\n<li class=\"\" data-start=\"2527\" data-end=\"2603\">\n<p class=\"\" data-start=\"2529\" data-end=\"2603\"><strong data-start=\"2532\" data-end=\"2568\">Eixo robusto de a\u00e7o inoxid\u00e1vel 304<\/strong> para durabilidade no uso industrial<\/p>\n<\/li>\n<li class=\"\" data-start=\"2604\" data-end=\"2661\">\n<p class=\"\" data-start=\"2606\" data-end=\"2661\"><strong data-start=\"2609\" data-end=\"2635\">Tampa de bot\u00e3o com c\u00f3digo de cores<\/strong> para f\u00e1cil identifica\u00e7\u00e3o<\/p>\n<\/li>\n<li class=\"\" data-start=\"2662\" data-end=\"2712\">\n<p class=\"\" data-start=\"2664\" data-end=\"2712\"><strong data-start=\"2667\" data-end=\"2702\">Suporte a especifica\u00e7\u00f5es personalizadas<\/strong> (OEM\/ODM)<\/p>\n<\/li>\n<\/ul>\n<hr class=\"\" data-start=\"2714\" data-end=\"2717\" \/>\n<h2 class=\"\" data-start=\"2719\" data-end=\"2746\">\u2705 Pedido<\/h2>\n<h1 data-start=\"516\" data-end=\"542\">Pino de libera\u00e7\u00e3o r\u00e1pida<\/h1>\n<p class=\"\" data-start=\"2748\" data-end=\"2790\">Ao solicitar uma cota\u00e7\u00e3o, forne\u00e7a:<\/p>\n<ul data-start=\"2791\" data-end=\"2963\">\n<li class=\"\" data-start=\"2791\" data-end=\"2823\">\n<p class=\"\" data-start=\"2793\" data-end=\"2823\">Di\u00e2metro do eixo e comprimento do punho<\/p>\n<\/li>\n<li class=\"\" data-start=\"2824\" data-end=\"2845\">\n<p class=\"\" data-start=\"2826\" data-end=\"2845\">Quantidade necess\u00e1ria<\/p>\n<\/li>\n<li class=\"\" data-start=\"2846\" data-end=\"2885\">\n<p class=\"\" data-start=\"2848\" data-end=\"2885\">Cor do bot\u00e3o (se houver prefer\u00eancia)<\/p>\n<\/li>\n<li class=\"\" data-start=\"2886\" data-end=\"2923\">\n<p class=\"\" data-start=\"2888\" data-end=\"2923\">Op\u00e7\u00e3o de argola ou cabo (se necess\u00e1rio)<\/p>\n<\/li>\n<li class=\"\" data-start=\"2924\" data-end=\"2963\">\n<p class=\"\" data-start=\"2926\" data-end=\"2963\">Requisitos especiais de rotulagem ou logotipo<\/p>\n<\/li>\n<\/ul>","protected":false},"excerpt":{"rendered":"<p>Projetado com precis\u00e3o <strong data-start=\"255\" data-end=\"286\">pino de trava esf\u00e9rica de libera\u00e7\u00e3o r\u00e1pida<\/strong> com eixo de a\u00e7o inoxid\u00e1vel 304 e bot\u00e3o de press\u00e3o de alum\u00ednio anodizado. Projetado para fixa\u00e7\u00e3o sem ferramentas e travamento r\u00e1pido em montagens modulares e industriais. <strong data-start=\"448\" data-end=\"509\">Material e dimens\u00f5es personaliz\u00e1veis de acordo com sua aplica\u00e7\u00e3o.<\/strong><\/p>","protected":false},"featured_media":1810,"comment_status":"closed","ping_status":"closed","template":"","meta":{"site-sidebar-layout":"default","site-content-layout":"","ast-site-content-layout":"default","site-content-style":"default","site-sidebar-style":"default","ast-global-header-display":"","ast-banner-title-visibility":"","ast-main-header-display":"","ast-hfb-above-header-display":"","ast-hfb-below-header-display":"","ast-hfb-mobile-header-display":"","site-post-title":"","ast-breadcrumbs-content":"","ast-featured-img":"","footer-sml-layout":"","ast-disable-related-posts":"","theme-transparent-header-meta":"default","adv-header-id-meta":"","stick-header-meta":"","header-above-stick-meta":"","header-main-stick-meta":"","header-below-stick-meta":"","astra-migrate-meta-layouts":"set","ast-page-background-enabled":"default","ast-page-background-meta":{"desktop":{"background-color":"var(--ast-global-color-4)","background-image":"","background-repeat":"repeat","background-position":"center center","background-size":"auto","background-attachment":"scroll","background-type":"","background-media":"","overlay-type":"","overlay-color":"","overlay-opacity":"","overlay-gradient":""},"tablet":{"background-color":"","background-image":"","background-repeat":"repeat","background-position":"center center","background-size":"auto","background-attachment":"scroll","background-type":"","background-media":"","overlay-type":"","overlay-color":"","overlay-opacity":"","overlay-gradient":""},"mobile":{"background-color":"","background-image":"","background-repeat":"repeat","background-position":"center center","background-size":"auto","background-attachment":"scroll","background-type":"","background-media":"","overlay-type":"","overlay-color":"","overlay-opacity":"","overlay-gradient":""}},"ast-content-background-meta":{"desktop":{"background-color":"var(--ast-global-color-5)","background-image":"","background-repeat":"repeat","background-position":"center center","background-size":"auto","background-attachment":"scroll","background-type":"","background-media":"","overlay-type":"","overlay-color":"","overlay-opacity":"","overlay-gradient":""},"tablet":{"background-color":"var(--ast-global-color-5)","background-image":"","background-repeat":"repeat","background-position":"center center","background-size":"auto","background-attachment":"scroll","background-type":"","background-media":"","overlay-type":"","overlay-color":"","overlay-opacity":"","overlay-gradient":""},"mobile":{"background-color":"var(--ast-global-color-5)","background-image":"","background-repeat":"repeat","background-position":"center center","background-size":"auto","background-attachment":"scroll","background-type":"","background-media":"","overlay-type":"","overlay-color":"","overlay-opacity":"","overlay-gradient":""}}},"product_brand":[],"product_cat":[19],"product_tag":[],"class_list":{"0":"post-1718","1":"product","2":"type-product","3":"status-publish","4":"has-post-thumbnail","6":"product_cat-fasteners","8":"first","9":"instock","10":"shipping-taxable","11":"product-type-simple"},"_links":{"self":[{"href":"https:\/\/www.sknfastener.com\/pt\/wp-json\/wp\/v2\/product\/1718","targetHints":{"allow":["GET"]}}],"collection":[{"href":"https:\/\/www.sknfastener.com\/pt\/wp-json\/wp\/v2\/product"}],"about":[{"href":"https:\/\/www.sknfastener.com\/pt\/wp-json\/wp\/v2\/types\/product"}],"replies":[{"embeddable":true,"href":"https:\/\/www.sknfastener.com\/pt\/wp-json\/wp\/v2\/comments?post=1718"}],"version-history":[{"count":1,"href":"https:\/\/www.sknfastener.com\/pt\/wp-json\/wp\/v2\/product\/1718\/revisions"}],"predecessor-version":[{"id":1820,"href":"https:\/\/www.sknfastener.com\/pt\/wp-json\/wp\/v2\/product\/1718\/revisions\/1820"}],"wp:featuredmedia":[{"embeddable":true,"href":"https:\/\/www.sknfastener.com\/pt\/wp-json\/wp\/v2\/media\/1810"}],"wp:attachment":[{"href":"https:\/\/www.sknfastener.com\/pt\/wp-json\/wp\/v2\/media?parent=1718"}],"wp:term":[{"taxonomy":"product_brand","embeddable":true,"href":"https:\/\/www.sknfastener.com\/pt\/wp-json\/wp\/v2\/product_brand?post=1718"},{"taxonomy":"product_cat","embeddable":true,"href":"https:\/\/www.sknfastener.com\/pt\/wp-json\/wp\/v2\/product_cat?post=1718"},{"taxonomy":"product_tag","embeddable":true,"href":"https:\/\/www.sknfastener.com\/pt\/wp-json\/wp\/v2\/product_tag?post=1718"}],"curies":[{"name":"wp","href":"https:\/\/api.w.org\/{rel}","templated":true}]}}