{"id":1724,"date":"2025-05-15T10:04:25","date_gmt":"2025-05-15T10:04:25","guid":{"rendered":"https:\/\/www.sknfastener.com\/?post_type=product&#038;p=1724"},"modified":"2025-05-20T20:30:21","modified_gmt":"2025-05-20T12:30:21","slug":"quick-release-locking-pin","status":"publish","type":"product","link":"https:\/\/www.sknfastener.com\/pt\/produto\/quick-release-locking-pin\/","title":{"rendered":"Pino de trava esf\u00e9rica da al\u00e7a em T"},"content":{"rendered":"<h1><strong>Pino de travamento de libera\u00e7\u00e3o r\u00e1pida<\/strong><\/h1>\n<p class=\"\" data-start=\"521\" data-end=\"827\">combina opera\u00e7\u00e3o simples com alta durabilidade para aplica\u00e7\u00f5es de travamento industrial e estrutural. Seu eixo central, a mola interna e as esferas de travamento duplas s\u00e3o todos feitos de <strong data-start=\"722\" data-end=\"765\">a\u00e7o inoxid\u00e1vel 304 resistente \u00e0 corros\u00e3o<\/strong>O sistema de controle de qualidade \u00e9 um dos mais avan\u00e7ados do mundo, oferecendo desempenho consistente em ambientes exigentes.<\/p>\n<p class=\"\" data-start=\"829\" data-end=\"1111\">Esse pino apresenta uma ampla <strong data-start=\"854\" data-end=\"881\">Al\u00e7a pl\u00e1stica em forma de T<\/strong>A haste do cabo foi projetada para uma pegada confort\u00e1vel e libera\u00e7\u00e3o r\u00e1pida com uma s\u00f3 m\u00e3o. Quando o bot\u00e3o de press\u00e3o superior \u00e9 pressionado, as esferas de travamento se retraem para dentro da haste, permitindo a inser\u00e7\u00e3o ou a remo\u00e7\u00e3o. Uma vez liberadas, as esferas travam automaticamente na posi\u00e7\u00e3o.<\/p>\n<p class=\"\" data-start=\"1113\" data-end=\"1250\">Sua estrutura \u00e9 ideal para tarefas repetidas de montagem\/desmontagem, especialmente em gabaritos, acess\u00f3rios, estruturas modulares e esta\u00e7\u00f5es de ferramentas.<\/p>\n<h2 class=\"\" data-start=\"1257\" data-end=\"1276\">Aplicativos<\/h2>\n<ul data-start=\"1278\" data-end=\"1511\">\n<li class=\"\" data-start=\"1278\" data-end=\"1305\">\n<p class=\"\" data-start=\"1280\" data-end=\"1305\">Bloqueio de fixa\u00e7\u00e3o modular<\/p>\n<\/li>\n<li class=\"\" data-start=\"1306\" data-end=\"1333\">\n<p class=\"\" data-start=\"1308\" data-end=\"1333\">Equipamento de linha de montagem<\/p>\n<\/li>\n<li class=\"\" data-start=\"1334\" data-end=\"1369\">\n<p class=\"\" data-start=\"1336\" data-end=\"1369\">Sistemas de treli\u00e7a para palco ou ilumina\u00e7\u00e3o<\/p>\n<\/li>\n<li class=\"\" data-start=\"1370\" data-end=\"1409\">\n<p class=\"\" data-start=\"1372\" data-end=\"1409\">Ajuste da estrutura de esportes e fitness<\/p>\n<\/li>\n<li class=\"\" data-start=\"1410\" data-end=\"1431\">\n<p class=\"\" data-start=\"1412\" data-end=\"1431\">Ferramentas aeroespaciais<\/p>\n<\/li>\n<li class=\"\" data-start=\"1432\" data-end=\"1474\">\n<p class=\"\" data-start=\"1434\" data-end=\"1474\">Gabaritos automotivos e configura\u00e7\u00f5es de fabrica\u00e7\u00e3o<\/p>\n<\/li>\n<li class=\"\" data-start=\"1475\" data-end=\"1511\">\n<p class=\"\" data-start=\"1477\" data-end=\"1511\">Andaimes mar\u00edtimos ou de constru\u00e7\u00e3o<\/p>\n<\/li>\n<\/ul>\n<hr class=\"\" data-start=\"1513\" data-end=\"1516\" \/>\n<h2 class=\"\" data-start=\"1518\" data-end=\"1549\">\u2705 Especifica\u00e7\u00f5es t\u00e9cnicas<\/h2>\n<div class=\"_tableContainer_16hzy_1\">\n<div class=\"_tableWrapper_16hzy_14 group flex w-fit flex-col-reverse\" tabindex=\"-1\">\n<table class=\"w-fit min-w-(--thread-content-width)\" data-start=\"1551\" data-end=\"1809\">\n<thead data-start=\"1551\" data-end=\"1593\">\n<tr data-start=\"1551\" data-end=\"1593\">\n<th data-start=\"1551\" data-end=\"1571\" data-col-size=\"sm\">Componente<\/th>\n<th data-start=\"1571\" data-end=\"1593\" data-col-size=\"sm\">Material<\/th>\n<\/tr>\n<\/thead>\n<tbody data-start=\"1636\" data-end=\"1809\">\n<tr data-start=\"1636\" data-end=\"1678\">\n<td data-start=\"1636\" data-end=\"1655\" data-col-size=\"sm\">Pino<\/td>\n<td data-col-size=\"sm\" data-start=\"1655\" data-end=\"1678\">A\u00e7o inoxid\u00e1vel 304<\/td>\n<\/tr>\n<tr data-start=\"1679\" data-end=\"1721\">\n<td data-start=\"1679\" data-end=\"1698\" data-col-size=\"sm\">Primavera<\/td>\n<td data-start=\"1698\" data-end=\"1721\" data-col-size=\"sm\">A\u00e7o inoxid\u00e1vel 304<\/td>\n<\/tr>\n<tr data-start=\"1722\" data-end=\"1764\">\n<td data-start=\"1722\" data-end=\"1741\" data-col-size=\"sm\">Bola<\/td>\n<td data-col-size=\"sm\" data-start=\"1741\" data-end=\"1764\">A\u00e7o inoxid\u00e1vel 304<\/td>\n<\/tr>\n<tr data-start=\"1765\" data-end=\"1809\">\n<td data-start=\"1765\" data-end=\"1784\" data-col-size=\"sm\">Al\u00e7a<\/td>\n<td data-start=\"1784\" data-end=\"1809\" data-col-size=\"sm\">Pl\u00e1stico de alta resist\u00eancia<\/td>\n<\/tr>\n<\/tbody>\n<\/table>\n<div class=\"sticky end-(--thread-content-margin) h-0 self-end select-none\">\n<div class=\"absolute end-0 flex items-end\"><\/div>\n<\/div>\n<\/div>\n<\/div>\n<p class=\"\" data-start=\"1811\" data-end=\"1849\"><strong data-start=\"1811\" data-end=\"1849\">Dimens\u00f5es padr\u00e3o (modelo MT193):<\/strong><\/p>\n<div class=\"_tableContainer_16hzy_1\">\n<div class=\"_tableWrapper_16hzy_14 group flex w-fit flex-col-reverse\" tabindex=\"-1\">\n<table class=\"w-fit min-w-(--thread-content-width)\" data-start=\"1851\" data-end=\"2133\">\n<thead data-start=\"1851\" data-end=\"1881\">\n<tr data-start=\"1851\" data-end=\"1881\">\n<th data-start=\"1851\" data-end=\"1863\" data-col-size=\"sm\">Par\u00e2metro<\/th>\n<th data-start=\"1863\" data-end=\"1881\" data-col-size=\"sm\">Valor<\/th>\n<\/tr>\n<\/thead>\n<tbody data-start=\"1913\" data-end=\"2133\">\n<tr data-start=\"1913\" data-end=\"1947\">\n<td data-start=\"1913\" data-end=\"1926\" data-col-size=\"sm\">Di\u00e2metro A<\/td>\n<td data-start=\"1926\" data-end=\"1947\" data-col-size=\"sm\">5 mm a 20 mm (personalizado)<\/td>\n<\/tr>\n<tr data-start=\"1948\" data-end=\"1988\">\n<td data-start=\"1948\" data-end=\"1964\" data-col-size=\"sm\">Comprimento do punho L<\/td>\n<td data-col-size=\"sm\" data-start=\"1964\" data-end=\"1988\">10 mm-100 mm (\u00b10,5 mm)<\/td>\n<\/tr>\n<tr data-start=\"1989\" data-end=\"2032\">\n<td data-start=\"1989\" data-end=\"2003\" data-col-size=\"sm\">Tipo de al\u00e7a<\/td>\n<td data-col-size=\"sm\" data-start=\"2003\" data-end=\"2032\">Pega horizontal em forma de T<\/td>\n<\/tr>\n<tr data-start=\"2033\" data-end=\"2086\">\n<td data-start=\"2033\" data-end=\"2045\" data-col-size=\"sm\">Opera\u00e7\u00e3o<\/td>\n<td data-col-size=\"sm\" data-start=\"2045\" data-end=\"2086\">Mecanismo de retra\u00e7\u00e3o da esfera com bot\u00e3o de press\u00e3o<\/td>\n<\/tr>\n<tr data-start=\"2087\" data-end=\"2133\">\n<td data-start=\"2087\" data-end=\"2104\" data-col-size=\"sm\">Anel de reten\u00e7\u00e3o<\/td>\n<td data-col-size=\"sm\" data-start=\"2104\" data-end=\"2133\">Opcional, a\u00e7o inoxid\u00e1vel<\/td>\n<\/tr>\n<\/tbody>\n<\/table>\n<div class=\"sticky end-(--thread-content-margin) h-0 self-end select-none\">\n<div class=\"absolute end-0 flex items-end\"><\/div>\n<\/div>\n<\/div>\n<\/div>\n<p class=\"\" data-start=\"2135\" data-end=\"2187\">Suporte CAD completo e personaliza\u00e7\u00e3o OEM dispon\u00edveis.<\/p>\n<hr class=\"\" data-start=\"2189\" data-end=\"2192\" \/>\n<h2 class=\"\" data-start=\"2194\" data-end=\"2213\">Principais recursos<\/h2>\n<ul data-start=\"2215\" data-end=\"2506\">\n<li class=\"\" data-start=\"2215\" data-end=\"2277\">\n<p class=\"\" data-start=\"2217\" data-end=\"2277\">Mecanismo push-to-release para opera\u00e7\u00e3o r\u00e1pida e sem ferramentas<\/p>\n<\/li>\n<li class=\"\" data-start=\"2278\" data-end=\"2327\">\n<p class=\"\" data-start=\"2280\" data-end=\"2327\">As esferas de travamento duplo garantem uma fixa\u00e7\u00e3o segura<\/p>\n<\/li>\n<li class=\"\" data-start=\"2328\" data-end=\"2403\">\n<p class=\"\" data-start=\"2330\" data-end=\"2403\">Componentes em a\u00e7o inoxid\u00e1vel 304 para maior resist\u00eancia e resist\u00eancia \u00e0 corros\u00e3o<\/p>\n<\/li>\n<li class=\"\" data-start=\"2404\" data-end=\"2454\">\n<p class=\"\" data-start=\"2406\" data-end=\"2454\">\ufe0f Design com al\u00e7a em T grande para uma pegada manual firme<\/p>\n<\/li>\n<li class=\"\" data-start=\"2455\" data-end=\"2506\">\n<p class=\"\" data-start=\"2457\" data-end=\"2506\">Dimens\u00f5es personalizadas e op\u00e7\u00f5es de al\u00e7a dispon\u00edveis<\/p>\n<\/li>\n<\/ul>\n<hr class=\"\" data-start=\"2508\" data-end=\"2511\" \/>\n<h2 class=\"\" data-start=\"2513\" data-end=\"2536\">\u2705 Detalhes do pedido<\/h2>\n<p class=\"\" data-start=\"2538\" data-end=\"2575\">Ao enviar a consulta, especifique:<\/p>\n<ul data-start=\"2576\" data-end=\"2766\">\n<li class=\"\" data-start=\"2576\" data-end=\"2629\">\n<p class=\"\" data-start=\"2578\" data-end=\"2629\">Di\u00e2metro do pino e comprimento da garra (por exemplo, \u00d810 mm x 40 mm)<\/p>\n<\/li>\n<li class=\"\" data-start=\"2630\" data-end=\"2642\">\n<p class=\"\" data-start=\"2632\" data-end=\"2642\">Quantidade<\/p>\n<\/li>\n<li class=\"\" data-start=\"2643\" data-end=\"2680\">\n<p class=\"\" data-start=\"2645\" data-end=\"2680\">Necessidade de um anel de reten\u00e7\u00e3o ou de uma corda<\/p>\n<\/li>\n<li class=\"\" data-start=\"2681\" data-end=\"2727\">\n<p class=\"\" data-start=\"2683\" data-end=\"2727\">Marca ou embalagem personalizada (se necess\u00e1rio)<\/p>\n<\/li>\n<li class=\"\" data-start=\"2728\" data-end=\"2766\">\n<p class=\"\" data-start=\"2730\" data-end=\"2766\">Arquivo de desenho, se aplic\u00e1vel (PDF\/DWG)<\/p>\n<\/li>\n<\/ul>","protected":false},"excerpt":{"rendered":"<p><strong>Pino de travamento de libera\u00e7\u00e3o r\u00e1pida<\/strong> com haste e mola de a\u00e7o inoxid\u00e1vel 304, com empunhadura de pl\u00e1stico dur\u00e1vel. Ideal para travamento r\u00e1pido, posicionamento e libera\u00e7\u00e3o sem ferramentas. <strong data-start=\"420\" data-end=\"486\">O material e as dimens\u00f5es podem ser personalizados de acordo com sua aplica\u00e7\u00e3o.<\/strong><\/p>","protected":false},"featured_media":1800,"comment_status":"closed","ping_status":"closed","template":"","meta":{"site-sidebar-layout":"default","site-content-layout":"","ast-site-content-layout":"default","site-content-style":"default","site-sidebar-style":"default","ast-global-header-display":"","ast-banner-title-visibility":"","ast-main-header-display":"","ast-hfb-above-header-display":"","ast-hfb-below-header-display":"","ast-hfb-mobile-header-display":"","site-post-title":"","ast-breadcrumbs-content":"","ast-featured-img":"","footer-sml-layout":"","ast-disable-related-posts":"","theme-transparent-header-meta":"default","adv-header-id-meta":"","stick-header-meta":"","header-above-stick-meta":"","header-main-stick-meta":"","header-below-stick-meta":"","astra-migrate-meta-layouts":"set","ast-page-background-enabled":"default","ast-page-background-meta":{"desktop":{"background-color":"var(--ast-global-color-4)","background-image":"","background-repeat":"repeat","background-position":"center center","background-size":"auto","background-attachment":"scroll","background-type":"","background-media":"","overlay-type":"","overlay-color":"","overlay-opacity":"","overlay-gradient":""},"tablet":{"background-color":"","background-image":"","background-repeat":"repeat","background-position":"center center","background-size":"auto","background-attachment":"scroll","background-type":"","background-media":"","overlay-type":"","overlay-color":"","overlay-opacity":"","overlay-gradient":""},"mobile":{"background-color":"","background-image":"","background-repeat":"repeat","background-position":"center center","background-size":"auto","background-attachment":"scroll","background-type":"","background-media":"","overlay-type":"","overlay-color":"","overlay-opacity":"","overlay-gradient":""}},"ast-content-background-meta":{"desktop":{"background-color":"var(--ast-global-color-5)","background-image":"","background-repeat":"repeat","background-position":"center center","background-size":"auto","background-attachment":"scroll","background-type":"","background-media":"","overlay-type":"","overlay-color":"","overlay-opacity":"","overlay-gradient":""},"tablet":{"background-color":"var(--ast-global-color-5)","background-image":"","background-repeat":"repeat","background-position":"center center","background-size":"auto","background-attachment":"scroll","background-type":"","background-media":"","overlay-type":"","overlay-color":"","overlay-opacity":"","overlay-gradient":""},"mobile":{"background-color":"var(--ast-global-color-5)","background-image":"","background-repeat":"repeat","background-position":"center center","background-size":"auto","background-attachment":"scroll","background-type":"","background-media":"","overlay-type":"","overlay-color":"","overlay-opacity":"","overlay-gradient":""}}},"product_brand":[],"product_cat":[19],"product_tag":[],"class_list":{"0":"post-1724","1":"product","2":"type-product","3":"status-publish","4":"has-post-thumbnail","6":"product_cat-fasteners","8":"first","9":"instock","10":"shipping-taxable","11":"product-type-simple"},"_links":{"self":[{"href":"https:\/\/www.sknfastener.com\/pt\/wp-json\/wp\/v2\/product\/1724","targetHints":{"allow":["GET"]}}],"collection":[{"href":"https:\/\/www.sknfastener.com\/pt\/wp-json\/wp\/v2\/product"}],"about":[{"href":"https:\/\/www.sknfastener.com\/pt\/wp-json\/wp\/v2\/types\/product"}],"replies":[{"embeddable":true,"href":"https:\/\/www.sknfastener.com\/pt\/wp-json\/wp\/v2\/comments?post=1724"}],"version-history":[{"count":1,"href":"https:\/\/www.sknfastener.com\/pt\/wp-json\/wp\/v2\/product\/1724\/revisions"}],"predecessor-version":[{"id":1819,"href":"https:\/\/www.sknfastener.com\/pt\/wp-json\/wp\/v2\/product\/1724\/revisions\/1819"}],"wp:featuredmedia":[{"embeddable":true,"href":"https:\/\/www.sknfastener.com\/pt\/wp-json\/wp\/v2\/media\/1800"}],"wp:attachment":[{"href":"https:\/\/www.sknfastener.com\/pt\/wp-json\/wp\/v2\/media?parent=1724"}],"wp:term":[{"taxonomy":"product_brand","embeddable":true,"href":"https:\/\/www.sknfastener.com\/pt\/wp-json\/wp\/v2\/product_brand?post=1724"},{"taxonomy":"product_cat","embeddable":true,"href":"https:\/\/www.sknfastener.com\/pt\/wp-json\/wp\/v2\/product_cat?post=1724"},{"taxonomy":"product_tag","embeddable":true,"href":"https:\/\/www.sknfastener.com\/pt\/wp-json\/wp\/v2\/product_tag?post=1724"}],"curies":[{"name":"wp","href":"https:\/\/api.w.org\/{rel}","templated":true}]}}