{"id":1851,"date":"2025-05-20T21:12:27","date_gmt":"2025-05-20T13:12:27","guid":{"rendered":"https:\/\/www.sknfastener.com\/?post_type=product&#038;p=1851"},"modified":"2025-05-20T21:12:27","modified_gmt":"2025-05-20T13:12:27","slug":"steel-shaft-collar-with-set-screw-round-bore","status":"publish","type":"product","link":"https:\/\/www.sknfastener.com\/pt\/produto\/steel-shaft-collar-with-set-screw-round-bore\/","title":{"rendered":"Colar de eixo de a\u00e7o com parafuso de fixa\u00e7\u00e3o | furo redondo"},"content":{"rendered":"<p class=\"\" data-start=\"506\" data-end=\"854\">Isso <strong data-start=\"511\" data-end=\"548\">colar do eixo de a\u00e7o com parafuso de fixa\u00e7\u00e3o<\/strong> oferece uma solu\u00e7\u00e3o segura, compacta e econ\u00f4mica para o posicionamento axial, o espa\u00e7amento de componentes e a reten\u00e7\u00e3o do eixo. O colar apresenta um furo passante com toler\u00e2ncias usinadas com precis\u00e3o e um furo rosqueado para um <strong data-start=\"764\" data-end=\"788\">parafuso de fixa\u00e7\u00e3o com soquete hexagonal<\/strong>que trava o colar firmemente em um eixo redondo quando apertado.<\/p>\n<p class=\"\" data-start=\"856\" data-end=\"1071\">Comumente usado em equipamentos de automa\u00e7\u00e3o, maquin\u00e1rio industrial e montagens de transmiss\u00e3o de energia, esse colar de eixo oferece facilidade de instala\u00e7\u00e3o, reutiliza\u00e7\u00e3o e for\u00e7a de reten\u00e7\u00e3o s\u00f3lida sem danificar a superf\u00edcie do eixo.<\/p>\n<p class=\"\" data-start=\"1073\" data-end=\"1243\">Seu design \u00e9 ideal para aplica\u00e7\u00f5es que exigem ajustes, alinhamento ou remo\u00e7\u00e3o frequentes. O parafuso de ajuste hexagonal inclu\u00eddo permite um aperto r\u00e1pido com uma chave Allen padr\u00e3o.<\/p>","protected":false},"excerpt":{"rendered":"<p>Colar de eixo de a\u00e7o usinado com precis\u00e3o e parafuso de ajuste para posicionamento, espa\u00e7amento e reten\u00e7\u00e3o de eixo em montagens mec\u00e2nicas. Dispon\u00edvel em v\u00e1rios di\u00e2metros internos. <strong data-start=\"417\" data-end=\"471\">Material e dimens\u00f5es personaliz\u00e1veis mediante solicita\u00e7\u00e3o.<\/strong><\/p>","protected":false},"featured_media":1852,"comment_status":"open","ping_status":"closed","template":"","meta":{"site-sidebar-layout":"default","site-content-layout":"","ast-site-content-layout":"default","site-content-style":"default","site-sidebar-style":"default","ast-global-header-display":"","ast-banner-title-visibility":"","ast-main-header-display":"","ast-hfb-above-header-display":"","ast-hfb-below-header-display":"","ast-hfb-mobile-header-display":"","site-post-title":"","ast-breadcrumbs-content":"","ast-featured-img":"","footer-sml-layout":"","ast-disable-related-posts":"","theme-transparent-header-meta":"default","adv-header-id-meta":"","stick-header-meta":"","header-above-stick-meta":"","header-main-stick-meta":"","header-below-stick-meta":"","astra-migrate-meta-layouts":"set","ast-page-background-enabled":"default","ast-page-background-meta":{"desktop":{"background-color":"var(--ast-global-color-4)","background-image":"","background-repeat":"repeat","background-position":"center center","background-size":"auto","background-attachment":"scroll","background-type":"","background-media":"","overlay-type":"","overlay-color":"","overlay-opacity":"","overlay-gradient":""},"tablet":{"background-color":"","background-image":"","background-repeat":"repeat","background-position":"center center","background-size":"auto","background-attachment":"scroll","background-type":"","background-media":"","overlay-type":"","overlay-color":"","overlay-opacity":"","overlay-gradient":""},"mobile":{"background-color":"","background-image":"","background-repeat":"repeat","background-position":"center center","background-size":"auto","background-attachment":"scroll","background-type":"","background-media":"","overlay-type":"","overlay-color":"","overlay-opacity":"","overlay-gradient":""}},"ast-content-background-meta":{"desktop":{"background-color":"var(--ast-global-color-5)","background-image":"","background-repeat":"repeat","background-position":"center center","background-size":"auto","background-attachment":"scroll","background-type":"","background-media":"","overlay-type":"","overlay-color":"","overlay-opacity":"","overlay-gradient":""},"tablet":{"background-color":"var(--ast-global-color-5)","background-image":"","background-repeat":"repeat","background-position":"center center","background-size":"auto","background-attachment":"scroll","background-type":"","background-media":"","overlay-type":"","overlay-color":"","overlay-opacity":"","overlay-gradient":""},"mobile":{"background-color":"var(--ast-global-color-5)","background-image":"","background-repeat":"repeat","background-position":"center center","background-size":"auto","background-attachment":"scroll","background-type":"","background-media":"","overlay-type":"","overlay-color":"","overlay-opacity":"","overlay-gradient":""}}},"product_brand":[],"product_cat":[156],"product_tag":[],"class_list":{"0":"post-1851","1":"product","2":"type-product","3":"status-publish","4":"has-post-thumbnail","6":"product_cat-dowel-pin","8":"first","9":"instock","10":"shipping-taxable","11":"product-type-simple"},"_links":{"self":[{"href":"https:\/\/www.sknfastener.com\/pt\/wp-json\/wp\/v2\/product\/1851","targetHints":{"allow":["GET"]}}],"collection":[{"href":"https:\/\/www.sknfastener.com\/pt\/wp-json\/wp\/v2\/product"}],"about":[{"href":"https:\/\/www.sknfastener.com\/pt\/wp-json\/wp\/v2\/types\/product"}],"replies":[{"embeddable":true,"href":"https:\/\/www.sknfastener.com\/pt\/wp-json\/wp\/v2\/comments?post=1851"}],"version-history":[{"count":1,"href":"https:\/\/www.sknfastener.com\/pt\/wp-json\/wp\/v2\/product\/1851\/revisions"}],"predecessor-version":[{"id":1858,"href":"https:\/\/www.sknfastener.com\/pt\/wp-json\/wp\/v2\/product\/1851\/revisions\/1858"}],"wp:featuredmedia":[{"embeddable":true,"href":"https:\/\/www.sknfastener.com\/pt\/wp-json\/wp\/v2\/media\/1852"}],"wp:attachment":[{"href":"https:\/\/www.sknfastener.com\/pt\/wp-json\/wp\/v2\/media?parent=1851"}],"wp:term":[{"taxonomy":"product_brand","embeddable":true,"href":"https:\/\/www.sknfastener.com\/pt\/wp-json\/wp\/v2\/product_brand?post=1851"},{"taxonomy":"product_cat","embeddable":true,"href":"https:\/\/www.sknfastener.com\/pt\/wp-json\/wp\/v2\/product_cat?post=1851"},{"taxonomy":"product_tag","embeddable":true,"href":"https:\/\/www.sknfastener.com\/pt\/wp-json\/wp\/v2\/product_tag?post=1851"}],"curies":[{"name":"wp","href":"https:\/\/api.w.org\/{rel}","templated":true}]}}