{"id":1859,"date":"2025-05-20T21:35:23","date_gmt":"2025-05-20T13:35:23","guid":{"rendered":"https:\/\/www.sknfastener.com\/?post_type=product&#038;p=1859"},"modified":"2025-05-20T21:35:38","modified_gmt":"2025-05-20T13:35:38","slug":"precision-shoulder-bolt-hex-socket-head","status":"publish","type":"product","link":"https:\/\/www.sknfastener.com\/pt\/produto\/precision-shoulder-bolt-hex-socket-head\/","title":{"rendered":"Parafuso de ombro de precis\u00e3o - Cabe\u00e7a sextavada"},"content":{"rendered":"<p class=\"\" data-start=\"537\" data-end=\"865\">Isso <strong data-start=\"542\" data-end=\"559\">parafuso de ombro<\/strong>-tamb\u00e9m conhecido como <strong data-start=\"576\" data-end=\"594\">parafuso de ombro<\/strong>-O parafuso de fixa\u00e7\u00e3o de componentes de alta resist\u00eancia \u00e9 projetado para aplica\u00e7\u00f5es de alta resist\u00eancia que exigem alinhamento, deslizamento ou rota\u00e7\u00e3o precisos dos componentes. O projeto apresenta um ressalto longo, retificado com precis\u00e3o e com um di\u00e2metro consistente, combinado com uma se\u00e7\u00e3o rosqueada padr\u00e3o e uma cabe\u00e7a de soquete hexagonal para fixa\u00e7\u00e3o segura.<\/p>\n<p class=\"\" data-start=\"867\" data-end=\"1090\">O ressalto atua como um pino, espa\u00e7ador ou guia, comumente usado em gabaritos, acess\u00f3rios de ferramentas, montagens de matrizes, pe\u00e7as m\u00f3veis e articula\u00e7\u00f5es mec\u00e2nicas. A cabe\u00e7a de soquete hexagonal permite f\u00e1cil instala\u00e7\u00e3o e remo\u00e7\u00e3o com uma chave Allen.<\/p>\n<p class=\"\" data-start=\"1092\" data-end=\"1341\">Oferecido em <strong data-start=\"1103\" data-end=\"1127\">liga de a\u00e7o endurecido<\/strong> ou <strong data-start=\"1131\" data-end=\"1158\">a\u00e7o inoxid\u00e1vel 304\/316<\/strong>Por isso, esse parafuso \u00e9 adequado tanto para uso industrial de uso geral quanto para ambientes de alta corros\u00e3o. A personaliza\u00e7\u00e3o dimensional completa est\u00e1 dispon\u00edvel com base em seu desenho t\u00e9cnico ou amostra.<\/p>\n<h2 class=\"\" data-start=\"1348\" data-end=\"1367\">Aplicativos<\/h2>\n<ul data-start=\"1369\" data-end=\"1575\">\n<li class=\"\" data-start=\"1369\" data-end=\"1406\">\n<p class=\"\" data-start=\"1371\" data-end=\"1406\">Montagens de automa\u00e7\u00e3o e fixa\u00e7\u00e3o<\/p>\n<\/li>\n<li class=\"\" data-start=\"1407\" data-end=\"1445\">\n<p class=\"\" data-start=\"1409\" data-end=\"1445\">Rob\u00f3tica e sistemas de movimento linear<\/p>\n<\/li>\n<li class=\"\" data-start=\"1446\" data-end=\"1478\">\n<p class=\"\" data-start=\"1448\" data-end=\"1478\">Bases de molde e matrizes de estampagem<\/p>\n<\/li>\n<li class=\"\" data-start=\"1479\" data-end=\"1513\">\n<p class=\"\" data-start=\"1481\" data-end=\"1513\">Juntas rotativas e bra\u00e7os pivotantes<\/p>\n<\/li>\n<li class=\"\" data-start=\"1514\" data-end=\"1537\">\n<p class=\"\" data-start=\"1516\" data-end=\"1537\">Configura\u00e7\u00f5es de m\u00e1quinas-ferramenta<\/p>\n<\/li>\n<li class=\"\" data-start=\"1538\" data-end=\"1575\">\n<p class=\"\" data-start=\"1540\" data-end=\"1575\">Componentes automotivos e aeroespaciais<\/p>\n<\/li>\n<\/ul>\n<hr class=\"\" data-start=\"1577\" data-end=\"1580\" \/>\n<h2 class=\"\" data-start=\"1582\" data-end=\"1613\">\u2705 Especifica\u00e7\u00f5es t\u00e9cnicas<\/h2>\n<div class=\"_tableContainer_16hzy_1\">\n<div class=\"_tableWrapper_16hzy_14 group flex w-fit flex-col-reverse\" tabindex=\"-1\">\n<table class=\"w-fit min-w-(--thread-content-width)\" data-start=\"1615\" data-end=\"1877\">\n<thead data-start=\"1615\" data-end=\"1658\">\n<tr data-start=\"1615\" data-end=\"1658\">\n<th data-start=\"1615\" data-end=\"1634\" data-col-size=\"sm\">Componente<\/th>\n<th data-start=\"1634\" data-end=\"1658\" data-col-size=\"sm\">Op\u00e7\u00f5es de materiais<\/th>\n<\/tr>\n<\/thead>\n<tbody data-start=\"1703\" data-end=\"1877\">\n<tr data-start=\"1703\" data-end=\"1766\">\n<td data-start=\"1703\" data-end=\"1723\" data-col-size=\"sm\">Ombro e linha<\/td>\n<td data-col-size=\"sm\" data-start=\"1723\" data-end=\"1766\">Liga de a\u00e7o \/ a\u00e7o inoxid\u00e1vel 304 \/ 316<\/td>\n<\/tr>\n<tr data-start=\"1767\" data-end=\"1822\">\n<td data-start=\"1767\" data-end=\"1786\" data-col-size=\"sm\">Tipo de cabe\u00e7a<\/td>\n<td data-start=\"1786\" data-end=\"1822\" data-col-size=\"sm\">Cabe\u00e7a de soquete hexagonal (Allen padr\u00e3o)<\/td>\n<\/tr>\n<tr data-start=\"1823\" data-end=\"1877\">\n<td data-start=\"1823\" data-end=\"1842\" data-col-size=\"sm\">Tipo de rosca<\/td>\n<td data-start=\"1842\" data-end=\"1877\" data-col-size=\"sm\">M\u00e9trico \/ UNC \/ UNF (personaliz\u00e1vel)<\/td>\n<\/tr>\n<\/tbody>\n<\/table>\n<div class=\"sticky end-(--thread-content-margin) h-0 self-end select-none\">\n<div class=\"absolute end-0 flex items-end\"><\/div>\n<\/div>\n<\/div>\n<\/div>\n<p class=\"\" data-start=\"1879\" data-end=\"1899\"><strong data-start=\"1879\" data-end=\"1899\">Tamanhos dispon\u00edveis:<\/strong><\/p>\n<div class=\"_tableContainer_16hzy_1\">\n<div class=\"_tableWrapper_16hzy_14 group flex w-fit flex-col-reverse\" tabindex=\"-1\">\n<table class=\"w-fit min-w-(--thread-content-width)\" data-start=\"1901\" data-end=\"2220\">\n<thead data-start=\"1901\" data-end=\"1951\">\n<tr data-start=\"1901\" data-end=\"1951\">\n<th data-start=\"1901\" data-end=\"1921\" data-col-size=\"sm\">Par\u00e2metro<\/th>\n<th data-start=\"1921\" data-end=\"1951\" data-col-size=\"sm\">Faixa<\/th>\n<\/tr>\n<\/thead>\n<tbody data-start=\"2002\" data-end=\"2220\">\n<tr data-start=\"2002\" data-end=\"2038\">\n<td data-start=\"2002\" data-end=\"2022\" data-col-size=\"sm\">Di\u00e2metro do ombro<\/td>\n<td data-start=\"2022\" data-end=\"2038\" data-col-size=\"sm\">4 mm - 20 mm<\/td>\n<\/tr>\n<tr data-start=\"2039\" data-end=\"2076\">\n<td data-start=\"2039\" data-end=\"2059\" data-col-size=\"sm\">Comprimento do ombro<\/td>\n<td data-start=\"2059\" data-end=\"2076\" data-col-size=\"sm\">5 mm - 100 mm<\/td>\n<\/tr>\n<tr data-start=\"2077\" data-end=\"2133\">\n<td data-start=\"2077\" data-end=\"2097\" data-col-size=\"sm\">Comprimento da rosca<\/td>\n<td data-col-size=\"sm\" data-start=\"2097\" data-end=\"2133\">De acordo com o tamanho (personaliz\u00e1vel)<\/td>\n<\/tr>\n<tr data-start=\"2134\" data-end=\"2174\">\n<td data-start=\"2134\" data-end=\"2154\" data-col-size=\"sm\">Tamanho da rosca<\/td>\n<td data-start=\"2154\" data-end=\"2174\" data-col-size=\"sm\">M3-M16 \/ #4-5\/8\"<\/td>\n<\/tr>\n<tr data-start=\"2175\" data-end=\"2220\">\n<td data-start=\"2175\" data-end=\"2195\" data-col-size=\"sm\">Toler\u00e2ncia<\/td>\n<td data-start=\"2195\" data-end=\"2220\" data-col-size=\"sm\">h9 \/ precis\u00e3o personalizada<\/td>\n<\/tr>\n<\/tbody>\n<\/table>\n<div class=\"sticky end-(--thread-content-margin) h-0 self-end select-none\">\n<div class=\"absolute end-0 flex items-end\"><\/div>\n<\/div>\n<\/div>\n<\/div>\n<p class=\"\" data-start=\"2222\" data-end=\"2291\">As dimens\u00f5es e toler\u00e2ncias do OEM podem ser feitas de acordo com o desenho ou modelo CAD.<\/p>\n<hr class=\"\" data-start=\"2293\" data-end=\"2296\" \/>\n<h2 class=\"\" data-start=\"2298\" data-end=\"2317\">Principais recursos<\/h2>\n<ul data-start=\"2319\" data-end=\"2601\">\n<li class=\"\" data-start=\"2319\" data-end=\"2384\">\n<p class=\"\" data-start=\"2321\" data-end=\"2384\">Ombro retificado com precis\u00e3o para ajuste e alinhamento consistentes<\/p>\n<\/li>\n<li class=\"\" data-start=\"2385\" data-end=\"2447\">\n<p class=\"\" data-start=\"2387\" data-end=\"2447\">Cabe\u00e7a de soquete hexagonal para um aperto forte e resistente ao torque<\/p>\n<\/li>\n<li class=\"\" data-start=\"2448\" data-end=\"2495\">\n<p class=\"\" data-start=\"2450\" data-end=\"2495\">Fun\u00e7\u00e3o dupla como fixador e eixo<\/p>\n<\/li>\n<li class=\"\" data-start=\"2496\" data-end=\"2556\">\n<p class=\"\" data-start=\"2498\" data-end=\"2556\">Ideal para aplica\u00e7\u00f5es de localiza\u00e7\u00e3o, pivotamento ou deslizamento<\/p>\n<\/li>\n<li class=\"\" data-start=\"2557\" data-end=\"2601\">\n<p class=\"\" data-start=\"2559\" data-end=\"2601\">Dimens\u00f5es e roscas personalizadas dispon\u00edveis<\/p>\n<\/li>\n<\/ul>\n<hr class=\"\" data-start=\"2603\" data-end=\"2606\" \/>\n<h2 class=\"\" data-start=\"2608\" data-end=\"2635\">Informa\u00e7\u00f5es sobre pedidos<\/h2>\n<p class=\"\" data-start=\"2637\" data-end=\"2668\">Inclua em sua consulta:<\/p>\n<ul data-start=\"2669\" data-end=\"2840\">\n<li class=\"\" data-start=\"2669\" data-end=\"2699\">\n<p class=\"\" data-start=\"2671\" data-end=\"2699\">Di\u00e2metro e comprimento do ombro<\/p>\n<\/li>\n<li class=\"\" data-start=\"2700\" data-end=\"2740\">\n<p class=\"\" data-start=\"2702\" data-end=\"2740\">Tamanho e tipo da rosca (por exemplo, M8x1,25)<\/p>\n<\/li>\n<li class=\"\" data-start=\"2741\" data-end=\"2753\">\n<p class=\"\" data-start=\"2743\" data-end=\"2753\">Quantidade<\/p>\n<\/li>\n<li class=\"\" data-start=\"2754\" data-end=\"2804\">\n<p class=\"\" data-start=\"2756\" data-end=\"2804\">Material preferido (por exemplo, a\u00e7o inoxid\u00e1vel 304)<\/p>\n<\/li>\n<li class=\"\" data-start=\"2805\" data-end=\"2840\">\n<p class=\"\" data-start=\"2807\" data-end=\"2840\">Desenhos ou arquivos CAD, se dispon\u00edveis<\/p>\n<\/li>\n<\/ul>","protected":false},"excerpt":{"rendered":"<p>Usinado com precis\u00e3o <strong data-start=\"287\" data-end=\"325\">parafuso de ombro com cabe\u00e7a sextavada<\/strong>Ideal para localizar, girar ou guiar componentes em montagens mec\u00e2nicas. Dispon\u00edvel em a\u00e7o carbono ou a\u00e7o inoxid\u00e1vel. <strong data-start=\"451\" data-end=\"502\">O di\u00e2metro e o comprimento do ombro podem ser personalizados.<\/strong><\/p>","protected":false},"featured_media":1860,"comment_status":"open","ping_status":"closed","template":"","meta":{"site-sidebar-layout":"default","site-content-layout":"","ast-site-content-layout":"default","site-content-style":"default","site-sidebar-style":"default","ast-global-header-display":"","ast-banner-title-visibility":"","ast-main-header-display":"","ast-hfb-above-header-display":"","ast-hfb-below-header-display":"","ast-hfb-mobile-header-display":"","site-post-title":"","ast-breadcrumbs-content":"","ast-featured-img":"","footer-sml-layout":"","ast-disable-related-posts":"","theme-transparent-header-meta":"default","adv-header-id-meta":"","stick-header-meta":"","header-above-stick-meta":"","header-main-stick-meta":"","header-below-stick-meta":"","astra-migrate-meta-layouts":"set","ast-page-background-enabled":"default","ast-page-background-meta":{"desktop":{"background-color":"var(--ast-global-color-4)","background-image":"","background-repeat":"repeat","background-position":"center center","background-size":"auto","background-attachment":"scroll","background-type":"","background-media":"","overlay-type":"","overlay-color":"","overlay-opacity":"","overlay-gradient":""},"tablet":{"background-color":"","background-image":"","background-repeat":"repeat","background-position":"center center","background-size":"auto","background-attachment":"scroll","background-type":"","background-media":"","overlay-type":"","overlay-color":"","overlay-opacity":"","overlay-gradient":""},"mobile":{"background-color":"","background-image":"","background-repeat":"repeat","background-position":"center center","background-size":"auto","background-attachment":"scroll","background-type":"","background-media":"","overlay-type":"","overlay-color":"","overlay-opacity":"","overlay-gradient":""}},"ast-content-background-meta":{"desktop":{"background-color":"var(--ast-global-color-5)","background-image":"","background-repeat":"repeat","background-position":"center center","background-size":"auto","background-attachment":"scroll","background-type":"","background-media":"","overlay-type":"","overlay-color":"","overlay-opacity":"","overlay-gradient":""},"tablet":{"background-color":"var(--ast-global-color-5)","background-image":"","background-repeat":"repeat","background-position":"center center","background-size":"auto","background-attachment":"scroll","background-type":"","background-media":"","overlay-type":"","overlay-color":"","overlay-opacity":"","overlay-gradient":""},"mobile":{"background-color":"var(--ast-global-color-5)","background-image":"","background-repeat":"repeat","background-position":"center center","background-size":"auto","background-attachment":"scroll","background-type":"","background-media":"","overlay-type":"","overlay-color":"","overlay-opacity":"","overlay-gradient":""}}},"product_brand":[],"product_cat":[156],"product_tag":[],"class_list":{"0":"post-1859","1":"product","2":"type-product","3":"status-publish","4":"has-post-thumbnail","6":"product_cat-dowel-pin","8":"first","9":"instock","10":"shipping-taxable","11":"product-type-simple"},"_links":{"self":[{"href":"https:\/\/www.sknfastener.com\/pt\/wp-json\/wp\/v2\/product\/1859","targetHints":{"allow":["GET"]}}],"collection":[{"href":"https:\/\/www.sknfastener.com\/pt\/wp-json\/wp\/v2\/product"}],"about":[{"href":"https:\/\/www.sknfastener.com\/pt\/wp-json\/wp\/v2\/types\/product"}],"replies":[{"embeddable":true,"href":"https:\/\/www.sknfastener.com\/pt\/wp-json\/wp\/v2\/comments?post=1859"}],"version-history":[{"count":2,"href":"https:\/\/www.sknfastener.com\/pt\/wp-json\/wp\/v2\/product\/1859\/revisions"}],"predecessor-version":[{"id":1868,"href":"https:\/\/www.sknfastener.com\/pt\/wp-json\/wp\/v2\/product\/1859\/revisions\/1868"}],"wp:featuredmedia":[{"embeddable":true,"href":"https:\/\/www.sknfastener.com\/pt\/wp-json\/wp\/v2\/media\/1860"}],"wp:attachment":[{"href":"https:\/\/www.sknfastener.com\/pt\/wp-json\/wp\/v2\/media?parent=1859"}],"wp:term":[{"taxonomy":"product_brand","embeddable":true,"href":"https:\/\/www.sknfastener.com\/pt\/wp-json\/wp\/v2\/product_brand?post=1859"},{"taxonomy":"product_cat","embeddable":true,"href":"https:\/\/www.sknfastener.com\/pt\/wp-json\/wp\/v2\/product_cat?post=1859"},{"taxonomy":"product_tag","embeddable":true,"href":"https:\/\/www.sknfastener.com\/pt\/wp-json\/wp\/v2\/product_tag?post=1859"}],"curies":[{"name":"wp","href":"https:\/\/api.w.org\/{rel}","templated":true}]}}