{"id":1869,"date":"2025-05-20T21:44:58","date_gmt":"2025-05-20T13:44:58","guid":{"rendered":"https:\/\/www.sknfastener.com\/?post_type=product&#038;p=1869"},"modified":"2025-05-20T21:45:39","modified_gmt":"2025-05-20T13:45:39","slug":"flange-mount-shaft-collar","status":"publish","type":"product","link":"https:\/\/www.sknfastener.com\/pt\/produto\/flange-mount-shaft-collar\/","title":{"rendered":"Colar de eixo para montagem em flange com design de bra\u00e7adeira dividida"},"content":{"rendered":"<p class=\"\" data-start=\"543\" data-end=\"904\">Isso <strong data-start=\"548\" data-end=\"577\">colar de eixo de montagem de flange<\/strong> oferece for\u00e7a de reten\u00e7\u00e3o axial e facilidade de instala\u00e7\u00e3o, combinando um colar usinado com precis\u00e3o com um sistema integrado de fixa\u00e7\u00e3o. <strong data-start=\"690\" data-end=\"709\">flange de montagem<\/strong>. O design da bra\u00e7adeira dividida garante uma ader\u00eancia firme e uniforme ao redor do eixo, sem danificar ou deformar, enquanto o flange fornece uma base est\u00e1vel para montagem em superf\u00edcies, placas ou estruturas de equipamentos.<\/p>\n<p class=\"\" data-start=\"906\" data-end=\"1214\">O colarinho \u00e9 preso com um <strong data-start=\"937\" data-end=\"957\">parafuso sextavado interno<\/strong>que permite ajuste r\u00e1pido e travamento confi\u00e1vel. Ideal para uso em automa\u00e7\u00e3o, sistemas de movimento linear, eixos rotativos e montagens de fixa\u00e7\u00e3o, esse produto simplifica o alinhamento, limita o movimento do eixo e fixa com seguran\u00e7a os componentes em posi\u00e7\u00f5es fixas.<\/p>\n<p class=\"\" data-start=\"1216\" data-end=\"1375\">Dispon\u00edvel em <strong data-start=\"1229\" data-end=\"1253\">alum\u00ednio leve<\/strong> ou <strong data-start=\"1257\" data-end=\"1296\">a\u00e7o inoxid\u00e1vel resistente \u00e0 corros\u00e3o<\/strong>e oferecidos em uma variedade de di\u00e2metros de furo, padr\u00f5es de montagem e espessuras.<\/p>\n<h2 class=\"\" data-start=\"1382\" data-end=\"1401\">Aplicativos<\/h2>\n<ul data-start=\"1403\" data-end=\"1642\">\n<li class=\"\" data-start=\"1403\" data-end=\"1429\">\n<p class=\"\" data-start=\"1405\" data-end=\"1429\">Montagem do motor de passo<\/p>\n<\/li>\n<li class=\"\" data-start=\"1430\" data-end=\"1465\">\n<p class=\"\" data-start=\"1432\" data-end=\"1465\">Posicionamento da caixa de engrenagens e do codificador<\/p>\n<\/li>\n<li class=\"\" data-start=\"1466\" data-end=\"1503\">\n<p class=\"\" data-start=\"1468\" data-end=\"1503\">Cilindros pneum\u00e1ticos e hidr\u00e1ulicos<\/p>\n<\/li>\n<li class=\"\" data-start=\"1504\" data-end=\"1542\">\n<p class=\"\" data-start=\"1506\" data-end=\"1542\">Atuadores lineares e suporte de eixo<\/p>\n<\/li>\n<li class=\"\" data-start=\"1543\" data-end=\"1579\">\n<p class=\"\" data-start=\"1545\" data-end=\"1579\">M\u00e1quinas de impress\u00e3o e embalagem<\/p>\n<\/li>\n<li class=\"\" data-start=\"1580\" data-end=\"1611\">\n<p class=\"\" data-start=\"1582\" data-end=\"1611\">Dispositivos de automa\u00e7\u00e3o e CNC<\/p>\n<\/li>\n<li class=\"\" data-start=\"1612\" data-end=\"1642\">\n<p class=\"\" data-start=\"1614\" data-end=\"1642\">Montagens mec\u00e2nicas personalizadas<\/p>\n<\/li>\n<\/ul>\n<hr class=\"\" data-start=\"1644\" data-end=\"1647\" \/>\n<h2 class=\"\" data-start=\"1649\" data-end=\"1680\">\u2705 Especifica\u00e7\u00f5es t\u00e9cnicas<\/h2>\n<div class=\"_tableContainer_16hzy_1\">\n<div class=\"_tableWrapper_16hzy_14 group flex w-fit flex-col-reverse\" tabindex=\"-1\">\n<table class=\"w-fit min-w-(--thread-content-width)\" data-start=\"1682\" data-end=\"1898\">\n<thead data-start=\"1682\" data-end=\"1732\">\n<tr data-start=\"1682\" data-end=\"1732\">\n<th data-start=\"1682\" data-end=\"1703\" data-col-size=\"sm\">Componente<\/th>\n<th data-start=\"1703\" data-end=\"1732\" data-col-size=\"md\">Op\u00e7\u00f5es de materiais<\/th>\n<\/tr>\n<\/thead>\n<tbody data-start=\"1783\" data-end=\"1898\">\n<tr data-start=\"1783\" data-end=\"1849\">\n<td data-start=\"1783\" data-end=\"1803\" data-col-size=\"sm\">Colarinho e flange<\/td>\n<td data-col-size=\"md\" data-start=\"1803\" data-end=\"1849\">Liga de alum\u00ednio \/ a\u00e7o inoxid\u00e1vel 304 \/ 316<\/td>\n<\/tr>\n<tr data-start=\"1850\" data-end=\"1898\">\n<td data-start=\"1850\" data-end=\"1870\" data-col-size=\"sm\">Parafuso de fixa\u00e7\u00e3o<\/td>\n<td data-col-size=\"md\" data-start=\"1870\" data-end=\"1898\">A\u00e7o de liga leve (soquete sextavado)<\/td>\n<\/tr>\n<\/tbody>\n<\/table>\n<div class=\"sticky end-(--thread-content-margin) h-0 self-end select-none\">\n<div class=\"absolute end-0 flex items-end\"><\/div>\n<\/div>\n<\/div>\n<\/div>\n<p class=\"\" data-start=\"1900\" data-end=\"1925\"><strong data-start=\"1900\" data-end=\"1925\">Dimens\u00f5es dispon\u00edveis:<\/strong><\/p>\n<div class=\"_tableContainer_16hzy_1\">\n<div class=\"_tableWrapper_16hzy_14 group flex w-fit flex-col-reverse\" tabindex=\"-1\">\n<table class=\"w-fit min-w-(--thread-content-width)\" data-start=\"1927\" data-end=\"2277\">\n<thead data-start=\"1927\" data-end=\"1979\">\n<tr data-start=\"1927\" data-end=\"1979\">\n<th data-start=\"1927\" data-end=\"1949\" data-col-size=\"sm\">Par\u00e2metro<\/th>\n<th data-start=\"1949\" data-end=\"1979\" data-col-size=\"sm\">Faixa<\/th>\n<\/tr>\n<\/thead>\n<tbody data-start=\"2033\" data-end=\"2277\">\n<tr data-start=\"2033\" data-end=\"2086\">\n<td data-start=\"2033\" data-end=\"2055\" data-col-size=\"sm\">Di\u00e2metro do furo<\/td>\n<td data-col-size=\"sm\" data-start=\"2055\" data-end=\"2086\">6 mm - 40 mm (personaliz\u00e1vel)<\/td>\n<\/tr>\n<tr data-start=\"2087\" data-end=\"2128\">\n<td data-start=\"2087\" data-end=\"2109\" data-col-size=\"sm\">Di\u00e2metro do flange<\/td>\n<td data-col-size=\"sm\" data-start=\"2109\" data-end=\"2128\">Varia de acordo com o modelo<\/td>\n<\/tr>\n<tr data-start=\"2129\" data-end=\"2168\">\n<td data-start=\"2129\" data-end=\"2151\" data-col-size=\"sm\">Altura do colarinho<\/td>\n<td data-col-size=\"sm\" data-start=\"2151\" data-end=\"2168\">10 mm - 30 mm<\/td>\n<\/tr>\n<tr data-start=\"2169\" data-end=\"2223\">\n<td data-start=\"2169\" data-end=\"2191\" data-col-size=\"sm\">Padr\u00e3o de furo do flange<\/td>\n<td data-col-size=\"sm\" data-start=\"2191\" data-end=\"2223\">C\u00edrculo de parafusos com 3 ou 4 furos<\/td>\n<\/tr>\n<tr data-start=\"2224\" data-end=\"2277\">\n<td data-start=\"2224\" data-end=\"2246\" data-col-size=\"sm\">M\u00e9todo de fixa\u00e7\u00e3o<\/td>\n<td data-col-size=\"sm\" data-start=\"2246\" data-end=\"2277\">Divis\u00e3o simples com parafuso sextavado<\/td>\n<\/tr>\n<\/tbody>\n<\/table>\n<div class=\"sticky end-(--thread-content-margin) h-0 self-end select-none\">\n<div class=\"absolute end-0 flex items-end\"><\/div>\n<\/div>\n<\/div>\n<\/div>\n<p class=\"\" data-start=\"2279\" data-end=\"2338\">Dimens\u00f5es OEM e padr\u00f5es de furos dispon\u00edveis mediante solicita\u00e7\u00e3o.<\/p>\n<hr class=\"\" data-start=\"2340\" data-end=\"2343\" \/>\n<h2 class=\"\" data-start=\"2345\" data-end=\"2364\">Principais recursos<\/h2>\n<ul data-start=\"2366\" data-end=\"2752\">\n<li class=\"\" data-start=\"2366\" data-end=\"2428\">\n<p class=\"\" data-start=\"2368\" data-end=\"2428\">Projeto de montagem com flange para fixa\u00e7\u00e3o segura do equipamento<\/p>\n<\/li>\n<li class=\"\" data-start=\"2429\" data-end=\"2495\">\n<p class=\"\" data-start=\"2431\" data-end=\"2495\">A bra\u00e7adeira dividida garante a reten\u00e7\u00e3o do eixo sem deslizamento e sem danos<\/p>\n<\/li>\n<li class=\"\" data-start=\"2496\" data-end=\"2553\">\n<p class=\"\" data-start=\"2498\" data-end=\"2553\">O parafuso sextavado permite f\u00e1cil reposicionamento e aperto<\/p>\n<\/li>\n<li class=\"\" data-start=\"2554\" data-end=\"2626\">\n<p class=\"\" data-start=\"2556\" data-end=\"2626\">Dispon\u00edvel em alum\u00ednio para maior leveza ou em a\u00e7o inoxid\u00e1vel para maior durabilidade<\/p>\n<\/li>\n<li class=\"\" data-start=\"2627\" data-end=\"2684\">\n<p class=\"\" data-start=\"2629\" data-end=\"2684\">Adequado para sistemas de movimento rotativo e linear<\/p>\n<\/li>\n<li class=\"\" data-start=\"2685\" data-end=\"2752\">\n<p class=\"\" data-start=\"2687\" data-end=\"2752\">Tamanhos de furo, formatos de flange e furos de montagem personalizados dispon\u00edveis<\/p>\n<\/li>\n<\/ul>\n<hr class=\"\" data-start=\"2754\" data-end=\"2757\" \/>\n<h2 class=\"\" data-start=\"2759\" data-end=\"2786\">Informa\u00e7\u00f5es sobre pedidos<\/h2>\n<p class=\"\" data-start=\"2788\" data-end=\"2828\">Ao fazer uma consulta, especifique:<\/p>\n<ul data-start=\"2829\" data-end=\"3002\">\n<li class=\"\" data-start=\"2829\" data-end=\"2854\">\n<p class=\"\" data-start=\"2831\" data-end=\"2854\">Di\u00e2metro interno (furo)<\/p>\n<\/li>\n<li class=\"\" data-start=\"2855\" data-end=\"2896\">\n<p class=\"\" data-start=\"2857\" data-end=\"2896\">Di\u00e2metro externo do flange ou padr\u00e3o de parafuso<\/p>\n<\/li>\n<li class=\"\" data-start=\"2897\" data-end=\"2939\">\n<p class=\"\" data-start=\"2899\" data-end=\"2939\">Material (alum\u00ednio ou a\u00e7o inoxid\u00e1vel)<\/p>\n<\/li>\n<li class=\"\" data-start=\"2940\" data-end=\"2970\">\n<p class=\"\" data-start=\"2942\" data-end=\"2970\">Quantidade e contexto de uso<\/p>\n<\/li>\n<li class=\"\" data-start=\"2971\" data-end=\"3002\">\n<p class=\"\" data-start=\"2973\" data-end=\"3002\">Desenho personalizado (se dispon\u00edvel)<\/p>\n<\/li>\n<\/ul>","protected":false},"excerpt":{"rendered":"<p>Colar de eixo montado em flange com bra\u00e7adeira dividida e parafuso sextavado para fixa\u00e7\u00e3o axial segura e f\u00e1cil posicionamento. Fabricado em <strong data-start=\"385\" data-end=\"416\">alum\u00ednio ou a\u00e7o inoxid\u00e1vel<\/strong>adequado para sistemas de movimento e placas de montagem. <strong data-start=\"467\" data-end=\"508\">Material e dimens\u00f5es personaliz\u00e1veis.<\/strong><\/p>","protected":false},"featured_media":1870,"comment_status":"open","ping_status":"closed","template":"","meta":{"site-sidebar-layout":"default","site-content-layout":"","ast-site-content-layout":"default","site-content-style":"default","site-sidebar-style":"default","ast-global-header-display":"","ast-banner-title-visibility":"","ast-main-header-display":"","ast-hfb-above-header-display":"","ast-hfb-below-header-display":"","ast-hfb-mobile-header-display":"","site-post-title":"","ast-breadcrumbs-content":"","ast-featured-img":"","footer-sml-layout":"","ast-disable-related-posts":"","theme-transparent-header-meta":"default","adv-header-id-meta":"","stick-header-meta":"","header-above-stick-meta":"","header-main-stick-meta":"","header-below-stick-meta":"","astra-migrate-meta-layouts":"set","ast-page-background-enabled":"default","ast-page-background-meta":{"desktop":{"background-color":"var(--ast-global-color-4)","background-image":"","background-repeat":"repeat","background-position":"center center","background-size":"auto","background-attachment":"scroll","background-type":"","background-media":"","overlay-type":"","overlay-color":"","overlay-opacity":"","overlay-gradient":""},"tablet":{"background-color":"","background-image":"","background-repeat":"repeat","background-position":"center center","background-size":"auto","background-attachment":"scroll","background-type":"","background-media":"","overlay-type":"","overlay-color":"","overlay-opacity":"","overlay-gradient":""},"mobile":{"background-color":"","background-image":"","background-repeat":"repeat","background-position":"center center","background-size":"auto","background-attachment":"scroll","background-type":"","background-media":"","overlay-type":"","overlay-color":"","overlay-opacity":"","overlay-gradient":""}},"ast-content-background-meta":{"desktop":{"background-color":"var(--ast-global-color-5)","background-image":"","background-repeat":"repeat","background-position":"center center","background-size":"auto","background-attachment":"scroll","background-type":"","background-media":"","overlay-type":"","overlay-color":"","overlay-opacity":"","overlay-gradient":""},"tablet":{"background-color":"var(--ast-global-color-5)","background-image":"","background-repeat":"repeat","background-position":"center center","background-size":"auto","background-attachment":"scroll","background-type":"","background-media":"","overlay-type":"","overlay-color":"","overlay-opacity":"","overlay-gradient":""},"mobile":{"background-color":"var(--ast-global-color-5)","background-image":"","background-repeat":"repeat","background-position":"center center","background-size":"auto","background-attachment":"scroll","background-type":"","background-media":"","overlay-type":"","overlay-color":"","overlay-opacity":"","overlay-gradient":""}}},"product_brand":[],"product_cat":[156],"product_tag":[],"class_list":{"0":"post-1869","1":"product","2":"type-product","3":"status-publish","4":"has-post-thumbnail","6":"product_cat-dowel-pin","8":"first","9":"instock","10":"shipping-taxable","11":"product-type-simple"},"_links":{"self":[{"href":"https:\/\/www.sknfastener.com\/pt\/wp-json\/wp\/v2\/product\/1869","targetHints":{"allow":["GET"]}}],"collection":[{"href":"https:\/\/www.sknfastener.com\/pt\/wp-json\/wp\/v2\/product"}],"about":[{"href":"https:\/\/www.sknfastener.com\/pt\/wp-json\/wp\/v2\/types\/product"}],"replies":[{"embeddable":true,"href":"https:\/\/www.sknfastener.com\/pt\/wp-json\/wp\/v2\/comments?post=1869"}],"version-history":[{"count":2,"href":"https:\/\/www.sknfastener.com\/pt\/wp-json\/wp\/v2\/product\/1869\/revisions"}],"predecessor-version":[{"id":1878,"href":"https:\/\/www.sknfastener.com\/pt\/wp-json\/wp\/v2\/product\/1869\/revisions\/1878"}],"wp:featuredmedia":[{"embeddable":true,"href":"https:\/\/www.sknfastener.com\/pt\/wp-json\/wp\/v2\/media\/1870"}],"wp:attachment":[{"href":"https:\/\/www.sknfastener.com\/pt\/wp-json\/wp\/v2\/media?parent=1869"}],"wp:term":[{"taxonomy":"product_brand","embeddable":true,"href":"https:\/\/www.sknfastener.com\/pt\/wp-json\/wp\/v2\/product_brand?post=1869"},{"taxonomy":"product_cat","embeddable":true,"href":"https:\/\/www.sknfastener.com\/pt\/wp-json\/wp\/v2\/product_cat?post=1869"},{"taxonomy":"product_tag","embeddable":true,"href":"https:\/\/www.sknfastener.com\/pt\/wp-json\/wp\/v2\/product_tag?post=1869"}],"curies":[{"name":"wp","href":"https:\/\/api.w.org\/{rel}","templated":true}]}}