{"id":1879,"date":"2025-05-20T21:55:15","date_gmt":"2025-05-20T13:55:15","guid":{"rendered":"https:\/\/www.sknfastener.com\/?post_type=product&#038;p=1879"},"modified":"2025-05-20T21:55:15","modified_gmt":"2025-05-20T13:55:15","slug":"threaded-index-plunger","status":"publish","type":"product","link":"https:\/\/www.sknfastener.com\/pt\/produto\/threaded-index-plunger\/","title":{"rendered":"\u00cambolo de \u00edndice rosqueado com bot\u00e3o de puxar | Pino de a\u00e7o inoxid\u00e1vel | Tamanhos personalizados dispon\u00edveis"},"content":{"rendered":"<h2 class=\"\" data-start=\"461\" data-end=\"487\">Descri\u00e7\u00e3o do produto<\/h2>\n<p class=\"\" data-start=\"489\" data-end=\"881\">Isso <strong data-start=\"494\" data-end=\"520\">\u00eambolo de \u00edndice rosqueado<\/strong> \u00e9 projetado para posicionamento preciso e reten\u00e7\u00e3o confi\u00e1vel em montagens mec\u00e2nicas. O \u00eambolo apresenta um <strong data-start=\"628\" data-end=\"660\">pino de a\u00e7o inoxid\u00e1vel endurecido<\/strong> alojados em um corpo dur\u00e1vel com uma rosca externa para montagem em painel ou lumin\u00e1ria. O <strong data-start=\"745\" data-end=\"766\">cabe\u00e7a do bot\u00e3o serrilhado<\/strong> permite a r\u00e1pida retra\u00e7\u00e3o manual e o reengajamento do pino, proporcionando uma a\u00e7\u00e3o de travamento segura e repet\u00edvel.<\/p>\n<p class=\"\" data-start=\"883\" data-end=\"1058\">O \u00eambolo \u00e9 comumente usado em dispositivos, gabaritos, placas de ferramentas, bra\u00e7os ajust\u00e1veis, guias de altura e maquin\u00e1rio industrial, onde \u00e9 necess\u00e1rio reposicionamento ou indexa\u00e7\u00e3o frequentes.<\/p>\n<p class=\"\" data-start=\"1060\" data-end=\"1243\">O corpo rosqueado \u00e9 compat\u00edvel com v\u00e1rias superf\u00edcies de instala\u00e7\u00e3o e proporciona ancoragem firme durante o uso repetido. Est\u00e3o dispon\u00edveis diferentes tipos de rosca, comprimentos de pino e estilos de bot\u00e3o.<\/p>\n<hr class=\"\" data-start=\"1245\" data-end=\"1248\" \/>\n<h2 class=\"\" data-start=\"1250\" data-end=\"1269\">\u2705 Aplicativos<\/h2>\n<ul data-start=\"1271\" data-end=\"1512\">\n<li class=\"\" data-start=\"1271\" data-end=\"1310\">\n<p class=\"\" data-start=\"1273\" data-end=\"1310\">Mecanismos de posicionamento e indexa\u00e7\u00e3o<\/p>\n<\/li>\n<li class=\"\" data-start=\"1311\" data-end=\"1353\">\n<p class=\"\" data-start=\"1313\" data-end=\"1353\">Paradas ajust\u00e1veis em sistemas de automa\u00e7\u00e3o<\/p>\n<\/li>\n<li class=\"\" data-start=\"1354\" data-end=\"1394\">\n<p class=\"\" data-start=\"1356\" data-end=\"1394\">Travamento para dobrar ou girar os bra\u00e7os<\/p>\n<\/li>\n<li class=\"\" data-start=\"1395\" data-end=\"1441\">\n<p class=\"\" data-start=\"1397\" data-end=\"1441\">Troca de ferramentas e configura\u00e7\u00f5es de montagem mec\u00e2nica<\/p>\n<\/li>\n<li class=\"\" data-start=\"1442\" data-end=\"1474\">\n<p class=\"\" data-start=\"1444\" data-end=\"1474\">Dispositivos de fixa\u00e7\u00e3o e fixa\u00e7\u00e3o<\/p>\n<\/li>\n<li class=\"\" data-start=\"1475\" data-end=\"1512\">\n<p class=\"\" data-start=\"1477\" data-end=\"1512\">M\u00e1quinas e equipamentos de fabrica\u00e7\u00e3o<\/p>\n<\/li>\n<\/ul>\n<hr class=\"\" data-start=\"1514\" data-end=\"1517\" \/>\n<h2 class=\"\" data-start=\"1519\" data-end=\"1550\">\u2705 Especifica\u00e7\u00f5es t\u00e9cnicas<\/h2>\n<div class=\"_tableContainer_16hzy_1\">\n<div class=\"_tableWrapper_16hzy_14 group flex w-fit flex-col-reverse\" tabindex=\"-1\">\n<table class=\"w-fit min-w-(--thread-content-width)\" data-start=\"1552\" data-end=\"1855\">\n<thead data-start=\"1552\" data-end=\"1609\">\n<tr data-start=\"1552\" data-end=\"1609\">\n<th data-start=\"1552\" data-end=\"1574\" data-col-size=\"sm\">Componente<\/th>\n<th data-start=\"1574\" data-end=\"1609\" data-col-size=\"md\">Op\u00e7\u00f5es de materiais<\/th>\n<\/tr>\n<\/thead>\n<tbody data-start=\"1669\" data-end=\"1855\">\n<tr data-start=\"1669\" data-end=\"1720\">\n<td data-start=\"1669\" data-end=\"1691\" data-col-size=\"sm\">Pino do \u00eambolo<\/td>\n<td data-col-size=\"md\" data-start=\"1691\" data-end=\"1720\">A\u00e7o inoxid\u00e1vel 304 \/ 303<\/td>\n<\/tr>\n<tr data-start=\"1721\" data-end=\"1784\">\n<td data-start=\"1721\" data-end=\"1743\" data-col-size=\"sm\">Ma\u00e7aneta<\/td>\n<td data-start=\"1743\" data-end=\"1784\" data-col-size=\"md\">Pl\u00e1stico (superf\u00edcie serrilhada) ou alum\u00ednio<\/td>\n<\/tr>\n<tr data-start=\"1785\" data-end=\"1855\">\n<td data-start=\"1785\" data-end=\"1807\" data-col-size=\"sm\">Corpo roscado<\/td>\n<td data-col-size=\"md\" data-start=\"1807\" data-end=\"1855\">A\u00e7o inoxid\u00e1vel \/ A\u00e7o zincado \/ Personalizado<\/td>\n<\/tr>\n<\/tbody>\n<\/table>\n<div class=\"sticky end-(--thread-content-margin) h-0 self-end select-none\">\n<div class=\"absolute end-0 flex items-end\"><\/div>\n<\/div>\n<\/div>\n<\/div>\n<p class=\"\" data-start=\"1857\" data-end=\"1880\"><strong data-start=\"1857\" data-end=\"1880\">Dimens\u00f5es t\u00edpicas:<\/strong><\/p>\n<div class=\"_tableContainer_16hzy_1\">\n<div class=\"_tableWrapper_16hzy_14 group flex w-fit flex-col-reverse\" tabindex=\"-1\">\n<table class=\"w-fit min-w-(--thread-content-width)\" data-start=\"1882\" data-end=\"2198\">\n<thead data-start=\"1882\" data-end=\"1931\">\n<tr data-start=\"1882\" data-end=\"1931\">\n<th data-start=\"1882\" data-end=\"1902\" data-col-size=\"sm\">Par\u00e2metro<\/th>\n<th data-start=\"1902\" data-end=\"1931\" data-col-size=\"md\">Faixa<\/th>\n<\/tr>\n<\/thead>\n<tbody data-start=\"1981\" data-end=\"2198\">\n<tr data-start=\"1981\" data-end=\"2048\">\n<td data-start=\"1981\" data-end=\"2001\" data-col-size=\"sm\">Tamanhos de rosca<\/td>\n<td data-col-size=\"md\" data-start=\"2001\" data-end=\"2048\">M8 \u00d7 1,25, M10 \u00d7 1,5, M12 \u00d7 1,75 ou personalizado<\/td>\n<\/tr>\n<tr data-start=\"2049\" data-end=\"2086\">\n<td data-start=\"2049\" data-end=\"2069\" data-col-size=\"sm\">Comprimento da rosca<\/td>\n<td data-col-size=\"md\" data-start=\"2069\" data-end=\"2086\">10 mm - 30 mm<\/td>\n<\/tr>\n<tr data-start=\"2087\" data-end=\"2123\">\n<td data-start=\"2087\" data-end=\"2107\" data-col-size=\"sm\">Di\u00e2metro do pino<\/td>\n<td data-start=\"2107\" data-end=\"2123\" data-col-size=\"md\">3 mm - 12 mm<\/td>\n<\/tr>\n<tr data-start=\"2124\" data-end=\"2160\">\n<td data-start=\"2124\" data-end=\"2144\" data-col-size=\"sm\">Curso do pino<\/td>\n<td data-col-size=\"md\" data-start=\"2144\" data-end=\"2160\">5 mm - 20 mm<\/td>\n<\/tr>\n<tr data-start=\"2161\" data-end=\"2198\">\n<td data-start=\"2161\" data-end=\"2181\" data-col-size=\"sm\">Di\u00e2metro do bot\u00e3o<\/td>\n<td data-start=\"2181\" data-end=\"2198\" data-col-size=\"md\">20 mm - 30 mm<\/td>\n<\/tr>\n<\/tbody>\n<\/table>\n<div class=\"sticky end-(--thread-content-margin) h-0 self-end select-none\">\n<div class=\"absolute end-0 flex items-end\"><\/div>\n<\/div>\n<\/div>\n<\/div>\n<p class=\"\" data-start=\"2200\" data-end=\"2253\"> Totalmente personaliz\u00e1vel de acordo com o desenho ou a amostra.<\/p>\n<hr class=\"\" data-start=\"2255\" data-end=\"2258\" \/>\n<h2 class=\"\" data-start=\"2260\" data-end=\"2279\">Principais recursos<\/h2>\n<ul data-start=\"2281\" data-end=\"2604\">\n<li class=\"\" data-start=\"2281\" data-end=\"2326\">\n<p class=\"\" data-start=\"2283\" data-end=\"2326\"> A\u00e7\u00e3o de indexa\u00e7\u00e3o positiva com mola<\/p>\n<\/li>\n<li class=\"\" data-start=\"2327\" data-end=\"2369\">\n<p class=\"\" data-start=\"2329\" data-end=\"2369\"> F\u00e1cil instala\u00e7\u00e3o por meio do corpo rosqueado<\/p>\n<\/li>\n<li class=\"\" data-start=\"2370\" data-end=\"2422\">\n<p class=\"\" data-start=\"2372\" data-end=\"2422\">Retra\u00e7\u00e3o manual usando o bot\u00e3o serrilhado ergon\u00f4mico<\/p>\n<\/li>\n<li class=\"\" data-start=\"2423\" data-end=\"2487\">\n<p class=\"\" data-start=\"2425\" data-end=\"2487\"> Ideal para ajuste r\u00e1pido, travamento e controle de localiza\u00e7\u00e3o<\/p>\n<\/li>\n<li class=\"\" data-start=\"2488\" data-end=\"2554\">\n<p class=\"\" data-start=\"2490\" data-end=\"2554\"> Fun\u00e7\u00e3o de bloqueio opcional e tipos de ombro de pino dispon\u00edveis<\/p>\n<\/li>\n<li class=\"\" data-start=\"2555\" data-end=\"2604\">\n<p class=\"\" data-start=\"2557\" data-end=\"2604\"> Dimens\u00f5es e estilos de rosca personalizados s\u00e3o aceitos<\/p>\n<\/li>\n<\/ul>\n<hr class=\"\" data-start=\"2606\" data-end=\"2609\" \/>\n<h2 class=\"\" data-start=\"2611\" data-end=\"2638\">Informa\u00e7\u00f5es sobre pedidos<\/h2>\n<p class=\"\" data-start=\"2640\" data-end=\"2680\">Ao enviar uma consulta, inclua:<\/p>\n<ul data-start=\"2681\" data-end=\"2836\">\n<li class=\"\" data-start=\"2681\" data-end=\"2707\">\n<p class=\"\" data-start=\"2683\" data-end=\"2707\">Tamanho e comprimento da rosca<\/p>\n<\/li>\n<li class=\"\" data-start=\"2708\" data-end=\"2735\">\n<p class=\"\" data-start=\"2710\" data-end=\"2735\">Di\u00e2metro e curso do pino<\/p>\n<\/li>\n<li class=\"\" data-start=\"2736\" data-end=\"2788\">\n<p class=\"\" data-start=\"2738\" data-end=\"2788\">Tipo de al\u00e7a (padr\u00e3o, com trava, de alum\u00ednio etc.)<\/p>\n<\/li>\n<li class=\"\" data-start=\"2789\" data-end=\"2801\">\n<p class=\"\" data-start=\"2791\" data-end=\"2801\">Quantidade<\/p>\n<\/li>\n<li class=\"\" data-start=\"2802\" data-end=\"2836\">\n<p class=\"\" data-start=\"2804\" data-end=\"2836\">Desenho ou arquivo CAD, se dispon\u00edvel<\/p>\n<\/li>\n<\/ul>","protected":false},"excerpt":{"rendered":"<p>Precis\u00e3o <strong data-start=\"267\" data-end=\"293\">\u00eambolo de \u00edndice rosqueado<\/strong> com pino de a\u00e7o inoxid\u00e1vel e bot\u00e3o de tra\u00e7\u00e3o serrilhado. Ideal para aplica\u00e7\u00f5es de indexa\u00e7\u00e3o mec\u00e2nica, localiza\u00e7\u00e3o ou travamento. <strong data-start=\"408\" data-end=\"454\">O material e as dimens\u00f5es podem ser personalizados.<\/strong><\/p>","protected":false},"featured_media":1880,"comment_status":"open","ping_status":"closed","template":"","meta":{"site-sidebar-layout":"default","site-content-layout":"","ast-site-content-layout":"default","site-content-style":"default","site-sidebar-style":"default","ast-global-header-display":"","ast-banner-title-visibility":"","ast-main-header-display":"","ast-hfb-above-header-display":"","ast-hfb-below-header-display":"","ast-hfb-mobile-header-display":"","site-post-title":"","ast-breadcrumbs-content":"","ast-featured-img":"","footer-sml-layout":"","ast-disable-related-posts":"","theme-transparent-header-meta":"default","adv-header-id-meta":"","stick-header-meta":"","header-above-stick-meta":"","header-main-stick-meta":"","header-below-stick-meta":"","astra-migrate-meta-layouts":"set","ast-page-background-enabled":"default","ast-page-background-meta":{"desktop":{"background-color":"var(--ast-global-color-4)","background-image":"","background-repeat":"repeat","background-position":"center center","background-size":"auto","background-attachment":"scroll","background-type":"","background-media":"","overlay-type":"","overlay-color":"","overlay-opacity":"","overlay-gradient":""},"tablet":{"background-color":"","background-image":"","background-repeat":"repeat","background-position":"center center","background-size":"auto","background-attachment":"scroll","background-type":"","background-media":"","overlay-type":"","overlay-color":"","overlay-opacity":"","overlay-gradient":""},"mobile":{"background-color":"","background-image":"","background-repeat":"repeat","background-position":"center center","background-size":"auto","background-attachment":"scroll","background-type":"","background-media":"","overlay-type":"","overlay-color":"","overlay-opacity":"","overlay-gradient":""}},"ast-content-background-meta":{"desktop":{"background-color":"var(--ast-global-color-5)","background-image":"","background-repeat":"repeat","background-position":"center center","background-size":"auto","background-attachment":"scroll","background-type":"","background-media":"","overlay-type":"","overlay-color":"","overlay-opacity":"","overlay-gradient":""},"tablet":{"background-color":"var(--ast-global-color-5)","background-image":"","background-repeat":"repeat","background-position":"center center","background-size":"auto","background-attachment":"scroll","background-type":"","background-media":"","overlay-type":"","overlay-color":"","overlay-opacity":"","overlay-gradient":""},"mobile":{"background-color":"var(--ast-global-color-5)","background-image":"","background-repeat":"repeat","background-position":"center center","background-size":"auto","background-attachment":"scroll","background-type":"","background-media":"","overlay-type":"","overlay-color":"","overlay-opacity":"","overlay-gradient":""}}},"product_brand":[],"product_cat":[25],"product_tag":[],"class_list":{"0":"post-1879","1":"product","2":"type-product","3":"status-publish","4":"has-post-thumbnail","6":"product_cat-indexing-plunger","8":"first","9":"instock","10":"shipping-taxable","11":"product-type-simple"},"_links":{"self":[{"href":"https:\/\/www.sknfastener.com\/pt\/wp-json\/wp\/v2\/product\/1879","targetHints":{"allow":["GET"]}}],"collection":[{"href":"https:\/\/www.sknfastener.com\/pt\/wp-json\/wp\/v2\/product"}],"about":[{"href":"https:\/\/www.sknfastener.com\/pt\/wp-json\/wp\/v2\/types\/product"}],"replies":[{"embeddable":true,"href":"https:\/\/www.sknfastener.com\/pt\/wp-json\/wp\/v2\/comments?post=1879"}],"version-history":[{"count":1,"href":"https:\/\/www.sknfastener.com\/pt\/wp-json\/wp\/v2\/product\/1879\/revisions"}],"predecessor-version":[{"id":1886,"href":"https:\/\/www.sknfastener.com\/pt\/wp-json\/wp\/v2\/product\/1879\/revisions\/1886"}],"wp:featuredmedia":[{"embeddable":true,"href":"https:\/\/www.sknfastener.com\/pt\/wp-json\/wp\/v2\/media\/1880"}],"wp:attachment":[{"href":"https:\/\/www.sknfastener.com\/pt\/wp-json\/wp\/v2\/media?parent=1879"}],"wp:term":[{"taxonomy":"product_brand","embeddable":true,"href":"https:\/\/www.sknfastener.com\/pt\/wp-json\/wp\/v2\/product_brand?post=1879"},{"taxonomy":"product_cat","embeddable":true,"href":"https:\/\/www.sknfastener.com\/pt\/wp-json\/wp\/v2\/product_cat?post=1879"},{"taxonomy":"product_tag","embeddable":true,"href":"https:\/\/www.sknfastener.com\/pt\/wp-json\/wp\/v2\/product_tag?post=1879"}],"curies":[{"name":"wp","href":"https:\/\/api.w.org\/{rel}","templated":true}]}}