{"id":1887,"date":"2025-05-20T22:02:17","date_gmt":"2025-05-20T14:02:17","guid":{"rendered":"https:\/\/www.sknfastener.com\/?post_type=product&#038;p=1887"},"modified":"2025-05-20T22:21:17","modified_gmt":"2025-05-20T14:21:17","slug":"plug-screw","status":"publish","type":"product","link":"https:\/\/www.sknfastener.com\/pt\/produto\/plug-screw\/","title":{"rendered":"Parafuso do plugue"},"content":{"rendered":"<h4 class=\"\" data-start=\"187\" data-end=\"215\"><strong data-start=\"192\" data-end=\"215\">Parafuso do plugue Descri\u00e7\u00e3o do produto<\/strong><\/h4>\n<p class=\"\" data-start=\"216\" data-end=\"600\">Esse parafuso de plugue de a\u00e7o inoxid\u00e1vel foi projetado para alinhamento preciso e posicionamento seguro em montagens mec\u00e2nicas. Fabricado em a\u00e7o inoxid\u00e1vel de alta qualidade <strong data-start=\"364\" data-end=\"391\">A\u00e7o inoxid\u00e1vel SUS 304<\/strong>O produto possui um corpo cil\u00edndrico com ponta chanfrada e cabe\u00e7a de soquete sextavada para f\u00e1cil instala\u00e7\u00e3o e remo\u00e7\u00e3o. A parte sem rosca garante uma localiza\u00e7\u00e3o precisa, enquanto a se\u00e7\u00e3o com rosca proporciona uma fixa\u00e7\u00e3o firme.<\/p>\n<p class=\"\" data-start=\"602\" data-end=\"887\">Comumente usado em gabaritos, acess\u00f3rios, moldes e maquin\u00e1rio de precis\u00e3o, o parafuso de encaixe oferece excelente resist\u00eancia \u00e0 corros\u00e3o e estabilidade dimensional de longo prazo. Ele est\u00e1 dispon\u00edvel em uma ampla gama de di\u00e2metros e comprimentos, com <strong data-start=\"821\" data-end=\"886\">tamanhos personalizados e especifica\u00e7\u00f5es de rosca dispon\u00edveis mediante solicita\u00e7\u00e3o<\/strong>.<\/p>\n<h4 class=\"\" data-start=\"889\" data-end=\"914\"><strong data-start=\"894\" data-end=\"914\">Recursos do produto<\/strong><\/h4>\n<ul data-start=\"915\" data-end=\"1394\">\n<li class=\"\" data-start=\"915\" data-end=\"956\">\n<p class=\"\" data-start=\"917\" data-end=\"956\"><strong data-start=\"917\" data-end=\"929\">Material<\/strong>: A\u00e7o inoxid\u00e1vel SUS 304<\/p>\n<\/li>\n<li class=\"\" data-start=\"957\" data-end=\"1010\">\n<p class=\"\" data-start=\"959\" data-end=\"1010\"><strong data-start=\"959\" data-end=\"974\">Tipo de rosca<\/strong>: M\u00e9trico ou UNC\/UNF (personaliz\u00e1vel)<\/p>\n<\/li>\n<li class=\"\" data-start=\"1011\" data-end=\"1061\">\n<p class=\"\" data-start=\"1013\" data-end=\"1061\"><strong data-start=\"1013\" data-end=\"1026\">Tipo de cabe\u00e7a<\/strong>: Cabe\u00e7a de soquete hexagonal para acesso \u00e0 ferramenta<\/p>\n<\/li>\n<li class=\"\" data-start=\"1062\" data-end=\"1123\">\n<p class=\"\" data-start=\"1064\" data-end=\"1123\"><strong data-start=\"1064\" data-end=\"1075\">Superf\u00edcie<\/strong>: Corpo usinado de forma suave com toler\u00e2ncias precisas<\/p>\n<\/li>\n<li class=\"\" data-start=\"1124\" data-end=\"1200\">\n<p class=\"\" data-start=\"1126\" data-end=\"1200\"><strong data-start=\"1126\" data-end=\"1141\">Aplicativo<\/strong>: Posicionamento de precis\u00e3o, antirrota\u00e7\u00e3o, alinhamento de fixa\u00e7\u00e3o<\/p>\n<\/li>\n<li class=\"\" data-start=\"1201\" data-end=\"1279\">\n<p class=\"\" data-start=\"1203\" data-end=\"1279\"><strong data-start=\"1203\" data-end=\"1232\">Se\u00e7\u00e3o rosqueada + aterrada<\/strong>: Combina for\u00e7a de reten\u00e7\u00e3o com ajuste preciso<\/p>\n<\/li>\n<li class=\"\" data-start=\"1280\" data-end=\"1394\">\n<p class=\"\" data-start=\"1282\" data-end=\"1394\"><strong data-start=\"1282\" data-end=\"1299\">Personaliza\u00e7\u00e3o<\/strong>: O comprimento da rosca, o comprimento total e o di\u00e2metro do corpo podem ser adaptados aos requisitos de seu projeto<\/p>\n<\/li>\n<\/ul>\n<h4 class=\"\" data-start=\"1396\" data-end=\"1425\"><strong data-start=\"1401\" data-end=\"1425\">Aplica\u00e7\u00f5es t\u00edpicas<\/strong><\/h4>\n<ul data-start=\"1426\" data-end=\"1604\">\n<li class=\"\" data-start=\"1426\" data-end=\"1457\">\n<p class=\"\" data-start=\"1428\" data-end=\"1457\">Dispositivos de precis\u00e3o e gabaritos<\/p>\n<\/li>\n<li class=\"\" data-start=\"1458\" data-end=\"1494\">\n<p class=\"\" data-start=\"1460\" data-end=\"1494\">Alinhamento de ferramentas de moldes de inje\u00e7\u00e3o<\/p>\n<\/li>\n<li class=\"\" data-start=\"1495\" data-end=\"1526\">\n<p class=\"\" data-start=\"1497\" data-end=\"1526\">Paradas e guias mec\u00e2nicas<\/p>\n<\/li>\n<li class=\"\" data-start=\"1527\" data-end=\"1566\">\n<p class=\"\" data-start=\"1529\" data-end=\"1566\">Posicionamento em equipamentos de automa\u00e7\u00e3o<\/p>\n<\/li>\n<li class=\"\" data-start=\"1567\" data-end=\"1604\">\n<p class=\"\" data-start=\"1569\" data-end=\"1604\">Fixa\u00e7\u00e3o com precis\u00e3o repet\u00edvel<\/p>\n<\/li>\n<\/ul>\n<h4 class=\"\" data-start=\"1606\" data-end=\"1649\"><strong data-start=\"1611\" data-end=\"1649\">Especifica\u00e7\u00f5es t\u00e9cnicas (exemplo)<\/strong><\/h4>\n<div class=\"_tableContainer_16hzy_1\">\n<div class=\"_tableWrapper_16hzy_14 group flex w-fit flex-col-reverse\" tabindex=\"-1\">\n<table class=\"w-fit min-w-(--thread-content-width)\" data-start=\"1650\" data-end=\"1977\">\n<thead data-start=\"1650\" data-end=\"1728\">\n<tr data-start=\"1650\" data-end=\"1728\">\n<th data-start=\"1650\" data-end=\"1665\" data-col-size=\"sm\">Di\u00e2metro (D)<\/th>\n<th data-start=\"1665\" data-end=\"1686\" data-col-size=\"sm\">Comprimento total (L)<\/th>\n<th data-start=\"1686\" data-end=\"1702\" data-col-size=\"sm\">Comprimento da rosca<\/th>\n<th data-start=\"1702\" data-end=\"1716\" data-col-size=\"sm\">Tamanho da rosca<\/th>\n<th data-start=\"1716\" data-end=\"1728\" data-col-size=\"sm\">Material<\/th>\n<\/tr>\n<\/thead>\n<tbody data-start=\"1812\" data-end=\"1977\">\n<tr data-start=\"1812\" data-end=\"1894\">\n<td data-start=\"1812\" data-end=\"1827\" data-col-size=\"sm\">6 mm<\/td>\n<td data-col-size=\"sm\" data-start=\"1827\" data-end=\"1849\">40 mm<\/td>\n<td data-col-size=\"sm\" data-start=\"1849\" data-end=\"1866\">10 mm<\/td>\n<td data-col-size=\"sm\" data-start=\"1866\" data-end=\"1882\">M6 x 1,0<\/td>\n<td data-col-size=\"sm\" data-start=\"1882\" data-end=\"1894\">SUS 304<\/td>\n<\/tr>\n<tr data-start=\"1895\" data-end=\"1977\">\n<td data-start=\"1895\" data-end=\"1910\" data-col-size=\"sm\">8 mm<\/td>\n<td data-col-size=\"sm\" data-start=\"1910\" data-end=\"1932\">50 mm<\/td>\n<td data-col-size=\"sm\" data-start=\"1932\" data-end=\"1949\">12 mm<\/td>\n<td data-col-size=\"sm\" data-start=\"1949\" data-end=\"1965\">M8 x 1,25<\/td>\n<td data-col-size=\"sm\" data-start=\"1965\" data-end=\"1977\">SUS 304<\/td>\n<\/tr>\n<\/tbody>\n<\/table>\n<div class=\"sticky end-(--thread-content-margin) h-0 self-end select-none\">\n<div class=\"absolute end-0 flex items-end\"><\/div>\n<\/div>\n<\/div>\n<\/div>\n<blockquote data-start=\"1978\" data-end=\"2035\">\n<p class=\"\" data-start=\"1980\" data-end=\"2035\"><em data-start=\"1980\" data-end=\"2035\">Dimens\u00f5es e roscas personalizadas dispon\u00edveis mediante solicita\u00e7\u00e3o.<\/em><\/p>\n<\/blockquote>","protected":false},"excerpt":{"rendered":"<p>Parafuso de encaixe em a\u00e7o inoxid\u00e1vel para posicionamento preciso em dispositivos industriais e ferramentas. Fabricado em SUS 304. Os tamanhos e tipos de rosca podem ser personalizados.<\/p>","protected":false},"featured_media":1888,"comment_status":"open","ping_status":"closed","template":"","meta":{"site-sidebar-layout":"default","site-content-layout":"","ast-site-content-layout":"default","site-content-style":"default","site-sidebar-style":"default","ast-global-header-display":"","ast-banner-title-visibility":"","ast-main-header-display":"","ast-hfb-above-header-display":"","ast-hfb-below-header-display":"","ast-hfb-mobile-header-display":"","site-post-title":"","ast-breadcrumbs-content":"","ast-featured-img":"","footer-sml-layout":"","ast-disable-related-posts":"","theme-transparent-header-meta":"default","adv-header-id-meta":"","stick-header-meta":"","header-above-stick-meta":"","header-main-stick-meta":"","header-below-stick-meta":"","astra-migrate-meta-layouts":"set","ast-page-background-enabled":"default","ast-page-background-meta":{"desktop":{"background-color":"var(--ast-global-color-4)","background-image":"","background-repeat":"repeat","background-position":"center center","background-size":"auto","background-attachment":"scroll","background-type":"","background-media":"","overlay-type":"","overlay-color":"","overlay-opacity":"","overlay-gradient":""},"tablet":{"background-color":"","background-image":"","background-repeat":"repeat","background-position":"center center","background-size":"auto","background-attachment":"scroll","background-type":"","background-media":"","overlay-type":"","overlay-color":"","overlay-opacity":"","overlay-gradient":""},"mobile":{"background-color":"","background-image":"","background-repeat":"repeat","background-position":"center center","background-size":"auto","background-attachment":"scroll","background-type":"","background-media":"","overlay-type":"","overlay-color":"","overlay-opacity":"","overlay-gradient":""}},"ast-content-background-meta":{"desktop":{"background-color":"var(--ast-global-color-5)","background-image":"","background-repeat":"repeat","background-position":"center center","background-size":"auto","background-attachment":"scroll","background-type":"","background-media":"","overlay-type":"","overlay-color":"","overlay-opacity":"","overlay-gradient":""},"tablet":{"background-color":"var(--ast-global-color-5)","background-image":"","background-repeat":"repeat","background-position":"center center","background-size":"auto","background-attachment":"scroll","background-type":"","background-media":"","overlay-type":"","overlay-color":"","overlay-opacity":"","overlay-gradient":""},"mobile":{"background-color":"var(--ast-global-color-5)","background-image":"","background-repeat":"repeat","background-position":"center center","background-size":"auto","background-attachment":"scroll","background-type":"","background-media":"","overlay-type":"","overlay-color":"","overlay-opacity":"","overlay-gradient":""}}},"product_brand":[],"product_cat":[25],"product_tag":[],"class_list":{"0":"post-1887","1":"product","2":"type-product","3":"status-publish","4":"has-post-thumbnail","6":"product_cat-indexing-plunger","8":"first","9":"instock","10":"shipping-taxable","11":"product-type-simple"},"_links":{"self":[{"href":"https:\/\/www.sknfastener.com\/pt\/wp-json\/wp\/v2\/product\/1887","targetHints":{"allow":["GET"]}}],"collection":[{"href":"https:\/\/www.sknfastener.com\/pt\/wp-json\/wp\/v2\/product"}],"about":[{"href":"https:\/\/www.sknfastener.com\/pt\/wp-json\/wp\/v2\/types\/product"}],"replies":[{"embeddable":true,"href":"https:\/\/www.sknfastener.com\/pt\/wp-json\/wp\/v2\/comments?post=1887"}],"version-history":[{"count":1,"href":"https:\/\/www.sknfastener.com\/pt\/wp-json\/wp\/v2\/product\/1887\/revisions"}],"predecessor-version":[{"id":1894,"href":"https:\/\/www.sknfastener.com\/pt\/wp-json\/wp\/v2\/product\/1887\/revisions\/1894"}],"wp:featuredmedia":[{"embeddable":true,"href":"https:\/\/www.sknfastener.com\/pt\/wp-json\/wp\/v2\/media\/1888"}],"wp:attachment":[{"href":"https:\/\/www.sknfastener.com\/pt\/wp-json\/wp\/v2\/media?parent=1887"}],"wp:term":[{"taxonomy":"product_brand","embeddable":true,"href":"https:\/\/www.sknfastener.com\/pt\/wp-json\/wp\/v2\/product_brand?post=1887"},{"taxonomy":"product_cat","embeddable":true,"href":"https:\/\/www.sknfastener.com\/pt\/wp-json\/wp\/v2\/product_cat?post=1887"},{"taxonomy":"product_tag","embeddable":true,"href":"https:\/\/www.sknfastener.com\/pt\/wp-json\/wp\/v2\/product_tag?post=1887"}],"curies":[{"name":"wp","href":"https:\/\/api.w.org\/{rel}","templated":true}]}}