{"id":1896,"date":"2025-05-20T22:26:58","date_gmt":"2025-05-20T14:26:58","guid":{"rendered":"https:\/\/www.sknfastener.com\/?post_type=product&#038;p=1896"},"modified":"2025-05-20T22:26:58","modified_gmt":"2025-05-20T14:26:58","slug":"heavy-duty-index-plunger","status":"publish","type":"product","link":"https:\/\/www.sknfastener.com\/pt\/produto\/heavy-duty-index-plunger\/","title":{"rendered":"\u00cambolo de \u00edndice para servi\u00e7o pesado"},"content":{"rendered":"<h4 class=\"\" data-start=\"162\" data-end=\"190\"><strong data-start=\"167\" data-end=\"190\">\u00cambolo de \u00edndice para servi\u00e7o pesado Descri\u00e7\u00e3o do produto<\/strong><\/h4>\n<p class=\"\" data-start=\"191\" data-end=\"564\">Esse \u00eambolo de \u00edndice para servi\u00e7os pesados foi projetado para posicionamento e travamento precisos em configura\u00e7\u00f5es mec\u00e2nicas exigentes. O corpo de a\u00e7o carbono oferece excelente resist\u00eancia e durabilidade em ambientes de alta carga. Apresenta uma base rosqueada e um pino retr\u00e1til acionado por um bot\u00e3o montado na lateral. <strong data-start=\"471\" data-end=\"483\">Al\u00e7a em L<\/strong>que permite a r\u00e1pida retra\u00e7\u00e3o e reposicionamento sem a necessidade de ferramentas.<\/p>\n<p class=\"\" data-start=\"566\" data-end=\"856\">Esse componente \u00e9 comumente usado em m\u00e1quinas-ferramentas, acess\u00f3rios de soldagem, gabaritos de montagem e sistemas de ferramentas modulares em que s\u00e3o necess\u00e1rios ajustes repetidos ou indexa\u00e7\u00e3o segura. A constru\u00e7\u00e3o s\u00f3lida garante uma longa vida \u00fatil, mesmo em ambientes industriais com vibra\u00e7\u00e3o e movimentos frequentes.<\/p>\n<h4 class=\"\" data-start=\"858\" data-end=\"879\"><strong data-start=\"863\" data-end=\"879\">Principais recursos<\/strong><\/h4>\n<ul data-start=\"880\" data-end=\"1330\">\n<li class=\"\" data-start=\"880\" data-end=\"939\">\n<p class=\"\" data-start=\"882\" data-end=\"939\"><strong data-start=\"882\" data-end=\"894\">Material<\/strong>: Corpo - a\u00e7o carbono; pino - a\u00e7o endurecido<\/p>\n<\/li>\n<li class=\"\" data-start=\"940\" data-end=\"996\">\n<p class=\"\" data-start=\"942\" data-end=\"996\"><strong data-start=\"942\" data-end=\"955\">Atua\u00e7\u00e3o<\/strong>: Al\u00e7a manual em L para puxar e travar rapidamente<\/p>\n<\/li>\n<li class=\"\" data-start=\"997\" data-end=\"1050\">\n<p class=\"\" data-start=\"999\" data-end=\"1050\"><strong data-start=\"999\" data-end=\"1015\">Instala\u00e7\u00e3o<\/strong>: Montagem lateral com furos duplos para parafusos<\/p>\n<\/li>\n<li class=\"\" data-start=\"1051\" data-end=\"1137\">\n<p class=\"\" data-start=\"1053\" data-end=\"1137\"><strong data-start=\"1053\" data-end=\"1070\">Estilo de travamento<\/strong>: Sem travamento (retorno por mola) ou vers\u00e3o com travamento opcional<\/p>\n<\/li>\n<li class=\"\" data-start=\"1138\" data-end=\"1196\">\n<p class=\"\" data-start=\"1140\" data-end=\"1196\"><strong data-start=\"1140\" data-end=\"1152\">Montagem<\/strong>: Compat\u00edvel com montagem em superf\u00edcie ou atrav\u00e9s de orif\u00edcio<\/p>\n<\/li>\n<li class=\"\" data-start=\"1197\" data-end=\"1236\">\n<p class=\"\" data-start=\"1199\" data-end=\"1236\"><strong data-start=\"1199\" data-end=\"1209\">Acabamento<\/strong>(N\u00e3o \u00e9 necess\u00e1rio para texto)<\/p>\n<\/li>\n<li class=\"\" data-start=\"1237\" data-end=\"1330\">\n<p class=\"\" data-start=\"1239\" data-end=\"1330\"><strong data-start=\"1239\" data-end=\"1257\">Op\u00e7\u00f5es personalizadas<\/strong>: Se\u00e7\u00e3o rosqueada, di\u00e2metro do pino e comprimento do pino personaliz\u00e1veis por solicita\u00e7\u00e3o<\/p>\n<\/li>\n<\/ul>\n<h4 class=\"\" data-start=\"1332\" data-end=\"1360\"><strong data-start=\"1337\" data-end=\"1360\">Aplicativos comuns<\/strong><\/h4>\n<ul data-start=\"1361\" data-end=\"1550\">\n<li class=\"\" data-start=\"1361\" data-end=\"1398\">\n<p class=\"\" data-start=\"1363\" data-end=\"1398\">Mecanismos de posicionamento industrial<\/p>\n<\/li>\n<li class=\"\" data-start=\"1399\" data-end=\"1437\">\n<p class=\"\" data-start=\"1401\" data-end=\"1437\">Sistemas de ajuste de altura ou \u00e2ngulo<\/p>\n<\/li>\n<li class=\"\" data-start=\"1438\" data-end=\"1470\">\n<p class=\"\" data-start=\"1440\" data-end=\"1470\">Dispositivos de soldagem ou de fixa\u00e7\u00e3o<\/p>\n<\/li>\n<li class=\"\" data-start=\"1471\" data-end=\"1503\">\n<p class=\"\" data-start=\"1473\" data-end=\"1503\">Equipamento de automa\u00e7\u00e3o modular<\/p>\n<\/li>\n<li class=\"\" data-start=\"1504\" data-end=\"1550\">\n<p class=\"\" data-start=\"1506\" data-end=\"1550\">Travamento de \u00edndice de precis\u00e3o em esta\u00e7\u00f5es de montagem<\/p>\n<\/li>\n<\/ul>\n<h4 class=\"\" data-start=\"1552\" data-end=\"1579\"><strong data-start=\"1557\" data-end=\"1579\">Vis\u00e3o geral t\u00e9cnica<\/strong><\/h4>\n<div class=\"_tableContainer_16hzy_1\">\n<div class=\"_tableWrapper_16hzy_14 group flex w-fit flex-col-reverse\" tabindex=\"-1\">\n<table class=\"w-fit min-w-(--thread-content-width)\" data-start=\"1580\" data-end=\"1934\">\n<thead data-start=\"1580\" data-end=\"1627\">\n<tr data-start=\"1580\" data-end=\"1627\">\n<th data-start=\"1580\" data-end=\"1598\" data-col-size=\"sm\">Par\u00e2metro<\/th>\n<th data-start=\"1598\" data-end=\"1627\" data-col-size=\"sm\">Valor<\/th>\n<\/tr>\n<\/thead>\n<tbody data-start=\"1676\" data-end=\"1934\">\n<tr data-start=\"1676\" data-end=\"1730\">\n<td data-start=\"1676\" data-end=\"1694\" data-col-size=\"sm\">Di\u00e2metro do pino<\/td>\n<td data-start=\"1694\" data-end=\"1730\" data-col-size=\"sm\">6 mm, 8 mm, 10 mm (personaliz\u00e1vel)<\/td>\n<\/tr>\n<tr data-start=\"1731\" data-end=\"1778\">\n<td data-start=\"1731\" data-end=\"1749\" data-col-size=\"sm\">Estilo da al\u00e7a<\/td>\n<td data-col-size=\"sm\" data-start=\"1749\" data-end=\"1778\">Al\u00e7a em L, com mola<\/td>\n<\/tr>\n<tr data-start=\"1779\" data-end=\"1826\">\n<td data-start=\"1779\" data-end=\"1797\" data-col-size=\"sm\">Linha do corpo<\/td>\n<td data-col-size=\"sm\" data-start=\"1797\" data-end=\"1826\">M12 x 1,5 ou conforme solicitado<\/td>\n<\/tr>\n<tr data-start=\"1827\" data-end=\"1874\">\n<td data-start=\"1827\" data-end=\"1845\" data-col-size=\"sm\">Furos de montagem<\/td>\n<td data-col-size=\"sm\" data-start=\"1845\" data-end=\"1874\">2 \u00d7 M6 ou M8 com rosca<\/td>\n<\/tr>\n<tr data-start=\"1875\" data-end=\"1934\">\n<td data-start=\"1875\" data-end=\"1893\" data-col-size=\"sm\">Material<\/td>\n<td data-col-size=\"sm\" data-start=\"1893\" data-end=\"1934\">A\u00e7o carbono \/ pino de a\u00e7o com tratamento t\u00e9rmico<\/td>\n<\/tr>\n<\/tbody>\n<\/table>\n<div class=\"sticky end-(--thread-content-margin) h-0 self-end select-none\">\n<div class=\"absolute end-0 flex items-end\"><\/div>\n<\/div>\n<\/div>\n<\/div>\n<blockquote data-start=\"1935\" data-end=\"2023\">\n<p class=\"\" data-start=\"1937\" data-end=\"2023\"><em data-start=\"1937\" data-end=\"2023\">Observa\u00e7\u00e3o: outras dimens\u00f5es, materiais e configura\u00e7\u00f5es de montagem dispon\u00edveis mediante solicita\u00e7\u00e3o.<\/em><\/p>\n<\/blockquote>","protected":false},"excerpt":{"rendered":"<p>\u00cambolo de indexa\u00e7\u00e3o para servi\u00e7o pesado com al\u00e7a em L, feito de a\u00e7o carbono. Ideal para posicionamento seguro em gabaritos e m\u00e1quinas. Material e tamanho personaliz\u00e1veis.<\/p>","protected":false},"featured_media":1898,"comment_status":"open","ping_status":"closed","template":"","meta":{"site-sidebar-layout":"default","site-content-layout":"","ast-site-content-layout":"default","site-content-style":"default","site-sidebar-style":"default","ast-global-header-display":"","ast-banner-title-visibility":"","ast-main-header-display":"","ast-hfb-above-header-display":"","ast-hfb-below-header-display":"","ast-hfb-mobile-header-display":"","site-post-title":"","ast-breadcrumbs-content":"","ast-featured-img":"","footer-sml-layout":"","ast-disable-related-posts":"","theme-transparent-header-meta":"default","adv-header-id-meta":"","stick-header-meta":"","header-above-stick-meta":"","header-main-stick-meta":"","header-below-stick-meta":"","astra-migrate-meta-layouts":"set","ast-page-background-enabled":"default","ast-page-background-meta":{"desktop":{"background-color":"var(--ast-global-color-4)","background-image":"","background-repeat":"repeat","background-position":"center center","background-size":"auto","background-attachment":"scroll","background-type":"","background-media":"","overlay-type":"","overlay-color":"","overlay-opacity":"","overlay-gradient":""},"tablet":{"background-color":"","background-image":"","background-repeat":"repeat","background-position":"center center","background-size":"auto","background-attachment":"scroll","background-type":"","background-media":"","overlay-type":"","overlay-color":"","overlay-opacity":"","overlay-gradient":""},"mobile":{"background-color":"","background-image":"","background-repeat":"repeat","background-position":"center center","background-size":"auto","background-attachment":"scroll","background-type":"","background-media":"","overlay-type":"","overlay-color":"","overlay-opacity":"","overlay-gradient":""}},"ast-content-background-meta":{"desktop":{"background-color":"var(--ast-global-color-5)","background-image":"","background-repeat":"repeat","background-position":"center center","background-size":"auto","background-attachment":"scroll","background-type":"","background-media":"","overlay-type":"","overlay-color":"","overlay-opacity":"","overlay-gradient":""},"tablet":{"background-color":"var(--ast-global-color-5)","background-image":"","background-repeat":"repeat","background-position":"center center","background-size":"auto","background-attachment":"scroll","background-type":"","background-media":"","overlay-type":"","overlay-color":"","overlay-opacity":"","overlay-gradient":""},"mobile":{"background-color":"var(--ast-global-color-5)","background-image":"","background-repeat":"repeat","background-position":"center center","background-size":"auto","background-attachment":"scroll","background-type":"","background-media":"","overlay-type":"","overlay-color":"","overlay-opacity":"","overlay-gradient":""}}},"product_brand":[],"product_cat":[25],"product_tag":[],"class_list":{"0":"post-1896","1":"product","2":"type-product","3":"status-publish","4":"has-post-thumbnail","6":"product_cat-indexing-plunger","8":"first","9":"instock","10":"shipping-taxable","11":"product-type-simple"},"_links":{"self":[{"href":"https:\/\/www.sknfastener.com\/pt\/wp-json\/wp\/v2\/product\/1896","targetHints":{"allow":["GET"]}}],"collection":[{"href":"https:\/\/www.sknfastener.com\/pt\/wp-json\/wp\/v2\/product"}],"about":[{"href":"https:\/\/www.sknfastener.com\/pt\/wp-json\/wp\/v2\/types\/product"}],"replies":[{"embeddable":true,"href":"https:\/\/www.sknfastener.com\/pt\/wp-json\/wp\/v2\/comments?post=1896"}],"version-history":[{"count":1,"href":"https:\/\/www.sknfastener.com\/pt\/wp-json\/wp\/v2\/product\/1896\/revisions"}],"predecessor-version":[{"id":1901,"href":"https:\/\/www.sknfastener.com\/pt\/wp-json\/wp\/v2\/product\/1896\/revisions\/1901"}],"wp:featuredmedia":[{"embeddable":true,"href":"https:\/\/www.sknfastener.com\/pt\/wp-json\/wp\/v2\/media\/1898"}],"wp:attachment":[{"href":"https:\/\/www.sknfastener.com\/pt\/wp-json\/wp\/v2\/media?parent=1896"}],"wp:term":[{"taxonomy":"product_brand","embeddable":true,"href":"https:\/\/www.sknfastener.com\/pt\/wp-json\/wp\/v2\/product_brand?post=1896"},{"taxonomy":"product_cat","embeddable":true,"href":"https:\/\/www.sknfastener.com\/pt\/wp-json\/wp\/v2\/product_cat?post=1896"},{"taxonomy":"product_tag","embeddable":true,"href":"https:\/\/www.sknfastener.com\/pt\/wp-json\/wp\/v2\/product_tag?post=1896"}],"curies":[{"name":"wp","href":"https:\/\/api.w.org\/{rel}","templated":true}]}}