{"id":1902,"date":"2025-05-20T22:33:51","date_gmt":"2025-05-20T14:33:51","guid":{"rendered":"https:\/\/www.sknfastener.com\/?post_type=product&#038;p=1902"},"modified":"2025-05-20T22:36:23","modified_gmt":"2025-05-20T14:36:23","slug":"stainless-steel-indexing-plunger","status":"publish","type":"product","link":"https:\/\/www.sknfastener.com\/pt\/produto\/stainless-steel-indexing-plunger\/","title":{"rendered":"\u00cambolo de indexa\u00e7\u00e3o de a\u00e7o inoxid\u00e1vel"},"content":{"rendered":"<h4 class=\"\" data-start=\"161\" data-end=\"189\"><strong data-start=\"166\" data-end=\"189\">Descri\u00e7\u00e3o do produto do \u00eambolo de indexa\u00e7\u00e3o de a\u00e7o inoxid\u00e1vel<\/strong><\/h4>\n<p class=\"\" data-start=\"190\" data-end=\"499\">Esse \u00eambolo de indexa\u00e7\u00e3o de a\u00e7o inoxid\u00e1vel oferece posicionamento seguro e funcionalidade de libera\u00e7\u00e3o r\u00e1pida para uma ampla gama de montagens industriais e mec\u00e2nicas. O projeto apresenta um corpo rosqueado para facilitar a instala\u00e7\u00e3o em furos pr\u00e9-rosqueados e um pino com mola que pode ser retra\u00eddo puxando-se o bot\u00e3o externo.<\/p>\n<p class=\"\" data-start=\"501\" data-end=\"792\">Uma vez liberado, o pino trava automaticamente no lugar, garantindo o posicionamento preciso e repetido sem a necessidade de fixa\u00e7\u00e3o adicional. O pino e o corpo robustos de a\u00e7o inoxid\u00e1vel s\u00e3o adequados para ambientes de alta carga, e o bot\u00e3o serrilhado proporciona uma ader\u00eancia confi\u00e1vel para a opera\u00e7\u00e3o manual frequente.<\/p>\n<h4 class=\"\" data-start=\"794\" data-end=\"815\"><strong data-start=\"799\" data-end=\"815\">Principais recursos<\/strong><\/h4>\n<ul data-start=\"816\" data-end=\"1232\">\n<li class=\"\" data-start=\"816\" data-end=\"871\">\n<p class=\"\" data-start=\"818\" data-end=\"871\"><strong data-start=\"818\" data-end=\"830\">Material<\/strong>: A\u00e7o inoxid\u00e1vel SUS304 (corpo e pino)<\/p>\n<\/li>\n<li class=\"\" data-start=\"872\" data-end=\"915\">\n<p class=\"\" data-start=\"874\" data-end=\"915\"><strong data-start=\"874\" data-end=\"889\">Tipo de rosca<\/strong>: M\u00e9trico \/ UNC dispon\u00edvel<\/p>\n<\/li>\n<li class=\"\" data-start=\"916\" data-end=\"987\">\n<p class=\"\" data-start=\"918\" data-end=\"987\"><strong data-start=\"918\" data-end=\"931\">Opera\u00e7\u00e3o<\/strong>: Puxe o bot\u00e3o para retrair, a mola trava o pino automaticamente<\/p>\n<\/li>\n<li class=\"\" data-start=\"988\" data-end=\"1055\">\n<p class=\"\" data-start=\"990\" data-end=\"1055\"><strong data-start=\"990\" data-end=\"1002\">Montagem<\/strong>: Corpo rosqueado com base hexagonal para aperto com chave<\/p>\n<\/li>\n<li class=\"\" data-start=\"1056\" data-end=\"1105\">\n<p class=\"\" data-start=\"1058\" data-end=\"1105\"><strong data-start=\"1058\" data-end=\"1070\">Tipo de pino<\/strong>: Pino de localiza\u00e7\u00e3o cil\u00edndrico retificado<\/p>\n<\/li>\n<li class=\"\" data-start=\"1106\" data-end=\"1169\">\n<p class=\"\" data-start=\"1108\" data-end=\"1169\"><strong data-start=\"1108\" data-end=\"1117\">Tamanhos<\/strong>: M8, M10, M12, M16, M20 - personaliz\u00e1vel mediante solicita\u00e7\u00e3o<\/p>\n<\/li>\n<li class=\"\" data-start=\"1170\" data-end=\"1232\">\n<p class=\"\" data-start=\"1172\" data-end=\"1232\"><strong data-start=\"1172\" data-end=\"1189\">Material do bot\u00e3o<\/strong>: Bot\u00e3o de pl\u00e1stico preto para manuseio ergon\u00f4mico<\/p>\n<\/li>\n<\/ul>\n<h4 class=\"\" data-start=\"1234\" data-end=\"1263\"><strong data-start=\"1239\" data-end=\"1263\">Aplica\u00e7\u00f5es t\u00edpicas<\/strong><\/h4>\n<ul data-start=\"1264\" data-end=\"1478\">\n<li class=\"\" data-start=\"1264\" data-end=\"1308\">\n<p class=\"\" data-start=\"1266\" data-end=\"1308\">Dispositivos de posicionamento em gabaritos e acess\u00f3rios<\/p>\n<\/li>\n<li class=\"\" data-start=\"1309\" data-end=\"1360\">\n<p class=\"\" data-start=\"1311\" data-end=\"1360\">Elementos de travamento em quadros ou guias ajust\u00e1veis<\/p>\n<\/li>\n<li class=\"\" data-start=\"1361\" data-end=\"1417\">\n<p class=\"\" data-start=\"1363\" data-end=\"1417\">Indexa\u00e7\u00e3o de altura e alinhamento em m\u00e1quinas industriais<\/p>\n<\/li>\n<li class=\"\" data-start=\"1418\" data-end=\"1478\">\n<p class=\"\" data-start=\"1420\" data-end=\"1478\">Posicionamento seguro e repetido em linhas de embalagem ou automa\u00e7\u00e3o<\/p>\n<\/li>\n<\/ul>\n<h4 class=\"\" data-start=\"1480\" data-end=\"1507\"><strong data-start=\"1485\" data-end=\"1507\">Vis\u00e3o geral t\u00e9cnica<\/strong><\/h4>\n<div class=\"_tableContainer_16hzy_1\">\n<div class=\"_tableWrapper_16hzy_14 group flex w-fit flex-col-reverse\" tabindex=\"-1\">\n<table class=\"w-fit min-w-(--thread-content-width)\" data-start=\"1508\" data-end=\"1911\">\n<thead data-start=\"1508\" data-end=\"1564\">\n<tr data-start=\"1508\" data-end=\"1564\">\n<th data-start=\"1508\" data-end=\"1529\" data-col-size=\"sm\">Par\u00e2metro<\/th>\n<th data-start=\"1529\" data-end=\"1564\" data-col-size=\"sm\">Valor<\/th>\n<\/tr>\n<\/thead>\n<tbody data-start=\"1622\" data-end=\"1911\">\n<tr data-start=\"1622\" data-end=\"1679\">\n<td data-start=\"1622\" data-end=\"1643\" data-col-size=\"sm\">Tamanhos de rosca<\/td>\n<td data-col-size=\"sm\" data-start=\"1643\" data-end=\"1679\">M8, M10, M12, M16, M20<\/td>\n<\/tr>\n<tr data-start=\"1680\" data-end=\"1737\">\n<td data-start=\"1680\" data-end=\"1701\" data-col-size=\"sm\">Di\u00e2metro do pino<\/td>\n<td data-col-size=\"sm\" data-start=\"1701\" data-end=\"1737\">5 mm - 12 mm<\/td>\n<\/tr>\n<tr data-start=\"1738\" data-end=\"1795\">\n<td data-start=\"1738\" data-end=\"1759\" data-col-size=\"sm\">Curso do pino<\/td>\n<td data-col-size=\"sm\" data-start=\"1759\" data-end=\"1795\">5 mm - 10 mm<\/td>\n<\/tr>\n<tr data-start=\"1796\" data-end=\"1853\">\n<td data-start=\"1796\" data-end=\"1817\" data-col-size=\"sm\">Comprimento total<\/td>\n<td data-col-size=\"sm\" data-start=\"1817\" data-end=\"1853\">Conforme o modelo (personaliz\u00e1vel)<\/td>\n<\/tr>\n<tr data-start=\"1854\" data-end=\"1911\">\n<td data-start=\"1854\" data-end=\"1875\" data-col-size=\"sm\">For\u00e7a de atua\u00e7\u00e3o<\/td>\n<td data-col-size=\"sm\" data-start=\"1875\" data-end=\"1911\">25 - 40 N (dependendo do tipo de mola)<\/td>\n<\/tr>\n<\/tbody>\n<\/table>\n<div class=\"sticky end-(--thread-content-margin) h-0 self-end select-none\">\n<div class=\"absolute end-0 flex items-end\"><\/div>\n<\/div>\n<\/div>\n<\/div>\n<blockquote data-start=\"1912\" data-end=\"1985\">\n<p class=\"\" data-start=\"1914\" data-end=\"1985\">Comprimento do pino, tamanho da rosca ou tipo de travamento personalizados dispon\u00edveis mediante solicita\u00e7\u00e3o.<\/p>\n<\/blockquote>","protected":false},"excerpt":{"rendered":"<p>\u00cambolo de indexa\u00e7\u00e3o de a\u00e7o inoxid\u00e1vel com corpo rosqueado e bot\u00e3o de tra\u00e7\u00e3o. Ideal para gabaritos, m\u00e1quinas e sistemas de posicionamento modular. O material e o tamanho podem ser personalizados.<\/p>","protected":false},"featured_media":1907,"comment_status":"open","ping_status":"closed","template":"","meta":{"site-sidebar-layout":"default","site-content-layout":"","ast-site-content-layout":"default","site-content-style":"default","site-sidebar-style":"default","ast-global-header-display":"","ast-banner-title-visibility":"","ast-main-header-display":"","ast-hfb-above-header-display":"","ast-hfb-below-header-display":"","ast-hfb-mobile-header-display":"","site-post-title":"","ast-breadcrumbs-content":"","ast-featured-img":"","footer-sml-layout":"","ast-disable-related-posts":"","theme-transparent-header-meta":"default","adv-header-id-meta":"","stick-header-meta":"","header-above-stick-meta":"","header-main-stick-meta":"","header-below-stick-meta":"","astra-migrate-meta-layouts":"set","ast-page-background-enabled":"default","ast-page-background-meta":{"desktop":{"background-color":"var(--ast-global-color-4)","background-image":"","background-repeat":"repeat","background-position":"center center","background-size":"auto","background-attachment":"scroll","background-type":"","background-media":"","overlay-type":"","overlay-color":"","overlay-opacity":"","overlay-gradient":""},"tablet":{"background-color":"","background-image":"","background-repeat":"repeat","background-position":"center center","background-size":"auto","background-attachment":"scroll","background-type":"","background-media":"","overlay-type":"","overlay-color":"","overlay-opacity":"","overlay-gradient":""},"mobile":{"background-color":"","background-image":"","background-repeat":"repeat","background-position":"center center","background-size":"auto","background-attachment":"scroll","background-type":"","background-media":"","overlay-type":"","overlay-color":"","overlay-opacity":"","overlay-gradient":""}},"ast-content-background-meta":{"desktop":{"background-color":"var(--ast-global-color-5)","background-image":"","background-repeat":"repeat","background-position":"center center","background-size":"auto","background-attachment":"scroll","background-type":"","background-media":"","overlay-type":"","overlay-color":"","overlay-opacity":"","overlay-gradient":""},"tablet":{"background-color":"var(--ast-global-color-5)","background-image":"","background-repeat":"repeat","background-position":"center center","background-size":"auto","background-attachment":"scroll","background-type":"","background-media":"","overlay-type":"","overlay-color":"","overlay-opacity":"","overlay-gradient":""},"mobile":{"background-color":"var(--ast-global-color-5)","background-image":"","background-repeat":"repeat","background-position":"center center","background-size":"auto","background-attachment":"scroll","background-type":"","background-media":"","overlay-type":"","overlay-color":"","overlay-opacity":"","overlay-gradient":""}}},"product_brand":[],"product_cat":[25],"product_tag":[],"class_list":{"0":"post-1902","1":"product","2":"type-product","3":"status-publish","4":"has-post-thumbnail","6":"product_cat-indexing-plunger","8":"first","9":"instock","10":"shipping-taxable","11":"product-type-simple"},"_links":{"self":[{"href":"https:\/\/www.sknfastener.com\/pt\/wp-json\/wp\/v2\/product\/1902","targetHints":{"allow":["GET"]}}],"collection":[{"href":"https:\/\/www.sknfastener.com\/pt\/wp-json\/wp\/v2\/product"}],"about":[{"href":"https:\/\/www.sknfastener.com\/pt\/wp-json\/wp\/v2\/types\/product"}],"replies":[{"embeddable":true,"href":"https:\/\/www.sknfastener.com\/pt\/wp-json\/wp\/v2\/comments?post=1902"}],"version-history":[{"count":1,"href":"https:\/\/www.sknfastener.com\/pt\/wp-json\/wp\/v2\/product\/1902\/revisions"}],"predecessor-version":[{"id":1908,"href":"https:\/\/www.sknfastener.com\/pt\/wp-json\/wp\/v2\/product\/1902\/revisions\/1908"}],"wp:featuredmedia":[{"embeddable":true,"href":"https:\/\/www.sknfastener.com\/pt\/wp-json\/wp\/v2\/media\/1907"}],"wp:attachment":[{"href":"https:\/\/www.sknfastener.com\/pt\/wp-json\/wp\/v2\/media?parent=1902"}],"wp:term":[{"taxonomy":"product_brand","embeddable":true,"href":"https:\/\/www.sknfastener.com\/pt\/wp-json\/wp\/v2\/product_brand?post=1902"},{"taxonomy":"product_cat","embeddable":true,"href":"https:\/\/www.sknfastener.com\/pt\/wp-json\/wp\/v2\/product_cat?post=1902"},{"taxonomy":"product_tag","embeddable":true,"href":"https:\/\/www.sknfastener.com\/pt\/wp-json\/wp\/v2\/product_tag?post=1902"}],"curies":[{"name":"wp","href":"https:\/\/api.w.org\/{rel}","templated":true}]}}