{"id":1879,"date":"2025-05-20T21:55:15","date_gmt":"2025-05-20T13:55:15","guid":{"rendered":"https:\/\/www.sknfastener.com\/?post_type=product&#038;p=1879"},"modified":"2025-05-20T21:55:15","modified_gmt":"2025-05-20T13:55:15","slug":"threaded-index-plunger","status":"publish","type":"product","link":"https:\/\/www.sknfastener.com\/ru\/product\/threaded-index-plunger\/","title":{"rendered":"\u0418\u043d\u0434\u0435\u043a\u0441\u043d\u044b\u0439 \u043f\u043b\u0443\u043d\u0436\u0435\u0440 \u0441 \u0440\u0435\u0437\u044c\u0431\u043e\u0439 \u0438 \u0440\u0443\u0447\u043a\u043e\u0439 \u0434\u043b\u044f \u043f\u043e\u0434\u0442\u044f\u0433\u0438\u0432\u0430\u043d\u0438\u044f | \u0428\u0442\u0438\u0444\u0442 \u0438\u0437 \u043d\u0435\u0440\u0436\u0430\u0432\u0435\u044e\u0449\u0435\u0439 \u0441\u0442\u0430\u043b\u0438 | \u0412\u043e\u0437\u043c\u043e\u0436\u043d\u044b \u043d\u0435\u0441\u0442\u0430\u043d\u0434\u0430\u0440\u0442\u043d\u044b\u0435 \u0440\u0430\u0437\u043c\u0435\u0440\u044b"},"content":{"rendered":"<h2 class=\"\" data-start=\"461\" data-end=\"487\">\u041e\u043f\u0438\u0441\u0430\u043d\u0438\u0435 \u0442\u043e\u0432\u0430\u0440\u0430<\/h2>\n<p class=\"\" data-start=\"489\" data-end=\"881\">\u042d\u0442\u043e <strong data-start=\"494\" data-end=\"520\">\u0440\u0435\u0437\u044c\u0431\u043e\u0432\u043e\u0439 \u0443\u043a\u0430\u0437\u0430\u0442\u0435\u043b\u044c\u043d\u044b\u0439 \u043f\u043b\u0443\u043d\u0436\u0435\u0440<\/strong> \u043f\u0440\u0435\u0434\u043d\u0430\u0437\u043d\u0430\u0447\u0435\u043d \u0434\u043b\u044f \u0442\u043e\u0447\u043d\u043e\u0433\u043e \u043f\u043e\u0437\u0438\u0446\u0438\u043e\u043d\u0438\u0440\u043e\u0432\u0430\u043d\u0438\u044f \u0438 \u043d\u0430\u0434\u0435\u0436\u043d\u043e\u0439 \u0444\u0438\u043a\u0441\u0430\u0446\u0438\u0438 \u0432 \u043c\u0435\u0445\u0430\u043d\u0438\u0447\u0435\u0441\u043a\u0438\u0445 \u0443\u0437\u043b\u0430\u0445. \u041f\u043b\u0443\u043d\u0436\u0435\u0440 \u0438\u043c\u0435\u0435\u0442 <strong data-start=\"628\" data-end=\"660\">\u0428\u0442\u0438\u0444\u0442 \u0438\u0437 \u0437\u0430\u043a\u0430\u043b\u0435\u043d\u043d\u043e\u0439 \u043d\u0435\u0440\u0436\u0430\u0432\u0435\u044e\u0449\u0435\u0439 \u0441\u0442\u0430\u043b\u0438<\/strong> \u043f\u043e\u043c\u0435\u0449\u0435\u043d\u044b \u0432 \u043f\u0440\u043e\u0447\u043d\u044b\u0439 \u043a\u043e\u0440\u043f\u0443\u0441 \u0441 \u0432\u043d\u0435\u0448\u043d\u0435\u0439 \u0440\u0435\u0437\u044c\u0431\u043e\u0439 \u0434\u043b\u044f \u043c\u043e\u043d\u0442\u0430\u0436\u0430 \u043d\u0430 \u043f\u0430\u043d\u0435\u043b\u044c \u0438\u043b\u0438 \u043a\u0440\u0435\u043f\u0435\u0436. \u0421\u0430\u0439\u0442 <strong data-start=\"745\" data-end=\"766\">\u0433\u043e\u043b\u043e\u0432\u043a\u0430 \u0440\u0443\u0447\u043a\u0438 \u0441 \u043d\u0430\u043a\u0430\u0442\u043a\u043e\u0439<\/strong> \u043f\u043e\u0437\u0432\u043e\u043b\u044f\u0435\u0442 \u0431\u044b\u0441\u0442\u0440\u043e \u0432\u0440\u0443\u0447\u043d\u0443\u044e \u0432\u0442\u044f\u0433\u0438\u0432\u0430\u0442\u044c \u0438 \u0441\u043d\u043e\u0432\u0430 \u0432\u0442\u044f\u0433\u0438\u0432\u0430\u0442\u044c \u0448\u0442\u0438\u0444\u0442, \u043e\u0431\u0435\u0441\u043f\u0435\u0447\u0438\u0432\u0430\u044f \u043d\u0430\u0434\u0435\u0436\u043d\u0443\u044e \u0438 \u043f\u043e\u0432\u0442\u043e\u0440\u044f\u044e\u0449\u0443\u044e\u0441\u044f \u0431\u043b\u043e\u043a\u0438\u0440\u043e\u0432\u043a\u0443.<\/p>\n<p class=\"\" data-start=\"883\" data-end=\"1058\">\u041f\u043b\u0443\u043d\u0436\u0435\u0440 \u043e\u0431\u044b\u0447\u043d\u043e \u0438\u0441\u043f\u043e\u043b\u044c\u0437\u0443\u0435\u0442\u0441\u044f \u0432 \u043f\u0440\u0438\u0441\u043f\u043e\u0441\u043e\u0431\u043b\u0435\u043d\u0438\u044f\u0445, \u043e\u0441\u043d\u0430\u0441\u0442\u043a\u0435, \u0438\u043d\u0441\u0442\u0440\u0443\u043c\u0435\u043d\u0442\u0430\u043b\u044c\u043d\u044b\u0445 \u043f\u043b\u0438\u0442\u0430\u0445, \u0440\u0435\u0433\u0443\u043b\u0438\u0440\u0443\u0435\u043c\u044b\u0445 \u043a\u0440\u043e\u043d\u0448\u0442\u0435\u0439\u043d\u0430\u0445, \u043d\u0430\u043f\u0440\u0430\u0432\u043b\u044f\u044e\u0449\u0438\u0445 \u043f\u043e \u0432\u044b\u0441\u043e\u0442\u0435 \u0438 \u043f\u0440\u043e\u043c\u044b\u0448\u043b\u0435\u043d\u043d\u043e\u043c \u043e\u0431\u043e\u0440\u0443\u0434\u043e\u0432\u0430\u043d\u0438\u0438, \u0433\u0434\u0435 \u0442\u0440\u0435\u0431\u0443\u0435\u0442\u0441\u044f \u0447\u0430\u0441\u0442\u0430\u044f \u043f\u0435\u0440\u0435\u0441\u0442\u0430\u043d\u043e\u0432\u043a\u0430 \u0438\u043b\u0438 \u0438\u043d\u0434\u0435\u043a\u0441\u0430\u0446\u0438\u044f.<\/p>\n<p class=\"\" data-start=\"1060\" data-end=\"1243\">\u0420\u0435\u0437\u044c\u0431\u043e\u0432\u043e\u0439 \u043a\u043e\u0440\u043f\u0443\u0441 \u0441\u043e\u0432\u043c\u0435\u0441\u0442\u0438\u043c \u0441 \u0440\u0430\u0437\u043b\u0438\u0447\u043d\u044b\u043c\u0438 \u043c\u043e\u043d\u0442\u0430\u0436\u043d\u044b\u043c\u0438 \u043f\u043e\u0432\u0435\u0440\u0445\u043d\u043e\u0441\u0442\u044f\u043c\u0438 \u0438 \u043e\u0431\u0435\u0441\u043f\u0435\u0447\u0438\u0432\u0430\u0435\u0442 \u043d\u0430\u0434\u0435\u0436\u043d\u043e\u0435 \u043a\u0440\u0435\u043f\u043b\u0435\u043d\u0438\u0435 \u043f\u0440\u0438 \u043c\u043d\u043e\u0433\u043e\u043a\u0440\u0430\u0442\u043d\u043e\u043c \u0438\u0441\u043f\u043e\u043b\u044c\u0437\u043e\u0432\u0430\u043d\u0438\u0438. \u0414\u043e\u0441\u0442\u0443\u043f\u043d\u044b \u0440\u0430\u0437\u043b\u0438\u0447\u043d\u044b\u0435 \u0442\u0438\u043f\u044b \u0440\u0435\u0437\u044c\u0431\u044b, \u0434\u043b\u0438\u043d\u044b \u0448\u0442\u0438\u0444\u0442\u043e\u0432 \u0438 \u0441\u0442\u0438\u043b\u0438 \u0440\u0443\u0447\u0435\u043a.<\/p>\n<hr class=\"\" data-start=\"1245\" data-end=\"1248\" \/>\n<h2 class=\"\" data-start=\"1250\" data-end=\"1269\">\u2705 \u041f\u0440\u0438\u043b\u043e\u0436\u0435\u043d\u0438\u044f<\/h2>\n<ul data-start=\"1271\" data-end=\"1512\">\n<li class=\"\" data-start=\"1271\" data-end=\"1310\">\n<p class=\"\" data-start=\"1273\" data-end=\"1310\">\u041c\u0435\u0445\u0430\u043d\u0438\u0437\u043c\u044b \u043f\u043e\u0437\u0438\u0446\u0438\u043e\u043d\u0438\u0440\u043e\u0432\u0430\u043d\u0438\u044f \u0438 \u0438\u043d\u0434\u0435\u043a\u0441\u0430\u0446\u0438\u0438<\/p>\n<\/li>\n<li class=\"\" data-start=\"1311\" data-end=\"1353\">\n<p class=\"\" data-start=\"1313\" data-end=\"1353\">\u0420\u0435\u0433\u0443\u043b\u0438\u0440\u0443\u0435\u043c\u044b\u0435 \u0443\u043f\u043e\u0440\u044b \u0432 \u0441\u0438\u0441\u0442\u0435\u043c\u0430\u0445 \u0430\u0432\u0442\u043e\u043c\u0430\u0442\u0438\u0437\u0430\u0446\u0438\u0438<\/p>\n<\/li>\n<li class=\"\" data-start=\"1354\" data-end=\"1394\">\n<p class=\"\" data-start=\"1356\" data-end=\"1394\">\u0411\u043b\u043e\u043a\u0438\u0440\u043e\u0432\u043a\u0430 \u0434\u043b\u044f \u0441\u043a\u043b\u0430\u0434\u044b\u0432\u0430\u043d\u0438\u044f \u0438\u043b\u0438 \u043f\u043e\u0432\u043e\u0440\u043e\u0442\u0430 \u0440\u044b\u0447\u0430\u0433\u043e\u0432<\/p>\n<\/li>\n<li class=\"\" data-start=\"1395\" data-end=\"1441\">\n<p class=\"\" data-start=\"1397\" data-end=\"1441\">\u0421\u043c\u0435\u043d\u0430 \u0438\u043d\u0441\u0442\u0440\u0443\u043c\u0435\u043d\u0442\u0430 \u0438 \u043d\u0430\u0441\u0442\u0440\u043e\u0439\u043a\u0430 \u043c\u0435\u0445\u0430\u043d\u0438\u0447\u0435\u0441\u043a\u043e\u0439 \u0441\u0431\u043e\u0440\u043a\u0438<\/p>\n<\/li>\n<li class=\"\" data-start=\"1442\" data-end=\"1474\">\n<p class=\"\" data-start=\"1444\" data-end=\"1474\">\u0417\u0430\u0436\u0438\u043c\u043d\u044b\u0435 \u0438 \u043a\u0440\u0435\u043f\u0435\u0436\u043d\u044b\u0435 \u043f\u0440\u0438\u0441\u043f\u043e\u0441\u043e\u0431\u043b\u0435\u043d\u0438\u044f<\/p>\n<\/li>\n<li class=\"\" data-start=\"1475\" data-end=\"1512\">\n<p class=\"\" data-start=\"1477\" data-end=\"1512\">\u041c\u0430\u0448\u0438\u043d\u044b \u0438 \u043e\u0431\u043e\u0440\u0443\u0434\u043e\u0432\u0430\u043d\u0438\u0435 \u0434\u043b\u044f \u043f\u0440\u043e\u0438\u0437\u0432\u043e\u0434\u0441\u0442\u0432\u0430<\/p>\n<\/li>\n<\/ul>\n<hr class=\"\" data-start=\"1514\" data-end=\"1517\" \/>\n<h2 class=\"\" data-start=\"1519\" data-end=\"1550\">\u2705 \u0422\u0435\u0445\u043d\u0438\u0447\u0435\u0441\u043a\u0438\u0435 \u0445\u0430\u0440\u0430\u043a\u0442\u0435\u0440\u0438\u0441\u0442\u0438\u043a\u0438<\/h2>\n<div class=\"_tableContainer_16hzy_1\">\n<div class=\"_tableWrapper_16hzy_14 group flex w-fit flex-col-reverse\" tabindex=\"-1\">\n<table class=\"w-fit min-w-(--thread-content-width)\" data-start=\"1552\" data-end=\"1855\">\n<thead data-start=\"1552\" data-end=\"1609\">\n<tr data-start=\"1552\" data-end=\"1609\">\n<th data-start=\"1552\" data-end=\"1574\" data-col-size=\"sm\">\u041a\u043e\u043c\u043f\u043e\u043d\u0435\u043d\u0442<\/th>\n<th data-start=\"1574\" data-end=\"1609\" data-col-size=\"md\">\u0412\u0430\u0440\u0438\u0430\u043d\u0442\u044b \u043c\u0430\u0442\u0435\u0440\u0438\u0430\u043b\u043e\u0432<\/th>\n<\/tr>\n<\/thead>\n<tbody data-start=\"1669\" data-end=\"1855\">\n<tr data-start=\"1669\" data-end=\"1720\">\n<td data-start=\"1669\" data-end=\"1691\" data-col-size=\"sm\">\u041f\u043b\u0443\u043d\u0436\u0435\u0440\u043d\u044b\u0439 \u0448\u0442\u0438\u0444\u0442<\/td>\n<td data-col-size=\"md\" data-start=\"1691\" data-end=\"1720\">\u041d\u0435\u0440\u0436\u0430\u0432\u0435\u044e\u0449\u0430\u044f \u0441\u0442\u0430\u043b\u044c 304 \/ 303<\/td>\n<\/tr>\n<tr data-start=\"1721\" data-end=\"1784\">\n<td data-start=\"1721\" data-end=\"1743\" data-col-size=\"sm\">\u0420\u0443\u0447\u043a\u0430-\u043a\u043d\u043e\u0431<\/td>\n<td data-start=\"1743\" data-end=\"1784\" data-col-size=\"md\">\u041f\u043b\u0430\u0441\u0442\u0438\u043a (\u043f\u043e\u0432\u0435\u0440\u0445\u043d\u043e\u0441\u0442\u044c \u0441 \u043d\u0430\u043a\u0430\u0442\u043a\u043e\u0439) \u0438\u043b\u0438 \u0430\u043b\u044e\u043c\u0438\u043d\u0438\u0439<\/td>\n<\/tr>\n<tr data-start=\"1785\" data-end=\"1855\">\n<td data-start=\"1785\" data-end=\"1807\" data-col-size=\"sm\">\u0420\u0435\u0437\u044c\u0431\u043e\u0432\u043e\u0439 \u043a\u043e\u0440\u043f\u0443\u0441<\/td>\n<td data-col-size=\"md\" data-start=\"1807\" data-end=\"1855\">\u041d\u0435\u0440\u0436\u0430\u0432\u0435\u044e\u0449\u0430\u044f \u0441\u0442\u0430\u043b\u044c \/ \u041e\u0446\u0438\u043d\u043a\u043e\u0432\u0430\u043d\u043d\u0430\u044f \u0441\u0442\u0430\u043b\u044c \/ \u041d\u0430 \u0437\u0430\u043a\u0430\u0437<\/td>\n<\/tr>\n<\/tbody>\n<\/table>\n<div class=\"sticky end-(--thread-content-margin) h-0 self-end select-none\">\n<div class=\"absolute end-0 flex items-end\"><\/div>\n<\/div>\n<\/div>\n<\/div>\n<p class=\"\" data-start=\"1857\" data-end=\"1880\"><strong data-start=\"1857\" data-end=\"1880\">\u0422\u0438\u043f\u043e\u0432\u044b\u0435 \u0440\u0430\u0437\u043c\u0435\u0440\u044b:<\/strong><\/p>\n<div class=\"_tableContainer_16hzy_1\">\n<div class=\"_tableWrapper_16hzy_14 group flex w-fit flex-col-reverse\" tabindex=\"-1\">\n<table class=\"w-fit min-w-(--thread-content-width)\" data-start=\"1882\" data-end=\"2198\">\n<thead data-start=\"1882\" data-end=\"1931\">\n<tr data-start=\"1882\" data-end=\"1931\">\n<th data-start=\"1882\" data-end=\"1902\" data-col-size=\"sm\">\u041f\u0430\u0440\u0430\u043c\u0435\u0442\u0440<\/th>\n<th data-start=\"1902\" data-end=\"1931\" data-col-size=\"md\">\u0414\u0438\u0430\u043f\u0430\u0437\u043e\u043d<\/th>\n<\/tr>\n<\/thead>\n<tbody data-start=\"1981\" data-end=\"2198\">\n<tr data-start=\"1981\" data-end=\"2048\">\n<td data-start=\"1981\" data-end=\"2001\" data-col-size=\"sm\">\u0420\u0430\u0437\u043c\u0435\u0440\u044b \u0440\u0435\u0437\u044c\u0431\u044b<\/td>\n<td data-col-size=\"md\" data-start=\"2001\" data-end=\"2048\">M8 \u00d7 1,25, M10 \u00d7 1,5, M12 \u00d7 1,75 \u0438\u043b\u0438 \u043d\u0430 \u0437\u0430\u043a\u0430\u0437<\/td>\n<\/tr>\n<tr data-start=\"2049\" data-end=\"2086\">\n<td data-start=\"2049\" data-end=\"2069\" data-col-size=\"sm\">\u0414\u043b\u0438\u043d\u0430 \u0440\u0435\u0437\u044c\u0431\u044b<\/td>\n<td data-col-size=\"md\" data-start=\"2069\" data-end=\"2086\">10 \u043c\u043c - 30 \u043c\u043c<\/td>\n<\/tr>\n<tr data-start=\"2087\" data-end=\"2123\">\n<td data-start=\"2087\" data-end=\"2107\" data-col-size=\"sm\">\u0414\u0438\u0430\u043c\u0435\u0442\u0440 \u0448\u0442\u044b\u0440\u044f<\/td>\n<td data-start=\"2107\" data-end=\"2123\" data-col-size=\"md\">3 \u043c\u043c - 12 \u043c\u043c<\/td>\n<\/tr>\n<tr data-start=\"2124\" data-end=\"2160\">\n<td data-start=\"2124\" data-end=\"2144\" data-col-size=\"sm\">\u0425\u043e\u0434 \u0448\u0442\u0438\u0444\u0442\u0430<\/td>\n<td data-col-size=\"md\" data-start=\"2144\" data-end=\"2160\">5 \u043c\u043c - 20 \u043c\u043c<\/td>\n<\/tr>\n<tr data-start=\"2161\" data-end=\"2198\">\n<td data-start=\"2161\" data-end=\"2181\" data-col-size=\"sm\">\u0414\u0438\u0430\u043c\u0435\u0442\u0440 \u0440\u0443\u0447\u043a\u0438<\/td>\n<td data-start=\"2181\" data-end=\"2198\" data-col-size=\"md\">20 \u043c\u043c - 30 \u043c\u043c<\/td>\n<\/tr>\n<\/tbody>\n<\/table>\n<div class=\"sticky end-(--thread-content-margin) h-0 self-end select-none\">\n<div class=\"absolute end-0 flex items-end\"><\/div>\n<\/div>\n<\/div>\n<\/div>\n<p class=\"\" data-start=\"2200\" data-end=\"2253\"> \u041f\u043e\u043b\u043d\u043e\u0441\u0442\u044c\u044e \u043d\u0430\u0441\u0442\u0440\u0430\u0438\u0432\u0430\u0435\u0442\u0441\u044f \u043f\u043e \u0447\u0435\u0440\u0442\u0435\u0436\u0443 \u0438\u043b\u0438 \u043e\u0431\u0440\u0430\u0437\u0446\u0443.<\/p>\n<hr class=\"\" data-start=\"2255\" data-end=\"2258\" \/>\n<h2 class=\"\" data-start=\"2260\" data-end=\"2279\">\u2705 \u041e\u0441\u043d\u043e\u0432\u043d\u044b\u0435 \u0445\u0430\u0440\u0430\u043a\u0442\u0435\u0440\u0438\u0441\u0442\u0438\u043a\u0438<\/h2>\n<ul data-start=\"2281\" data-end=\"2604\">\n<li class=\"\" data-start=\"2281\" data-end=\"2326\">\n<p class=\"\" data-start=\"2283\" data-end=\"2326\"> \u041f\u043e\u043b\u043e\u0436\u0438\u0442\u0435\u043b\u044c\u043d\u044b\u0439 \u043f\u0440\u0443\u0436\u0438\u043d\u043d\u044b\u0439 \u043c\u0435\u0445\u0430\u043d\u0438\u0437\u043c \u0438\u043d\u0434\u0435\u043a\u0441\u0430\u0446\u0438\u0438<\/p>\n<\/li>\n<li class=\"\" data-start=\"2327\" data-end=\"2369\">\n<p class=\"\" data-start=\"2329\" data-end=\"2369\"> \u041f\u0440\u043e\u0441\u0442\u0430\u044f \u0443\u0441\u0442\u0430\u043d\u043e\u0432\u043a\u0430 \u0441 \u043f\u043e\u043c\u043e\u0449\u044c\u044e \u0440\u0435\u0437\u044c\u0431\u043e\u0432\u043e\u0433\u043e \u043a\u043e\u0440\u043f\u0443\u0441\u0430<\/p>\n<\/li>\n<li class=\"\" data-start=\"2370\" data-end=\"2422\">\n<p class=\"\" data-start=\"2372\" data-end=\"2422\">\u270b \u0420\u0443\u0447\u043d\u043e\u0435 \u0432\u0442\u044f\u0433\u0438\u0432\u0430\u043d\u0438\u0435 \u0441 \u043f\u043e\u043c\u043e\u0449\u044c\u044e \u044d\u0440\u0433\u043e\u043d\u043e\u043c\u0438\u0447\u043d\u043e\u0439 \u0440\u0443\u0447\u043a\u0438 \u0441 \u043d\u0430\u043a\u0430\u0442\u043a\u043e\u0439<\/p>\n<\/li>\n<li class=\"\" data-start=\"2423\" data-end=\"2487\">\n<p class=\"\" data-start=\"2425\" data-end=\"2487\"> \u0418\u0434\u0435\u0430\u043b\u044c\u043d\u043e \u043f\u043e\u0434\u0445\u043e\u0434\u0438\u0442 \u0434\u043b\u044f \u0431\u044b\u0441\u0442\u0440\u043e\u0439 \u0440\u0435\u0433\u0443\u043b\u0438\u0440\u043e\u0432\u043a\u0438, \u0431\u043b\u043e\u043a\u0438\u0440\u043e\u0432\u043a\u0438 \u0438 \u043a\u043e\u043d\u0442\u0440\u043e\u043b\u044f \u043c\u0435\u0441\u0442\u043e\u043f\u043e\u043b\u043e\u0436\u0435\u043d\u0438\u044f<\/p>\n<\/li>\n<li class=\"\" data-start=\"2488\" data-end=\"2554\">\n<p class=\"\" data-start=\"2490\" data-end=\"2554\"> \u041e\u043f\u0446\u0438\u043e\u043d\u0430\u043b\u044c\u043d\u043e \u0434\u043e\u0441\u0442\u0443\u043f\u043d\u044b \u0444\u0443\u043d\u043a\u0446\u0438\u044f \u0431\u043b\u043e\u043a\u0438\u0440\u043e\u0432\u043a\u0438 \u0438 \u0442\u0438\u043f\u044b \u0448\u0442\u0438\u0444\u0442\u043e\u0432\u044b\u0445 \u0431\u0443\u0440\u0442\u0438\u043a\u043e\u0432<\/p>\n<\/li>\n<li class=\"\" data-start=\"2555\" data-end=\"2604\">\n<p class=\"\" data-start=\"2557\" data-end=\"2604\"> \u041f\u0440\u0438\u043d\u0438\u043c\u0430\u044e\u0442\u0441\u044f \u043d\u0435\u0441\u0442\u0430\u043d\u0434\u0430\u0440\u0442\u043d\u044b\u0435 \u0440\u0430\u0437\u043c\u0435\u0440\u044b \u0438 \u0442\u0438\u043f\u044b \u0440\u0435\u0437\u044c\u0431\u044b<\/p>\n<\/li>\n<\/ul>\n<hr class=\"\" data-start=\"2606\" data-end=\"2609\" \/>\n<h2 class=\"\" data-start=\"2611\" data-end=\"2638\">\u2705 \u0418\u043d\u0444\u043e\u0440\u043c\u0430\u0446\u0438\u044f \u0434\u043b\u044f \u0437\u0430\u043a\u0430\u0437\u0430<\/h2>\n<p class=\"\" data-start=\"2640\" data-end=\"2680\">\u041f\u0440\u0438 \u043e\u0442\u043f\u0440\u0430\u0432\u043a\u0435 \u0437\u0430\u043f\u0440\u043e\u0441\u0430, \u043f\u043e\u0436\u0430\u043b\u0443\u0439\u0441\u0442\u0430, \u0443\u043a\u0430\u0436\u0438\u0442\u0435:<\/p>\n<ul data-start=\"2681\" data-end=\"2836\">\n<li class=\"\" data-start=\"2681\" data-end=\"2707\">\n<p class=\"\" data-start=\"2683\" data-end=\"2707\">\u0420\u0430\u0437\u043c\u0435\u0440 \u0438 \u0434\u043b\u0438\u043d\u0430 \u0440\u0435\u0437\u044c\u0431\u044b<\/p>\n<\/li>\n<li class=\"\" data-start=\"2708\" data-end=\"2735\">\n<p class=\"\" data-start=\"2710\" data-end=\"2735\">\u0414\u0438\u0430\u043c\u0435\u0442\u0440 \u0438 \u0445\u043e\u0434 \u0448\u0442\u0438\u0444\u0442\u0430<\/p>\n<\/li>\n<li class=\"\" data-start=\"2736\" data-end=\"2788\">\n<p class=\"\" data-start=\"2738\" data-end=\"2788\">\u0422\u0438\u043f \u0440\u0443\u043a\u043e\u044f\u0442\u043a\u0438 (\u0441\u0442\u0430\u043d\u0434\u0430\u0440\u0442\u043d\u0430\u044f, \u0431\u043b\u043e\u043a\u0438\u0440\u0443\u044e\u0449\u0430\u044f, \u0430\u043b\u044e\u043c\u0438\u043d\u0438\u0435\u0432\u0430\u044f \u0438 \u0442.\u0434.)<\/p>\n<\/li>\n<li class=\"\" data-start=\"2789\" data-end=\"2801\">\n<p class=\"\" data-start=\"2791\" data-end=\"2801\">\u041a\u043e\u043b\u0438\u0447\u0435\u0441\u0442\u0432\u043e<\/p>\n<\/li>\n<li class=\"\" data-start=\"2802\" data-end=\"2836\">\n<p class=\"\" data-start=\"2804\" data-end=\"2836\">\u0427\u0435\u0440\u0442\u0435\u0436 \u0438\u043b\u0438 \u0444\u0430\u0439\u043b CAD, \u0435\u0441\u043b\u0438 \u0438\u043c\u0435\u0435\u0442\u0441\u044f<\/p>\n<\/li>\n<\/ul>","protected":false},"excerpt":{"rendered":"<p>\u0422\u043e\u0447\u043d\u043e\u0441\u0442\u044c <strong data-start=\"267\" data-end=\"293\">\u0440\u0435\u0437\u044c\u0431\u043e\u0432\u043e\u0439 \u0443\u043a\u0430\u0437\u0430\u0442\u0435\u043b\u044c\u043d\u044b\u0439 \u043f\u043b\u0443\u043d\u0436\u0435\u0440<\/strong> \u0441\u043e \u0448\u0442\u0438\u0444\u0442\u043e\u043c \u0438\u0437 \u043d\u0435\u0440\u0436\u0430\u0432\u0435\u044e\u0449\u0435\u0439 \u0441\u0442\u0430\u043b\u0438 \u0438 \u0440\u0443\u0447\u043a\u043e\u0439 \u0441 \u043d\u0430\u043a\u0430\u0442\u043a\u043e\u0439. \u0418\u0434\u0435\u0430\u043b\u044c\u043d\u043e \u043f\u043e\u0434\u0445\u043e\u0434\u0438\u0442 \u0434\u043b\u044f \u043c\u0435\u0445\u0430\u043d\u0438\u0447\u0435\u0441\u043a\u043e\u0439 \u0438\u043d\u0434\u0435\u043a\u0441\u0430\u0446\u0438\u0438, \u043f\u043e\u0437\u0438\u0446\u0438\u043e\u043d\u0438\u0440\u043e\u0432\u0430\u043d\u0438\u044f \u0438\u043b\u0438 \u0444\u0438\u043a\u0441\u0430\u0446\u0438\u0438. <strong data-start=\"408\" data-end=\"454\">\u041c\u0430\u0442\u0435\u0440\u0438\u0430\u043b \u0438 \u0440\u0430\u0437\u043c\u0435\u0440\u044b \u043c\u043e\u0433\u0443\u0442 \u0431\u044b\u0442\u044c \u0438\u0437\u0433\u043e\u0442\u043e\u0432\u043b\u0435\u043d\u044b \u043d\u0430 \u0437\u0430\u043a\u0430\u0437.<\/strong><\/p>","protected":false},"featured_media":1880,"comment_status":"open","ping_status":"closed","template":"","meta":{"site-sidebar-layout":"default","site-content-layout":"","ast-site-content-layout":"default","site-content-style":"default","site-sidebar-style":"default","ast-global-header-display":"","ast-banner-title-visibility":"","ast-main-header-display":"","ast-hfb-above-header-display":"","ast-hfb-below-header-display":"","ast-hfb-mobile-header-display":"","site-post-title":"","ast-breadcrumbs-content":"","ast-featured-img":"","footer-sml-layout":"","ast-disable-related-posts":"","theme-transparent-header-meta":"default","adv-header-id-meta":"","stick-header-meta":"","header-above-stick-meta":"","header-main-stick-meta":"","header-below-stick-meta":"","astra-migrate-meta-layouts":"set","ast-page-background-enabled":"default","ast-page-background-meta":{"desktop":{"background-color":"var(--ast-global-color-4)","background-image":"","background-repeat":"repeat","background-position":"center center","background-size":"auto","background-attachment":"scroll","background-type":"","background-media":"","overlay-type":"","overlay-color":"","overlay-opacity":"","overlay-gradient":""},"tablet":{"background-color":"","background-image":"","background-repeat":"repeat","background-position":"center center","background-size":"auto","background-attachment":"scroll","background-type":"","background-media":"","overlay-type":"","overlay-color":"","overlay-opacity":"","overlay-gradient":""},"mobile":{"background-color":"","background-image":"","background-repeat":"repeat","background-position":"center center","background-size":"auto","background-attachment":"scroll","background-type":"","background-media":"","overlay-type":"","overlay-color":"","overlay-opacity":"","overlay-gradient":""}},"ast-content-background-meta":{"desktop":{"background-color":"var(--ast-global-color-5)","background-image":"","background-repeat":"repeat","background-position":"center center","background-size":"auto","background-attachment":"scroll","background-type":"","background-media":"","overlay-type":"","overlay-color":"","overlay-opacity":"","overlay-gradient":""},"tablet":{"background-color":"var(--ast-global-color-5)","background-image":"","background-repeat":"repeat","background-position":"center center","background-size":"auto","background-attachment":"scroll","background-type":"","background-media":"","overlay-type":"","overlay-color":"","overlay-opacity":"","overlay-gradient":""},"mobile":{"background-color":"var(--ast-global-color-5)","background-image":"","background-repeat":"repeat","background-position":"center center","background-size":"auto","background-attachment":"scroll","background-type":"","background-media":"","overlay-type":"","overlay-color":"","overlay-opacity":"","overlay-gradient":""}}},"product_brand":[],"product_cat":[25],"product_tag":[],"class_list":{"0":"post-1879","1":"product","2":"type-product","3":"status-publish","4":"has-post-thumbnail","6":"product_cat-indexing-plunger","8":"first","9":"instock","10":"shipping-taxable","11":"product-type-simple"},"_links":{"self":[{"href":"https:\/\/www.sknfastener.com\/ru\/wp-json\/wp\/v2\/product\/1879","targetHints":{"allow":["GET"]}}],"collection":[{"href":"https:\/\/www.sknfastener.com\/ru\/wp-json\/wp\/v2\/product"}],"about":[{"href":"https:\/\/www.sknfastener.com\/ru\/wp-json\/wp\/v2\/types\/product"}],"replies":[{"embeddable":true,"href":"https:\/\/www.sknfastener.com\/ru\/wp-json\/wp\/v2\/comments?post=1879"}],"version-history":[{"count":1,"href":"https:\/\/www.sknfastener.com\/ru\/wp-json\/wp\/v2\/product\/1879\/revisions"}],"predecessor-version":[{"id":1886,"href":"https:\/\/www.sknfastener.com\/ru\/wp-json\/wp\/v2\/product\/1879\/revisions\/1886"}],"wp:featuredmedia":[{"embeddable":true,"href":"https:\/\/www.sknfastener.com\/ru\/wp-json\/wp\/v2\/media\/1880"}],"wp:attachment":[{"href":"https:\/\/www.sknfastener.com\/ru\/wp-json\/wp\/v2\/media?parent=1879"}],"wp:term":[{"taxonomy":"product_brand","embeddable":true,"href":"https:\/\/www.sknfastener.com\/ru\/wp-json\/wp\/v2\/product_brand?post=1879"},{"taxonomy":"product_cat","embeddable":true,"href":"https:\/\/www.sknfastener.com\/ru\/wp-json\/wp\/v2\/product_cat?post=1879"},{"taxonomy":"product_tag","embeddable":true,"href":"https:\/\/www.sknfastener.com\/ru\/wp-json\/wp\/v2\/product_tag?post=1879"}],"curies":[{"name":"wp","href":"https:\/\/api.w.org\/{rel}","templated":true}]}}